{"id":12477,"date":"2023-02-02T11:44:00","date_gmt":"2023-02-02T10:44:00","guid":{"rendered":"http:\/\/parcodolomitifriulane.it\/?page_id=12477"},"modified":"2023-03-03T10:16:55","modified_gmt":"2023-03-03T09:16:55","slug":"contatti-demergenza-in-caso-di-fauna-ferita","status":"publish","type":"page","link":"https:\/\/www.parcodolomitifriulane.it\/en\/natura\/contatti-demergenza-in-caso-di-fauna-ferita\/","title":{"rendered":"Contatti d&#8217;emergenza in caso di fauna ferita"},"content":{"rendered":"<div data-elementor-type=\"wp-page\" data-elementor-id=\"12477\" class=\"elementor elementor-12477\" data-elementor-post-type=\"page\">\n\t\t\t\t\t\t<section class=\"elementor-section elementor-top-section elementor-element elementor-element-cd533eb elementor-section-height-min-height elementor-section-full_width elementor-section-stretched elementor-section-height-default elementor-section-items-middle\" data-id=\"cd533eb\" data-element_type=\"section\" data-e-type=\"section\" data-settings=\"{&quot;background_background&quot;:&quot;classic&quot;,&quot;stretch_section&quot;:&quot;section-stretched&quot;}\">\n\t\t\t\t\t\t<div class=\"elementor-container elementor-column-gap-no\">\n\t\t\t\t\t<div class=\"elementor-column elementor-col-100 elementor-top-column elementor-element elementor-element-bf3b6b6\" data-id=\"bf3b6b6\" data-element_type=\"column\" data-e-type=\"column\">\n\t\t\t<div class=\"elementor-widget-wrap elementor-element-populated\">\n\t\t\t\t\t\t<div class=\"elementor-element elementor-element-6fd0523 elementor-widget elementor-widget-heading\" data-id=\"6fd0523\" data-element_type=\"widget\" data-e-type=\"widget\" data-widget_type=\"heading.default\">\n\t\t\t\t<div class=\"elementor-widget-container\">\n\t\t\t\t\t<h2 class=\"elementor-heading-title elementor-size-default\">Contatti d'emergenza in caso di fauna ferita<\/h2>\t\t\t\t<\/div>\n\t\t\t\t<\/div>\n\t\t\t\t<div class=\"elementor-element elementor-element-306b99c elementor-widget elementor-widget-pp-breadcrumbs\" data-id=\"306b99c\" data-element_type=\"widget\" data-e-type=\"widget\" data-settings=\"{&quot;breadcrumbs_type&quot;:&quot;yoast&quot;}\" data-widget_type=\"pp-breadcrumbs.default\">\n\t\t\t\t<div class=\"elementor-widget-container\">\n\t\t\t\t\t\t\t\t\t<div class=\"pp-breadcrumbs pp-breadcrumbs-yoast\">\n\t\t\t\t\t<p id=\"breadcrumbs\"><span><span><a href=\"https:\/\/www.parcodolomitifriulane.it\/en\/\">Home<\/a><\/span><\/span><\/p>\t\t\t\t<\/div>\n\t\t\t\t\t\t\t\t<\/div>\n\t\t\t\t<\/div>\n\t\t\t\t\t<\/div>\n\t\t<\/div>\n\t\t\t\t\t<\/div>\n\t\t<\/section>\n\t\t\t\t<section class=\"elementor-section elementor-top-section elementor-element elementor-element-89a4806 elementor-section-boxed elementor-section-height-default elementor-section-height-default\" data-id=\"89a4806\" data-element_type=\"section\" data-e-type=\"section\">\n\t\t\t\t\t\t<div class=\"elementor-container elementor-column-gap-default\">\n\t\t\t\t\t<div class=\"elementor-column elementor-col-100 elementor-top-column elementor-element elementor-element-fc97950\" data-id=\"fc97950\" data-element_type=\"column\" data-e-type=\"column\">\n\t\t\t<div class=\"elementor-widget-wrap elementor-element-populated\">\n\t\t\t\t\t\t<div class=\"elementor-element elementor-element-c5a9ffe elementor-widget elementor-widget-spacer\" data-id=\"c5a9ffe\" data-element_type=\"widget\" data-e-type=\"widget\" data-widget_type=\"spacer.default\">\n\t\t\t\t<div class=\"elementor-widget-container\">\n\t\t\t\t\t\t\t<div class=\"elementor-spacer\">\n\t\t\t<div class=\"elementor-spacer-inner\"><\/div>\n\t\t<\/div>\n\t\t\t\t\t\t<\/div>\n\t\t\t\t<\/div>\n\t\t\t\t<div class=\"elementor-element elementor-element-ae7973d elementor-widget elementor-widget-text-editor\" data-id=\"ae7973d\" data-element_type=\"widget\" data-e-type=\"widget\" data-widget_type=\"text-editor.default\">\n\t\t\t\t<div class=\"elementor-widget-container\">\n\t\t\t\t\t\t\t\t\t<p>Pur non essendo per fortuna un\u2019evenienza molto frequente a chiunque pu\u00f2 capitare di dover soccorrere un animale selvatico ferito. Ci sono delle norme di base da tenere presente:<\/p>\n<ul>\n<li>Se potete fatevi aiutare da personale esperto (Corpo Forestale, Agenti di Vigilanza, Guardie Venatorie o Zoofile, Veterinari, etc) almeno telefonicamente.<\/li>\n<li>Verificate che l&#8217;animale abbia veramente bisogno del vostro aiuto. Ad esempio i giovani di Allocco (uno dei pochi rapaci notturni con gli occhi blu) escono dal nido ancor prima di saper volare e vengono alimentati dai genitori nei pressi del nido. Se vi imbattete in un animale del genere nei mesi da febbraio a maggio NON raccoglietelo perch\u00e9 non ha bisogno del vostro aiuto.<\/li>\n<li>Muovetevi con calma. Gli animali selvatici non capiscono le nostre buone intenzioni, almeno inizialmente e pertanto anche se feriti tenderanno comunque a fuggire.<\/li>\n<li>Un rapace ferito, anche se non pi\u00f9 in grado di volare pu\u00f2 usare con notevole pericolosit\u00e0 gli artigli.&nbsp;<\/li>\n<li><span style=\"letter-spacing: 0px;\">Tutti i rapaci sono animali protetti e necessitano di cure particolari; Contattate gli enti sotto elencati e vi verranno fornite indicazioni precise per la consegna dell\u2019animale ferito.<\/span><br><\/li>\n<li>Non tentate di somministrare forzatamente cibo o farmaci che in molti casi producono effetti dannosi. I dosaggi ed i principi attivi somministrati ai rapaci non sono sempre gli stessi usati nella medicina dei nostri animali domestici.<\/li>\n<li>Non fate medicazioni di alcun tipo.<\/li>\n<li>Per qualsiasi altra difficolt\u00e0 usate il buon senso.<\/li>\n<\/ul>\n<p class=\"p1\"><span class=\"s1\"><b>Come comportarsi in caso di rinvenimento di fauna selvatica morta o ferita<\/b><\/span><\/p>\n<p class=\"p1\"><span class=\"s1\"><b>(Note dal <a href=\"https:\/\/www.regione.fvg.it\/rafvg\/cms\/RAFVG\/economia-imprese\/agricoltura-foreste\/foreste\/FOGLIA100\/\">sito<\/a> della Regione FVG )<\/b><\/span><\/p>\n<p class=\"p1\"><span class=\"s1\">Gli animali selvatici non vanno toccati, n\u00e9 spostati. Bisogna comunicare immediatamente il ritrovamento ai seguenti numeri:<\/span><\/p>\n<p class=\"p1\"><span class=\"s1\">\u2022 per il territorio dell&#8217;ex provincia di Udine gli operatori regionali dell\u2019Ispettorato Forestale e la ditta Dordolo, telefono di riferimento 800961969 (dalle ore 20:00 alle 8:00, sabato, domenica e festivit\u00e0 infrasettimanali solo in caso di interventi urgenti richiesti dalle Forze dell\u2019Ordine, VVF, CFR);<\/span><\/p>\n<p class=\"p1\"><span class=\"s1\">\u2022 per il territorio dell&#8217;ex provincia di Pordenone l\u2019azienda Borgo dei Bui telefono di riferimento 335 5636378 (dalle ore 20:00 alle 8:00, sabato, domenica e festivit\u00e0 infrasettimanali solo in caso di interventi urgenti richiesti dalle Forze dell\u2019Ordine, VVF, CFR);<\/span><\/p>\n<p class=\"p1\"><span class=\"s1\">\u2022 per il territorio dell&#8217;ex provincia di Trieste la ditta ARCA srl, telefono di riferimento 345 2556155 (operativo h 24);<\/span><\/p>\n<p class=\"p1\"><span class=\"s1\">\u2022 per il territorio dell&#8217;ex provincia di Gorizia :<\/span><\/p>\n<ul class=\"ul1\">\n<li class=\"li1\"><span class=\"s1\">&nbsp; dalle ore 8.00 alle 16.00 dei giorni feriali: Stazione forestale di Monfalcone (0481 960709 e 335 1313500) e Stazione forestale di Gorizia (0481 81288 e 335 1313497);<\/span><\/li>\n<li class=\"li1\"><span class=\"s1\">&nbsp;dalle ore 16.00 alle ore 20.00 giorni feriali: ARCA srl, telefono di riferimento 345 2556155<\/span><\/li>\n<li class=\"li1\"><span class=\"s1\">&nbsp;dalle ore 20:00 alle 8:00 giorni feriali, sabato, domenica e festivit\u00e0 infrasettimanali solo in caso di interventi urgenti richiesti dalle Forze dell\u2019Ordine, VVF, CFR): ARCA srl, telefono di riferimento 345 2556155.<\/span><\/li>\n<\/ul>\t\t\t\t\t\t\t\t<\/div>\n\t\t\t\t<\/div>\n\t\t\t\t<div class=\"elementor-element elementor-element-bde241c elementor-widget elementor-widget-spacer\" data-id=\"bde241c\" data-element_type=\"widget\" data-e-type=\"widget\" data-widget_type=\"spacer.default\">\n\t\t\t\t<div class=\"elementor-widget-container\">\n\t\t\t\t\t\t\t<div class=\"elementor-spacer\">\n\t\t\t<div class=\"elementor-spacer-inner\"><\/div>\n\t\t<\/div>\n\t\t\t\t\t\t<\/div>\n\t\t\t\t<\/div>\n\t\t\t\t\t<\/div>\n\t\t<\/div>\n\t\t\t\t\t<\/div>\n\t\t<\/section>\n\t\t\t\t<\/div>","protected":false},"excerpt":{"rendered":"<p>Contatti d&#8217;emergenza in caso di fauna ferita Home Pur non essendo per fortuna un\u2019evenienza molto frequente a chiunque pu\u00f2 capitare di dover soccorrere un animale selvatico<span class=\"excerpt-hellip\"> [\u2026]<\/span><\/p>\n","protected":false},"author":7,"featured_media":0,"parent":487,"menu_order":0,"comment_status":"closed","ping_status":"closed","template":"","meta":{"_acf_changed":false,"footnotes":""},"class_list":["post-12477","page","type-page","status-publish","hentry"],"acf":[],"yoast_head":"<!-- This site is optimized with the Yoast SEO plugin v27.3 - https:\/\/yoast.com\/product\/yoast-seo-wordpress\/ -->\n<title>Contatti d&#039;emergenza in caso di fauna ferita | Parco Dolomiti Friulane<\/title>\n<meta name=\"robots\" content=\"index, follow, max-snippet:-1, max-image-preview:large, max-video-preview:-1\" \/>\n<link rel=\"canonical\" href=\"https:\/\/www.parcodolomitifriulane.it\/en\/natura\/contatti-demergenza-in-caso-di-fauna-ferita\/\" \/>\n<meta property=\"og:locale\" content=\"en_GB\" \/>\n<meta property=\"og:type\" content=\"article\" \/>\n<meta property=\"og:title\" content=\"Contatti d&#039;emergenza in caso di fauna ferita | Parco Dolomiti Friulane\" \/>\n<meta property=\"og:description\" content=\"Contatti d&#8217;emergenza in caso di fauna ferita Home Pur non essendo per fortuna un\u2019evenienza molto frequente a chiunque pu\u00f2 capitare di dover soccorrere un animale selvatico [\u2026]\" \/>\n<meta property=\"og:url\" content=\"https:\/\/www.parcodolomitifriulane.it\/en\/natura\/contatti-demergenza-in-caso-di-fauna-ferita\/\" \/>\n<meta property=\"og:site_name\" content=\"Parco Dolomiti Friulane\" \/>\n<meta property=\"article:publisher\" content=\"https:\/\/www.facebook.com\/dolomitifriulane\" \/>\n<meta property=\"article:modified_time\" content=\"2023-03-03T09:16:55+00:00\" \/>\n<meta property=\"og:image\" content=\"https:\/\/www.parcodolomitifriulane.it\/wp-content\/uploads\/2022\/12\/Campanile-Val-Montanaia.jpg\" \/>\n\t<meta property=\"og:image:width\" content=\"1800\" \/>\n\t<meta property=\"og:image:height\" content=\"1200\" \/>\n\t<meta property=\"og:image:type\" content=\"image\/jpeg\" \/>\n<meta name=\"twitter:card\" content=\"summary_large_image\" \/>\n<meta name=\"twitter:site\" content=\"@parcoDF\" \/>\n<meta name=\"twitter:label1\" content=\"Estimated reading time\" \/>\n\t<meta name=\"twitter:data1\" content=\"3 minutes\" \/>\n<script type=\"application\/ld+json\" class=\"yoast-schema-graph\">{\"@context\":\"https:\\\/\\\/schema.org\",\"@graph\":[{\"@type\":\"WebPage\",\"@id\":\"https:\\\/\\\/www.parcodolomitifriulane.it\\\/natura\\\/contatti-demergenza-in-caso-di-fauna-ferita\\\/\",\"url\":\"https:\\\/\\\/www.parcodolomitifriulane.it\\\/natura\\\/contatti-demergenza-in-caso-di-fauna-ferita\\\/\",\"name\":\"Contatti d'emergenza in caso di fauna ferita | Parco Dolomiti Friulane\",\"isPartOf\":{\"@id\":\"https:\\\/\\\/www.parcodolomitifriulane.it\\\/#website\"},\"datePublished\":\"2023-02-02T10:44:00+00:00\",\"dateModified\":\"2023-03-03T09:16:55+00:00\",\"breadcrumb\":{\"@id\":\"https:\\\/\\\/www.parcodolomitifriulane.it\\\/natura\\\/contatti-demergenza-in-caso-di-fauna-ferita\\\/#breadcrumb\"},\"inLanguage\":\"en-GB\",\"potentialAction\":[{\"@type\":\"ReadAction\",\"target\":[\"https:\\\/\\\/www.parcodolomitifriulane.it\\\/natura\\\/contatti-demergenza-in-caso-di-fauna-ferita\\\/\"]}]},{\"@type\":\"BreadcrumbList\",\"@id\":\"https:\\\/\\\/www.parcodolomitifriulane.it\\\/natura\\\/contatti-demergenza-in-caso-di-fauna-ferita\\\/#breadcrumb\",\"itemListElement\":[{\"@type\":\"ListItem\",\"position\":1,\"name\":\"Home\",\"item\":\"https:\\\/\\\/www.parcodolomitifriulane.it\\\/\"},{\"@type\":\"ListItem\",\"position\":2,\"name\":\"Natura\",\"item\":\"https:\\\/\\\/www.parcodolomitifriulane.it\\\/natura\\\/\"},{\"@type\":\"ListItem\",\"position\":3,\"name\":\"Contatti d&#8217;emergenza in caso di fauna ferita\"}]},{\"@type\":\"WebSite\",\"@id\":\"https:\\\/\\\/www.parcodolomitifriulane.it\\\/#website\",\"url\":\"https:\\\/\\\/www.parcodolomitifriulane.it\\\/\",\"name\":\"Parco Dolomiti Friulane\",\"description\":\"Tutto Straordinariamente Emoz\",\"publisher\":{\"@id\":\"https:\\\/\\\/www.parcodolomitifriulane.it\\\/#organization\"},\"potentialAction\":[{\"@type\":\"SearchAction\",\"target\":{\"@type\":\"EntryPoint\",\"urlTemplate\":\"https:\\\/\\\/www.parcodolomitifriulane.it\\\/?s={search_term_string}\"},\"query-input\":{\"@type\":\"PropertyValueSpecification\",\"valueRequired\":true,\"valueName\":\"search_term_string\"}}],\"inLanguage\":\"en-GB\"},{\"@type\":\"Organization\",\"@id\":\"https:\\\/\\\/www.parcodolomitifriulane.it\\\/#organization\",\"name\":\"Parco Dolomiti Friulane\",\"url\":\"https:\\\/\\\/www.parcodolomitifriulane.it\\\/\",\"logo\":{\"@type\":\"ImageObject\",\"inLanguage\":\"en-GB\",\"@id\":\"https:\\\/\\\/www.parcodolomitifriulane.it\\\/#\\\/schema\\\/logo\\\/image\\\/\",\"url\":\"https:\\\/\\\/www.parcodolomitifriulane.it\\\/wp-content\\\/uploads\\\/2022\\\/06\\\/cropped-logo-1.png\",\"contentUrl\":\"https:\\\/\\\/www.parcodolomitifriulane.it\\\/wp-content\\\/uploads\\\/2022\\\/06\\\/cropped-logo-1.png\",\"width\":4685,\"height\":2773,\"caption\":\"Parco Dolomiti Friulane\"},\"image\":{\"@id\":\"https:\\\/\\\/www.parcodolomitifriulane.it\\\/#\\\/schema\\\/logo\\\/image\\\/\"},\"sameAs\":[\"https:\\\/\\\/www.facebook.com\\\/dolomitifriulane\",\"https:\\\/\\\/x.com\\\/parcoDF\",\"https:\\\/\\\/www.instagram.com\\\/dolomitifriulane\\\/\",\"https:\\\/\\\/www.youtube.com\\\/user\\\/DOLOMITIFRIULANEPARK\"]}]}<\/script>\n<!-- \/ Yoast SEO plugin. -->","yoast_head_json":{"title":"Contatti d'emergenza in caso di fauna ferita | Parco Dolomiti Friulane","robots":{"index":"index","follow":"follow","max-snippet":"max-snippet:-1","max-image-preview":"max-image-preview:large","max-video-preview":"max-video-preview:-1"},"canonical":"https:\/\/www.parcodolomitifriulane.it\/en\/natura\/contatti-demergenza-in-caso-di-fauna-ferita\/","og_locale":"en_GB","og_type":"article","og_title":"Contatti d'emergenza in caso di fauna ferita | Parco Dolomiti Friulane","og_description":"Contatti d&#8217;emergenza in caso di fauna ferita Home Pur non essendo per fortuna un\u2019evenienza molto frequente a chiunque pu\u00f2 capitare di dover soccorrere un animale selvatico [\u2026]","og_url":"https:\/\/www.parcodolomitifriulane.it\/en\/natura\/contatti-demergenza-in-caso-di-fauna-ferita\/","og_site_name":"Parco Dolomiti Friulane","article_publisher":"https:\/\/www.facebook.com\/dolomitifriulane","article_modified_time":"2023-03-03T09:16:55+00:00","og_image":[{"width":1800,"height":1200,"url":"https:\/\/www.parcodolomitifriulane.it\/wp-content\/uploads\/2022\/12\/Campanile-Val-Montanaia.jpg","type":"image\/jpeg"}],"twitter_card":"summary_large_image","twitter_site":"@parcoDF","twitter_misc":{"Estimated reading time":"3 minutes"},"schema":{"@context":"https:\/\/schema.org","@graph":[{"@type":"WebPage","@id":"https:\/\/www.parcodolomitifriulane.it\/natura\/contatti-demergenza-in-caso-di-fauna-ferita\/","url":"https:\/\/www.parcodolomitifriulane.it\/natura\/contatti-demergenza-in-caso-di-fauna-ferita\/","name":"Contatti d'emergenza in caso di fauna ferita | Parco Dolomiti Friulane","isPartOf":{"@id":"https:\/\/www.parcodolomitifriulane.it\/#website"},"datePublished":"2023-02-02T10:44:00+00:00","dateModified":"2023-03-03T09:16:55+00:00","breadcrumb":{"@id":"https:\/\/www.parcodolomitifriulane.it\/natura\/contatti-demergenza-in-caso-di-fauna-ferita\/#breadcrumb"},"inLanguage":"en-GB","potentialAction":[{"@type":"ReadAction","target":["https:\/\/www.parcodolomitifriulane.it\/natura\/contatti-demergenza-in-caso-di-fauna-ferita\/"]}]},{"@type":"BreadcrumbList","@id":"https:\/\/www.parcodolomitifriulane.it\/natura\/contatti-demergenza-in-caso-di-fauna-ferita\/#breadcrumb","itemListElement":[{"@type":"ListItem","position":1,"name":"Home","item":"https:\/\/www.parcodolomitifriulane.it\/"},{"@type":"ListItem","position":2,"name":"Natura","item":"https:\/\/www.parcodolomitifriulane.it\/natura\/"},{"@type":"ListItem","position":3,"name":"Contatti d&#8217;emergenza in caso di fauna ferita"}]},{"@type":"WebSite","@id":"https:\/\/www.parcodolomitifriulane.it\/#website","url":"https:\/\/www.parcodolomitifriulane.it\/","name":"Parco Dolomiti Friulane","description":"Tutto Straordinariamente Emoz","publisher":{"@id":"https:\/\/www.parcodolomitifriulane.it\/#organization"},"potentialAction":[{"@type":"SearchAction","target":{"@type":"EntryPoint","urlTemplate":"https:\/\/www.parcodolomitifriulane.it\/?s={search_term_string}"},"query-input":{"@type":"PropertyValueSpecification","valueRequired":true,"valueName":"search_term_string"}}],"inLanguage":"en-GB"},{"@type":"Organization","@id":"https:\/\/www.parcodolomitifriulane.it\/#organization","name":"Parco Dolomiti Friulane","url":"https:\/\/www.parcodolomitifriulane.it\/","logo":{"@type":"ImageObject","inLanguage":"en-GB","@id":"https:\/\/www.parcodolomitifriulane.it\/#\/schema\/logo\/image\/","url":"https:\/\/www.parcodolomitifriulane.it\/wp-content\/uploads\/2022\/06\/cropped-logo-1.png","contentUrl":"https:\/\/www.parcodolomitifriulane.it\/wp-content\/uploads\/2022\/06\/cropped-logo-1.png","width":4685,"height":2773,"caption":"Parco Dolomiti Friulane"},"image":{"@id":"https:\/\/www.parcodolomitifriulane.it\/#\/schema\/logo\/image\/"},"sameAs":["https:\/\/www.facebook.com\/dolomitifriulane","https:\/\/x.com\/parcoDF","https:\/\/www.instagram.com\/dolomitifriulane\/","https:\/\/www.youtube.com\/user\/DOLOMITIFRIULANEPARK"]}]}},"_links":{"self":[{"href":"https:\/\/www.parcodolomitifriulane.it\/en\/wp-json\/wp\/v2\/pages\/12477","targetHints":{"allow":["GET"]}}],"collection":[{"href":"https:\/\/www.parcodolomitifriulane.it\/en\/wp-json\/wp\/v2\/pages"}],"about":[{"href":"https:\/\/www.parcodolomitifriulane.it\/en\/wp-json\/wp\/v2\/types\/page"}],"author":[{"embeddable":true,"href":"https:\/\/www.parcodolomitifriulane.it\/en\/wp-json\/wp\/v2\/users\/7"}],"replies":[{"embeddable":true,"href":"https:\/\/www.parcodolomitifriulane.it\/en\/wp-json\/wp\/v2\/comments?post=12477"}],"version-history":[{"count":0,"href":"https:\/\/www.parcodolomitifriulane.it\/en\/wp-json\/wp\/v2\/pages\/12477\/revisions"}],"up":[{"embeddable":true,"href":"https:\/\/www.parcodolomitifriulane.it\/en\/wp-json\/wp\/v2\/pages\/487"}],"wp:attachment":[{"href":"https:\/\/www.parcodolomitifriulane.it\/en\/wp-json\/wp\/v2\/media?parent=12477"}],"curies":[{"name":"wp","href":"https:\/\/api.w.org\/{rel}","templated":true}]}}