{"id":13551,"date":"2023-02-17T12:51:13","date_gmt":"2023-02-17T11:51:13","guid":{"rendered":"http:\/\/parcodolomitifriulane.it\/?page_id=13551"},"modified":"2023-06-06T18:56:08","modified_gmt":"2023-06-06T16:56:08","slug":"scheda-rapaci-ricoverati","status":"publish","type":"page","link":"https:\/\/www.parcodolomitifriulane.it\/en\/natura\/studi-e-ricerche\/centro-di-recupero-rapaci\/scheda-rapaci-ricoverati\/","title":{"rendered":"Scheda rapaci ricoverati"},"content":{"rendered":"<div data-elementor-type=\"wp-page\" data-elementor-id=\"13551\" class=\"elementor elementor-13551\" data-elementor-post-type=\"page\">\n\t\t\t\t\t\t<section class=\"elementor-section elementor-top-section elementor-element elementor-element-a9f0b99 elementor-section-full_width elementor-section-height-min-height elementor-section-items-stretch elementor-section-stretched elementor-section-height-default elementor-invisible\" data-id=\"a9f0b99\" data-element_type=\"section\" data-e-type=\"section\" data-settings=\"{&quot;stretch_section&quot;:&quot;section-stretched&quot;,&quot;animation&quot;:&quot;fadeIn&quot;}\">\n\t\t\t\t\t\t<div class=\"elementor-container elementor-column-gap-no\">\n\t\t\t\t\t<div class=\"elementor-column elementor-col-100 elementor-top-column elementor-element elementor-element-cfbd697\" data-id=\"cfbd697\" data-element_type=\"column\" data-e-type=\"column\" data-settings=\"{&quot;background_background&quot;:&quot;classic&quot;}\">\n\t\t\t<div class=\"elementor-widget-wrap elementor-element-populated\">\n\t\t\t\t\t\t<section class=\"elementor-section elementor-inner-section elementor-element elementor-element-c361f54 elementor-section-content-middle elementor-section-boxed elementor-section-height-default elementor-section-height-default\" data-id=\"c361f54\" data-element_type=\"section\" data-e-type=\"section\">\n\t\t\t\t\t\t<div class=\"elementor-container elementor-column-gap-no\">\n\t\t\t\t\t<div class=\"elementor-column elementor-col-100 elementor-inner-column elementor-element elementor-element-483db68\" data-id=\"483db68\" data-element_type=\"column\" data-e-type=\"column\">\n\t\t\t<div class=\"elementor-widget-wrap elementor-element-populated\">\n\t\t\t\t\t\t<div class=\"elementor-element elementor-element-0209d51 elementor-widget elementor-widget-heading\" data-id=\"0209d51\" data-element_type=\"widget\" data-e-type=\"widget\" data-widget_type=\"heading.default\">\n\t\t\t\t<div class=\"elementor-widget-container\">\n\t\t\t\t\t<h1 class=\"elementor-heading-title elementor-size-default\">SCHEDE RAPACI RICOVERATI\n<\/h1>\t\t\t\t<\/div>\n\t\t\t\t<\/div>\n\t\t\t\t<div class=\"elementor-element elementor-element-c25ac74 elementor-widget elementor-widget-pp-breadcrumbs\" data-id=\"c25ac74\" data-element_type=\"widget\" data-e-type=\"widget\" data-settings=\"{&quot;breadcrumbs_type&quot;:&quot;yoast&quot;}\" data-widget_type=\"pp-breadcrumbs.default\">\n\t\t\t\t<div class=\"elementor-widget-container\">\n\t\t\t\t\t\t\t\t\t<div class=\"pp-breadcrumbs pp-breadcrumbs-yoast\">\n\t\t\t\t\t<p id=\"breadcrumbs\"><span><span><a href=\"https:\/\/www.parcodolomitifriulane.it\/en\/\">Home<\/a><\/span><\/span><\/p>\t\t\t\t<\/div>\n\t\t\t\t\t\t\t\t<\/div>\n\t\t\t\t<\/div>\n\t\t\t\t\t<\/div>\n\t\t<\/div>\n\t\t\t\t\t<\/div>\n\t\t<\/section>\n\t\t\t\t\t<\/div>\n\t\t<\/div>\n\t\t\t\t\t<\/div>\n\t\t<\/section>\n\t\t\t\t<section class=\"elementor-section elementor-top-section elementor-element elementor-element-dc8e48a elementor-section-boxed elementor-section-height-default elementor-section-height-default elementor-invisible\" data-id=\"dc8e48a\" data-element_type=\"section\" data-e-type=\"section\" data-settings=\"{&quot;animation&quot;:&quot;fadeIn&quot;}\">\n\t\t\t\t\t\t<div class=\"elementor-container elementor-column-gap-default\">\n\t\t\t\t\t<div class=\"elementor-column elementor-col-100 elementor-top-column elementor-element elementor-element-1c3e344\" data-id=\"1c3e344\" data-element_type=\"column\" data-e-type=\"column\">\n\t\t\t<div class=\"elementor-widget-wrap elementor-element-populated\">\n\t\t\t\t\t\t<div class=\"elementor-element elementor-element-c837443 elementor-widget elementor-widget-spacer\" data-id=\"c837443\" data-element_type=\"widget\" data-e-type=\"widget\" data-widget_type=\"spacer.default\">\n\t\t\t\t<div class=\"elementor-widget-container\">\n\t\t\t\t\t\t\t<div class=\"elementor-spacer\">\n\t\t\t<div class=\"elementor-spacer-inner\"><\/div>\n\t\t<\/div>\n\t\t\t\t\t\t<\/div>\n\t\t\t\t<\/div>\n\t\t\t\t<div class=\"elementor-element elementor-element-3fdd036 elementor-widget elementor-widget-text-editor\" data-id=\"3fdd036\" data-element_type=\"widget\" data-e-type=\"widget\" data-widget_type=\"text-editor.default\">\n\t\t\t\t<div class=\"elementor-widget-container\">\n\t\t\t\t\t\t\t\t\t<h2>ALLOCCO<\/h2><p><img fetchpriority=\"high\" decoding=\"async\" class=\"wp-image-353 alignnone\" src=\"https:\/\/www.parcodolomitifriulane.it\/wp-content\/uploads\/2015\/06\/allocco.jpg\" alt=\"allocco\" width=\"351\" height=\"248\" \/><\/p><ul><li><strong>Length<\/strong>\u00a035-40 cm<\/li><li><strong>Apertura alare:<\/strong>\u00a090-100 cm<\/li><\/ul><p><strong>Weight<\/strong><\/p><ul><li><strong>Weight: 80 \u2013 200 kg<\/strong>\u00a0300 \u2013 500 gr.<\/li><li><strong>Femmina:<\/strong>\u00a0400 \u2013 650 gr.<\/li><\/ul><p>Come tutti i rapaci notturni l\u2019allocco \u00e8 caratterizzato da occhi grandi che denotano acutezza visiva anche in caso di visibilit\u00e0 critiche; piumaggio soffice e tarsi piumati per azzerare i rumori nelle azioni di caccia; disco facciale che concentra i suoni prodotti dalle prede sui condotti uditivi, facilitando l\u2019individuazione delle stesse.<\/p><p><strong>Cause pi\u00f9 frequenti di ferimento<\/strong>: Come gran parte dei rapaci notturni, \u00e8 spesso vittima del traffico di strada. Non raramente capita che i nidiacei di questa specie, ancora inetti al volo, camminino fuori dal nido e vengano raccolti dai passanti perch\u00e8 creduti feriti.<\/p><h2>THE GOLDEN EAGLE<\/h2><p><img decoding=\"async\" class=\"wp-image-282  alignnone\" src=\"https:\/\/www.parcodolomitifriulane.it\/wp-content\/uploads\/2015\/06\/Antonio-Borgo-126-400x288.jpg\" sizes=\"(max-width: 351px) 100vw, 351px\" srcset=\"https:\/\/www.parcodolomitifriulane.it\/wp-content\/uploads\/2015\/06\/Antonio-Borgo-126-400x288.jpg 400w, https:\/\/www.parcodolomitifriulane.it\/wp-content\/uploads\/2015\/06\/Antonio-Borgo-126-1024x738.jpg 1024w\" alt=\"Aquila\" width=\"351\" height=\"252\" \/><\/p><ul><li><strong>Length<\/strong>\u00a080-90 cm<\/li><li class=\"translation-block\">Wingspan: 210 cm<\/li><li><strong>Weight\u00a0<\/strong>3000-6000 gr.<\/li><\/ul><p>L\u2019aquila reale \u00e8 il simbolo del Parco delle Dolomiti Friulane, dove \u00e8 ben distribuita. Ama i luoghi aperti, come le praterie alpine, dove caccia le sue prede, ed i gruppi montuosi pi\u00f9 inaccessibili. Si distingue, quando vola, per la sproporzione tra l\u2019apertura alare e le dimensioni del corpo e per la testa e la coda ben evidenti.<\/p><p><strong>Cause pi\u00f9 frequenti di ferimento<\/strong>: L\u2019esemplare di Andreis \u00e8 stato ferito da un colpo di arma da fuoco.<\/p><h2>SPARVIERE<\/h2><p><img decoding=\"async\" class=\"wp-image-369  alignnone\" src=\"https:\/\/www.parcodolomitifriulane.it\/wp-content\/uploads\/2015\/06\/rapaci_sparviere.jpg\" alt=\"Sparviere\" width=\"350\" height=\"247\" \/><\/p><p><strong>Length<\/strong><\/p><ul><li><strong>Maschio<\/strong>:\u00a025 cm<\/li><li><strong>Femmina:<\/strong>\u00a038 cm<\/li><\/ul><p><strong>Apertura alare:<\/strong><\/p><ul><li><strong>Weight: 80 \u2013 200 kg<\/strong>\u00a053 cm<\/li><li><strong>Femmina:<\/strong>\u00a080 cm<\/li><\/ul><p><strong>Weight<\/strong><\/p><ul><li><strong>Weight: 80 \u2013 200 kg<\/strong>\u00a0167 gr.<\/li><li><strong>Femmina:<\/strong>\u00a0250 gr.<\/li><\/ul><p>Va ricordata la sua somiglianza con l\u2019Astore. Grazie alle loro differenti dimensioni (l\u2019Astore \u00e8 molto pi\u00f9 grande) occupano nel bosco nicchie trofiche diverse: cio\u00e8 si nutrono entrambi di uccelli ma di grandezze differenti.<br \/><strong>Cause pi\u00f9 frequenti di ferimento<\/strong>: Gli urti contro strutture costruite dall\u2019uomo (recinzioni in fili di ferro pressoch\u00e8 invisibili, barriere in vetro o plexiglas) ne fanno la specie che pi\u00f9 di ogni altra riporta traumi da urto.<\/p><h2>GHEPPIO<\/h2><p><img loading=\"lazy\" decoding=\"async\" class=\"wp-image-373 alignnone\" src=\"https:\/\/www.parcodolomitifriulane.it\/wp-content\/uploads\/2015\/06\/rapaci_gheppio.jpg\" alt=\"Gheppio\" width=\"350\" height=\"247\" \/><\/p><ul><li><strong>Length<\/strong>\u00a030-35 cm<\/li><li><strong>Apertura alare:<\/strong>\u00a070-80 cm<\/li><li><strong>Weight\u00a0<\/strong>110-270\u00a0gr.<\/li><\/ul><p>Maschi e femmine presentano un evidente dicronismo, cio\u00e8 la femmina \u00e8 nocciola screziata di macchie scure, mentre il maschio ha la testa e le timoniere grigie. Uno degli aspetti che pi\u00f9 caratterizza questa specie \u00e8 la tecnica di caccia, chiamata \u201cspirito santo\u201d. Battendo le ali contro vento l\u2019animale resta sospeso nell\u2019aria, stazionando pi\u00f9 o meno a lungo nello stesso punto. Nel frattempo osserva il suolo sottostante cercando le prede. Quando ne individua una si lancia su di essa a capofitto.<\/p><p><strong>Cause pi\u00f9 frequenti di ferimento<\/strong>: La corrente elettrica dei cavi sostenuti da strutture di diverso tipo (tralici, pali, ecc\u2026) che l\u2019animale pu\u00f2 usare per riposarsi, sembrerebbe la maggior responsabile di inabilit\u00e0 per questa specie.<\/p><h2>POIANA<\/h2><p><img loading=\"lazy\" decoding=\"async\" class=\"wp-image-376 alignnone\" src=\"https:\/\/www.parcodolomitifriulane.it\/wp-content\/uploads\/2015\/06\/rapaci_poiana.jpg\" alt=\"Poiana\" width=\"350\" height=\"247\" \/><\/p><ul><li><strong>Length<\/strong>\u00a050 cm<\/li><li><strong>Apertura alare:<\/strong>\u00a0110 cm<\/li><li><strong>Weight\u00a0<\/strong>800-1200\u00a0gr.<\/li><\/ul><p>Anche per una poiana, del resto come tutti i falconiformi, la femmina \u00e8 pi\u00f9 grande del maschio. Uno degli aspetti caratteristici di questa specie l\u2019abitudine di starsene comodamente appollaiata sui pali telefonici e simili, lungo strade e autostrade, da cui pratica la caccia da appostamento: appena scorge una preda si butta per catturarla.<\/p><p><strong>Cause pi\u00f9 frequenti di ferimento<\/strong>: E\u2019 la specie che pi\u00f9 di ogni altra subisce le \u201cire\u201d dei cacciatori meno sensibili a causa della sua dieta che, di tanto in tanto, comprende piccole lepri e fagiani.<\/p><h2>FALCO PELLEGRINO<\/h2><p><img loading=\"lazy\" decoding=\"async\" class=\"wp-image-379 alignnone\" src=\"https:\/\/www.parcodolomitifriulane.it\/wp-content\/uploads\/2015\/06\/pellegrino.jpg\" alt=\"Falco pellegrino\" width=\"351\" height=\"242\" \/><\/p><ul><li><strong>Length<\/strong>\u00a036-48 cm<\/li><li><strong>Apertura alare:<\/strong>\u00a095-110 cm<\/li><li><strong>Weight\u00a0<\/strong>280-1300\u00a0gr.<\/li><\/ul><p>Ha una conformazione adatta al volo veloce, che sfrutta per lanciarsi come un \u201csiluro\u201d a 300 km\/h sulle sue prede preferite costituite d altri uccelli, che vengono urtati violentemente in volo e feriti con gli artigli. Negli anni \u201960, questo falco sub\u00ec un calo notevole in molte regioni del pianeta, a causa dell\u2019uso di sostanze tossiche come il DDT che veniva assimilato attraverso le prede intossicate. Il problema si presentava quando il falco pellegrino deponeva le uova, che si formavano con un guscio talmente sottile da rompersi sotto il ventre della femmina.<br \/><strong>Cause pi\u00f9 frequenti di ferimento<\/strong>: Pu\u00f2 capitare che falchi come questi incorrano in urti violenti contro strutture naturali o artificiali.<\/p><h2>ASTORE<\/h2><p><img loading=\"lazy\" decoding=\"async\" class=\"wp-image-381 alignnone\" src=\"https:\/\/www.parcodolomitifriulane.it\/wp-content\/uploads\/2015\/06\/astore-400x300.jpg\" sizes=\"(max-width: 351px) 100vw, 351px\" srcset=\"https:\/\/www.parcodolomitifriulane.it\/wp-content\/uploads\/2015\/06\/astore-400x300.jpg 400w, https:\/\/www.parcodolomitifriulane.it\/wp-content\/uploads\/2015\/06\/astore.jpg 1024w\" alt=\"Astore\" width=\"351\" height=\"263\" \/><\/p><p><strong>Length<\/strong><\/p><ul><li><strong>Weight: 80 \u2013 200 kg<\/strong>\u00a035-40 cm<\/li><li><strong>Femmina:<\/strong>\u00a050-60 cm<\/li><\/ul><p><strong>Apertura alare:<\/strong><\/p><ul><li><strong>Weight: 80 \u2013 200 kg<\/strong>\u00a066-80 cm<\/li><li><strong>Femmina:<\/strong>\u00a0100-120 cm<\/li><\/ul><p><strong>Weight<\/strong><\/p><ul><li><strong>Weight: 80 \u2013 200 kg<\/strong>\u00a0660-1000 gr.<\/li><li><strong>Femmina:<\/strong>\u00a01000-1500gr.<\/li><\/ul><p>Ha una conformazione adatta al volo veloce, che sfrutta per lanciarsi come un \u201csiluro\u201d a 300 km\/h sulle sue prede preferite costituite d altri uccelli, che vengono urtati violentemente in volo e feriti con gli artigli. Negli anni \u201960, questo falco sub\u00ec un calo notevole in molte regioni del pianeta, a causa dell\u2019uso di sostanze tossiche come il DDT che veniva assimilato attraverso le prede intossicate. Il problema si presentava quando il falco pellegrino deponeva le uova, che si formavano con un guscio talmente sottile da rompersi sotto il ventre della femmina.<\/p><p><strong>Cause pi\u00f9 frequenti di ferimento<\/strong>: Pu\u00f2 capitare che falchi come questi incorrano in urti violenti contro strutture naturali o artificiali.<\/p>\t\t\t\t\t\t\t\t<\/div>\n\t\t\t\t<\/div>\n\t\t\t\t<div class=\"elementor-element elementor-element-3f035fc elementor-widget elementor-widget-heading\" data-id=\"3f035fc\" data-element_type=\"widget\" data-e-type=\"widget\" data-widget_type=\"heading.default\">\n\t\t\t\t<div class=\"elementor-widget-container\">\n\t\t\t\t\t<h3 class=\"elementor-heading-title elementor-size-default\"><a href=\"https:\/\/www.parcodolomitifriulane.it\/en\/natura\/contatti-demergenza-in-caso-di-fauna-ferita\/\">Come comportarsi in caso di rinvenimento di fauna selvatica morta o ferita<\/a><\/h3>\t\t\t\t<\/div>\n\t\t\t\t<\/div>\n\t\t\t\t<div class=\"elementor-element elementor-element-5dbccc8 elementor-widget elementor-widget-spacer\" data-id=\"5dbccc8\" data-element_type=\"widget\" data-e-type=\"widget\" data-widget_type=\"spacer.default\">\n\t\t\t\t<div class=\"elementor-widget-container\">\n\t\t\t\t\t\t\t<div class=\"elementor-spacer\">\n\t\t\t<div class=\"elementor-spacer-inner\"><\/div>\n\t\t<\/div>\n\t\t\t\t\t\t<\/div>\n\t\t\t\t<\/div>\n\t\t\t\t\t<\/div>\n\t\t<\/div>\n\t\t\t\t\t<\/div>\n\t\t<\/section>\n\t\t\t\t<\/div>","protected":false},"excerpt":{"rendered":"<p>SCHEDE RAPACI RICOVERATI Home ALLOCCO Lunghezza:\u00a035-40 cm Apertura alare:\u00a090-100 cm Peso: Maschio:\u00a0300 \u2013 500 gr. Femmina:\u00a0400 \u2013 650 gr. Come tutti i rapaci notturni l\u2019allocco \u00e8<span class=\"excerpt-hellip\"> [\u2026]<\/span><\/p>\n","protected":false},"author":7,"featured_media":0,"parent":10211,"menu_order":1,"comment_status":"closed","ping_status":"closed","template":"","meta":{"_acf_changed":false,"footnotes":""},"class_list":["post-13551","page","type-page","status-publish","hentry"],"acf":[],"yoast_head":"<!-- This site is optimized with the Yoast SEO plugin v27.3 - https:\/\/yoast.com\/product\/yoast-seo-wordpress\/ -->\n<title>Scheda rapaci ricoverati | Parco Dolomiti Friulane<\/title>\n<meta name=\"robots\" content=\"index, follow, max-snippet:-1, max-image-preview:large, max-video-preview:-1\" \/>\n<link rel=\"canonical\" href=\"https:\/\/www.parcodolomitifriulane.it\/en\/natura\/studi-e-ricerche\/centro-di-recupero-rapaci\/scheda-rapaci-ricoverati\/\" \/>\n<meta property=\"og:locale\" content=\"en_GB\" \/>\n<meta property=\"og:type\" content=\"article\" \/>\n<meta property=\"og:title\" content=\"Scheda rapaci ricoverati | Parco Dolomiti Friulane\" \/>\n<meta property=\"og:description\" content=\"SCHEDE RAPACI RICOVERATI Home ALLOCCO Lunghezza:\u00a035-40 cm Apertura alare:\u00a090-100 cm Peso: Maschio:\u00a0300 \u2013 500 gr. Femmina:\u00a0400 \u2013 650 gr. Come tutti i rapaci notturni l\u2019allocco \u00e8 [\u2026]\" \/>\n<meta property=\"og:url\" content=\"https:\/\/www.parcodolomitifriulane.it\/en\/natura\/studi-e-ricerche\/centro-di-recupero-rapaci\/scheda-rapaci-ricoverati\/\" \/>\n<meta property=\"og:site_name\" content=\"Parco Dolomiti Friulane\" \/>\n<meta property=\"article:publisher\" content=\"https:\/\/www.facebook.com\/dolomitifriulane\" \/>\n<meta property=\"article:modified_time\" content=\"2023-06-06T16:56:08+00:00\" \/>\n<meta property=\"og:image\" content=\"https:\/\/www.parcodolomitifriulane.it\/wp-content\/uploads\/2015\/06\/allocco.jpg\" \/>\n<meta name=\"twitter:card\" content=\"summary_large_image\" \/>\n<meta name=\"twitter:site\" content=\"@parcoDF\" \/>\n<meta name=\"twitter:label1\" content=\"Estimated reading time\" \/>\n\t<meta name=\"twitter:data1\" content=\"6 minutes\" \/>\n<script type=\"application\/ld+json\" class=\"yoast-schema-graph\">{\"@context\":\"https:\\\/\\\/schema.org\",\"@graph\":[{\"@type\":\"WebPage\",\"@id\":\"https:\\\/\\\/www.parcodolomitifriulane.it\\\/natura\\\/studi-e-ricerche\\\/centro-di-recupero-rapaci\\\/scheda-rapaci-ricoverati\\\/\",\"url\":\"https:\\\/\\\/www.parcodolomitifriulane.it\\\/natura\\\/studi-e-ricerche\\\/centro-di-recupero-rapaci\\\/scheda-rapaci-ricoverati\\\/\",\"name\":\"Scheda rapaci ricoverati | Parco Dolomiti Friulane\",\"isPartOf\":{\"@id\":\"https:\\\/\\\/www.parcodolomitifriulane.it\\\/#website\"},\"primaryImageOfPage\":{\"@id\":\"https:\\\/\\\/www.parcodolomitifriulane.it\\\/natura\\\/studi-e-ricerche\\\/centro-di-recupero-rapaci\\\/scheda-rapaci-ricoverati\\\/#primaryimage\"},\"image\":{\"@id\":\"https:\\\/\\\/www.parcodolomitifriulane.it\\\/natura\\\/studi-e-ricerche\\\/centro-di-recupero-rapaci\\\/scheda-rapaci-ricoverati\\\/#primaryimage\"},\"thumbnailUrl\":\"https:\\\/\\\/www.parcodolomitifriulane.it\\\/wp-content\\\/uploads\\\/2015\\\/06\\\/allocco.jpg\",\"datePublished\":\"2023-02-17T11:51:13+00:00\",\"dateModified\":\"2023-06-06T16:56:08+00:00\",\"breadcrumb\":{\"@id\":\"https:\\\/\\\/www.parcodolomitifriulane.it\\\/natura\\\/studi-e-ricerche\\\/centro-di-recupero-rapaci\\\/scheda-rapaci-ricoverati\\\/#breadcrumb\"},\"inLanguage\":\"en-GB\",\"potentialAction\":[{\"@type\":\"ReadAction\",\"target\":[\"https:\\\/\\\/www.parcodolomitifriulane.it\\\/natura\\\/studi-e-ricerche\\\/centro-di-recupero-rapaci\\\/scheda-rapaci-ricoverati\\\/\"]}]},{\"@type\":\"ImageObject\",\"inLanguage\":\"en-GB\",\"@id\":\"https:\\\/\\\/www.parcodolomitifriulane.it\\\/natura\\\/studi-e-ricerche\\\/centro-di-recupero-rapaci\\\/scheda-rapaci-ricoverati\\\/#primaryimage\",\"url\":\"https:\\\/\\\/www.parcodolomitifriulane.it\\\/wp-content\\\/uploads\\\/2015\\\/06\\\/allocco.jpg\",\"contentUrl\":\"https:\\\/\\\/www.parcodolomitifriulane.it\\\/wp-content\\\/uploads\\\/2015\\\/06\\\/allocco.jpg\"},{\"@type\":\"BreadcrumbList\",\"@id\":\"https:\\\/\\\/www.parcodolomitifriulane.it\\\/natura\\\/studi-e-ricerche\\\/centro-di-recupero-rapaci\\\/scheda-rapaci-ricoverati\\\/#breadcrumb\",\"itemListElement\":[{\"@type\":\"ListItem\",\"position\":1,\"name\":\"Home\",\"item\":\"https:\\\/\\\/www.parcodolomitifriulane.it\\\/\"},{\"@type\":\"ListItem\",\"position\":2,\"name\":\"Natura\",\"item\":\"https:\\\/\\\/www.parcodolomitifriulane.it\\\/natura\\\/\"},{\"@type\":\"ListItem\",\"position\":3,\"name\":\"Studi e ricerche\",\"item\":\"https:\\\/\\\/www.parcodolomitifriulane.it\\\/natura\\\/studi-e-ricerche\\\/\"},{\"@type\":\"ListItem\",\"position\":4,\"name\":\"Centro di recupero rapaci\",\"item\":\"https:\\\/\\\/www.parcodolomitifriulane.it\\\/natura\\\/studi-e-ricerche\\\/centro-di-recupero-rapaci\\\/\"},{\"@type\":\"ListItem\",\"position\":5,\"name\":\"Scheda rapaci ricoverati\"}]},{\"@type\":\"WebSite\",\"@id\":\"https:\\\/\\\/www.parcodolomitifriulane.it\\\/#website\",\"url\":\"https:\\\/\\\/www.parcodolomitifriulane.it\\\/\",\"name\":\"Parco Dolomiti Friulane\",\"description\":\"Tutto Straordinariamente Emoz\",\"publisher\":{\"@id\":\"https:\\\/\\\/www.parcodolomitifriulane.it\\\/#organization\"},\"potentialAction\":[{\"@type\":\"SearchAction\",\"target\":{\"@type\":\"EntryPoint\",\"urlTemplate\":\"https:\\\/\\\/www.parcodolomitifriulane.it\\\/?s={search_term_string}\"},\"query-input\":{\"@type\":\"PropertyValueSpecification\",\"valueRequired\":true,\"valueName\":\"search_term_string\"}}],\"inLanguage\":\"en-GB\"},{\"@type\":\"Organization\",\"@id\":\"https:\\\/\\\/www.parcodolomitifriulane.it\\\/#organization\",\"name\":\"Parco Dolomiti Friulane\",\"url\":\"https:\\\/\\\/www.parcodolomitifriulane.it\\\/\",\"logo\":{\"@type\":\"ImageObject\",\"inLanguage\":\"en-GB\",\"@id\":\"https:\\\/\\\/www.parcodolomitifriulane.it\\\/#\\\/schema\\\/logo\\\/image\\\/\",\"url\":\"https:\\\/\\\/www.parcodolomitifriulane.it\\\/wp-content\\\/uploads\\\/2022\\\/06\\\/cropped-logo-1.png\",\"contentUrl\":\"https:\\\/\\\/www.parcodolomitifriulane.it\\\/wp-content\\\/uploads\\\/2022\\\/06\\\/cropped-logo-1.png\",\"width\":4685,\"height\":2773,\"caption\":\"Parco Dolomiti Friulane\"},\"image\":{\"@id\":\"https:\\\/\\\/www.parcodolomitifriulane.it\\\/#\\\/schema\\\/logo\\\/image\\\/\"},\"sameAs\":[\"https:\\\/\\\/www.facebook.com\\\/dolomitifriulane\",\"https:\\\/\\\/x.com\\\/parcoDF\",\"https:\\\/\\\/www.instagram.com\\\/dolomitifriulane\\\/\",\"https:\\\/\\\/www.youtube.com\\\/user\\\/DOLOMITIFRIULANEPARK\"]}]}<\/script>\n<!-- \/ Yoast SEO plugin. -->","yoast_head_json":{"title":"Scheda rapaci ricoverati | Parco Dolomiti Friulane","robots":{"index":"index","follow":"follow","max-snippet":"max-snippet:-1","max-image-preview":"max-image-preview:large","max-video-preview":"max-video-preview:-1"},"canonical":"https:\/\/www.parcodolomitifriulane.it\/en\/natura\/studi-e-ricerche\/centro-di-recupero-rapaci\/scheda-rapaci-ricoverati\/","og_locale":"en_GB","og_type":"article","og_title":"Scheda rapaci ricoverati | Parco Dolomiti Friulane","og_description":"SCHEDE RAPACI RICOVERATI Home ALLOCCO Lunghezza:\u00a035-40 cm Apertura alare:\u00a090-100 cm Peso: Maschio:\u00a0300 \u2013 500 gr. Femmina:\u00a0400 \u2013 650 gr. Come tutti i rapaci notturni l\u2019allocco \u00e8 [\u2026]","og_url":"https:\/\/www.parcodolomitifriulane.it\/en\/natura\/studi-e-ricerche\/centro-di-recupero-rapaci\/scheda-rapaci-ricoverati\/","og_site_name":"Parco Dolomiti Friulane","article_publisher":"https:\/\/www.facebook.com\/dolomitifriulane","article_modified_time":"2023-06-06T16:56:08+00:00","og_image":[{"url":"https:\/\/www.parcodolomitifriulane.it\/wp-content\/uploads\/2015\/06\/allocco.jpg","type":"","width":"","height":""}],"twitter_card":"summary_large_image","twitter_site":"@parcoDF","twitter_misc":{"Estimated reading time":"6 minutes"},"schema":{"@context":"https:\/\/schema.org","@graph":[{"@type":"WebPage","@id":"https:\/\/www.parcodolomitifriulane.it\/natura\/studi-e-ricerche\/centro-di-recupero-rapaci\/scheda-rapaci-ricoverati\/","url":"https:\/\/www.parcodolomitifriulane.it\/natura\/studi-e-ricerche\/centro-di-recupero-rapaci\/scheda-rapaci-ricoverati\/","name":"Scheda rapaci ricoverati | Parco Dolomiti Friulane","isPartOf":{"@id":"https:\/\/www.parcodolomitifriulane.it\/#website"},"primaryImageOfPage":{"@id":"https:\/\/www.parcodolomitifriulane.it\/natura\/studi-e-ricerche\/centro-di-recupero-rapaci\/scheda-rapaci-ricoverati\/#primaryimage"},"image":{"@id":"https:\/\/www.parcodolomitifriulane.it\/natura\/studi-e-ricerche\/centro-di-recupero-rapaci\/scheda-rapaci-ricoverati\/#primaryimage"},"thumbnailUrl":"https:\/\/www.parcodolomitifriulane.it\/wp-content\/uploads\/2015\/06\/allocco.jpg","datePublished":"2023-02-17T11:51:13+00:00","dateModified":"2023-06-06T16:56:08+00:00","breadcrumb":{"@id":"https:\/\/www.parcodolomitifriulane.it\/natura\/studi-e-ricerche\/centro-di-recupero-rapaci\/scheda-rapaci-ricoverati\/#breadcrumb"},"inLanguage":"en-GB","potentialAction":[{"@type":"ReadAction","target":["https:\/\/www.parcodolomitifriulane.it\/natura\/studi-e-ricerche\/centro-di-recupero-rapaci\/scheda-rapaci-ricoverati\/"]}]},{"@type":"ImageObject","inLanguage":"en-GB","@id":"https:\/\/www.parcodolomitifriulane.it\/natura\/studi-e-ricerche\/centro-di-recupero-rapaci\/scheda-rapaci-ricoverati\/#primaryimage","url":"https:\/\/www.parcodolomitifriulane.it\/wp-content\/uploads\/2015\/06\/allocco.jpg","contentUrl":"https:\/\/www.parcodolomitifriulane.it\/wp-content\/uploads\/2015\/06\/allocco.jpg"},{"@type":"BreadcrumbList","@id":"https:\/\/www.parcodolomitifriulane.it\/natura\/studi-e-ricerche\/centro-di-recupero-rapaci\/scheda-rapaci-ricoverati\/#breadcrumb","itemListElement":[{"@type":"ListItem","position":1,"name":"Home","item":"https:\/\/www.parcodolomitifriulane.it\/"},{"@type":"ListItem","position":2,"name":"Natura","item":"https:\/\/www.parcodolomitifriulane.it\/natura\/"},{"@type":"ListItem","position":3,"name":"Studi e ricerche","item":"https:\/\/www.parcodolomitifriulane.it\/natura\/studi-e-ricerche\/"},{"@type":"ListItem","position":4,"name":"Centro di recupero rapaci","item":"https:\/\/www.parcodolomitifriulane.it\/natura\/studi-e-ricerche\/centro-di-recupero-rapaci\/"},{"@type":"ListItem","position":5,"name":"Scheda rapaci ricoverati"}]},{"@type":"WebSite","@id":"https:\/\/www.parcodolomitifriulane.it\/#website","url":"https:\/\/www.parcodolomitifriulane.it\/","name":"Parco Dolomiti Friulane","description":"Tutto Straordinariamente Emoz","publisher":{"@id":"https:\/\/www.parcodolomitifriulane.it\/#organization"},"potentialAction":[{"@type":"SearchAction","target":{"@type":"EntryPoint","urlTemplate":"https:\/\/www.parcodolomitifriulane.it\/?s={search_term_string}"},"query-input":{"@type":"PropertyValueSpecification","valueRequired":true,"valueName":"search_term_string"}}],"inLanguage":"en-GB"},{"@type":"Organization","@id":"https:\/\/www.parcodolomitifriulane.it\/#organization","name":"Parco Dolomiti Friulane","url":"https:\/\/www.parcodolomitifriulane.it\/","logo":{"@type":"ImageObject","inLanguage":"en-GB","@id":"https:\/\/www.parcodolomitifriulane.it\/#\/schema\/logo\/image\/","url":"https:\/\/www.parcodolomitifriulane.it\/wp-content\/uploads\/2022\/06\/cropped-logo-1.png","contentUrl":"https:\/\/www.parcodolomitifriulane.it\/wp-content\/uploads\/2022\/06\/cropped-logo-1.png","width":4685,"height":2773,"caption":"Parco Dolomiti Friulane"},"image":{"@id":"https:\/\/www.parcodolomitifriulane.it\/#\/schema\/logo\/image\/"},"sameAs":["https:\/\/www.facebook.com\/dolomitifriulane","https:\/\/x.com\/parcoDF","https:\/\/www.instagram.com\/dolomitifriulane\/","https:\/\/www.youtube.com\/user\/DOLOMITIFRIULANEPARK"]}]}},"_links":{"self":[{"href":"https:\/\/www.parcodolomitifriulane.it\/en\/wp-json\/wp\/v2\/pages\/13551","targetHints":{"allow":["GET"]}}],"collection":[{"href":"https:\/\/www.parcodolomitifriulane.it\/en\/wp-json\/wp\/v2\/pages"}],"about":[{"href":"https:\/\/www.parcodolomitifriulane.it\/en\/wp-json\/wp\/v2\/types\/page"}],"author":[{"embeddable":true,"href":"https:\/\/www.parcodolomitifriulane.it\/en\/wp-json\/wp\/v2\/users\/7"}],"replies":[{"embeddable":true,"href":"https:\/\/www.parcodolomitifriulane.it\/en\/wp-json\/wp\/v2\/comments?post=13551"}],"version-history":[{"count":0,"href":"https:\/\/www.parcodolomitifriulane.it\/en\/wp-json\/wp\/v2\/pages\/13551\/revisions"}],"up":[{"embeddable":true,"href":"https:\/\/www.parcodolomitifriulane.it\/en\/wp-json\/wp\/v2\/pages\/10211"}],"wp:attachment":[{"href":"https:\/\/www.parcodolomitifriulane.it\/en\/wp-json\/wp\/v2\/media?parent=13551"}],"curies":[{"name":"wp","href":"https:\/\/api.w.org\/{rel}","templated":true}]}}