{"id":14782,"date":"2023-03-17T12:35:05","date_gmt":"2023-03-17T11:35:05","guid":{"rendered":"http:\/\/parcodolomitifriulane.it\/?page_id=14782"},"modified":"2023-09-22T17:35:41","modified_gmt":"2023-09-22T15:35:41","slug":"servizi-di-promozione-sociale","status":"publish","type":"page","link":"https:\/\/www.parcodolomitifriulane.it\/en\/ente-parco\/marchio-qualita\/elenco-aziende-marchio-qualita\/servizi-di-promozione-sociale\/","title":{"rendered":"Servizi di promozione sociale"},"content":{"rendered":"<h1>SERVIZI DI PROMOZIONE SOCIALE<\/h1>\n<p id=\"breadcrumbs\"><a href=\"https:\/\/www.parcodolomitifriulane.it\/en\/\">Home<\/a><\/p>\n<p>\t\t\t\t\t\t\t\t\t\t\t\t\t\t\t<img loading=\"lazy\" decoding=\"async\" width=\"187\" height=\"187\" src=\"https:\/\/www.parcodolomitifriulane.it\/wp-content\/uploads\/2022\/05\/icona_marchio_qualita.jpg\" alt=\"\" srcset=\"https:\/\/www.parcodolomitifriulane.it\/wp-content\/uploads\/2022\/05\/icona_marchio_qualita.jpg 187w, https:\/\/www.parcodolomitifriulane.it\/wp-content\/uploads\/2022\/05\/icona_marchio_qualita-150x150.jpg 150w, https:\/\/www.parcodolomitifriulane.it\/wp-content\/uploads\/2022\/05\/icona_marchio_qualita-146x146.jpg 146w, https:\/\/www.parcodolomitifriulane.it\/wp-content\/uploads\/2022\/05\/icona_marchio_qualita-50x50.jpg 50w, https:\/\/www.parcodolomitifriulane.it\/wp-content\/uploads\/2022\/05\/icona_marchio_qualita-75x75.jpg 75w, https:\/\/www.parcodolomitifriulane.it\/wp-content\/uploads\/2022\/05\/icona_marchio_qualita-85x85.jpg 85w, https:\/\/www.parcodolomitifriulane.it\/wp-content\/uploads\/2022\/05\/icona_marchio_qualita-80x80.jpg 80w\" sizes=\"auto, (max-width:767px) 187px, 187px\" \/>\t\t\t\t\t\t\t\t\t\t\t\t\t\t\t<\/p>\n<h1>LE NOSTRE AZIENDE TARGATE MARCHIO QUALIT\u00c0 PARCO NATURALE DOLOMITI FRIULANE<\/h1>\n<p>The Park Quality Brand is an identification project, started with ISO 14001 certification obtained in 2009 and the EMAS registration in 2012, to spread the philosophy of environmental quality, involving the economic and social fabric. The project rewards companies which meet environmental protection requirements, create a connection with the territory and adhere to the Park\u2019s culture, allowing the use of the Park logo.<\/p>\n<p>VUOI FARE PARTE ANCHE TU DELLE AZIENDE MARCHIO QUALITA\u2019 PARCO DOLOMITI FRIULANE?<br \/>COME FARE A RICHIEDERE IL MARCHIO?<\/p>\n<p>\t\t\t<a href=\"https:\/\/www.parcodolomitifriulane.it\/en\/ente-parco\/marchio-qualita\/\"><br \/>\n\t\t\t\t\t\tFIND OUT MORE<br \/>\n\t\t\t\t\t<\/a><\/p>\n<h1>SERVIZI DI PROMOZIONE SOCIALE<\/h1>\n<p>\t\t\t<a href=\"https:\/\/www.parcodolomitifriulane.it\/en\/marchio-qualita\/associazione-di-promozione-sociale-tredimensioni-ets\/\" title=\"ASSOCIAZIONE DI PROMOZIONE SOCIALE TREDIMENSIONI ETS\"><br \/>\n\t\t\t\t<img loading=\"lazy\" decoding=\"async\" width=\"340\" height=\"300\" src=\"https:\/\/www.parcodolomitifriulane.it\/wp-content\/uploads\/2022\/12\/3dimok1.jpg\" alt=\"\" \/>\t\t\t<\/a><\/p>\n<h2>\n\t\t\t\t<a href=\"https:\/\/www.parcodolomitifriulane.it\/en\/marchio-qualita\/associazione-di-promozione-sociale-tredimensioni-ets\/\">ASSOCIAZIONE DI PROMOZIONE SOCIALE TREDIMENSIONI ETS<\/a>\t\t\t<\/h2>","protected":false},"excerpt":{"rendered":"<p>SERVIZI DI PROMOZIONE SOCIALE Home LE NOSTRE AZIENDE TARGATE MARCHIO QUALIT\u00c0 PARCO NATURALE DOLOMITI FRIULANE Il marchio qualit\u00e0 Parco \u00e8 un progetto di identificazione, avviato con<span class=\"excerpt-hellip\"> [\u2026]<\/span><\/p>\n","protected":false},"author":7,"featured_media":0,"parent":10826,"menu_order":1,"comment_status":"closed","ping_status":"closed","template":"","meta":{"_acf_changed":false,"footnotes":""},"class_list":["post-14782","page","type-page","status-publish","hentry"],"acf":[],"yoast_head":"<!-- This site is optimized with the Yoast SEO plugin v27.4 - https:\/\/yoast.com\/product\/yoast-seo-wordpress\/ -->\n<title>Servizi di promozione sociale | Parco Dolomiti Friulane<\/title>\n<meta name=\"robots\" content=\"index, follow, max-snippet:-1, max-image-preview:large, max-video-preview:-1\" \/>\n<link rel=\"canonical\" href=\"https:\/\/www.parcodolomitifriulane.it\/en\/ente-parco\/marchio-qualita\/elenco-aziende-marchio-qualita\/servizi-di-promozione-sociale\/\" \/>\n<meta property=\"og:locale\" content=\"en_GB\" \/>\n<meta property=\"og:type\" content=\"article\" \/>\n<meta property=\"og:title\" content=\"Servizi di promozione sociale | Parco Dolomiti Friulane\" \/>\n<meta property=\"og:description\" content=\"SERVIZI DI PROMOZIONE SOCIALE Home LE NOSTRE AZIENDE TARGATE MARCHIO QUALIT\u00c0 PARCO NATURALE DOLOMITI FRIULANE Il marchio qualit\u00e0 Parco \u00e8 un progetto di identificazione, avviato con [\u2026]\" \/>\n<meta property=\"og:url\" content=\"https:\/\/www.parcodolomitifriulane.it\/en\/ente-parco\/marchio-qualita\/elenco-aziende-marchio-qualita\/servizi-di-promozione-sociale\/\" \/>\n<meta property=\"og:site_name\" content=\"Parco Dolomiti Friulane\" \/>\n<meta property=\"article:publisher\" content=\"https:\/\/www.facebook.com\/dolomitifriulane\" \/>\n<meta property=\"article:modified_time\" content=\"2023-09-22T15:35:41+00:00\" \/>\n<meta property=\"og:image\" content=\"https:\/\/www.parcodolomitifriulane.it\/wp-content\/uploads\/2022\/05\/icona_marchio_qualita.jpg\" \/>\n<meta name=\"twitter:card\" content=\"summary_large_image\" \/>\n<meta name=\"twitter:site\" content=\"@parcoDF\" \/>\n<meta name=\"twitter:label1\" content=\"Estimated reading time\" \/>\n\t<meta name=\"twitter:data1\" content=\"2 minutes\" \/>\n<script type=\"application\/ld+json\" class=\"yoast-schema-graph\">{\"@context\":\"https:\\\/\\\/schema.org\",\"@graph\":[{\"@type\":\"WebPage\",\"@id\":\"https:\\\/\\\/www.parcodolomitifriulane.it\\\/ente-parco\\\/marchio-qualita\\\/elenco-aziende-marchio-qualita\\\/servizi-di-promozione-sociale\\\/\",\"url\":\"https:\\\/\\\/www.parcodolomitifriulane.it\\\/ente-parco\\\/marchio-qualita\\\/elenco-aziende-marchio-qualita\\\/servizi-di-promozione-sociale\\\/\",\"name\":\"Servizi di promozione sociale | Parco Dolomiti Friulane\",\"isPartOf\":{\"@id\":\"https:\\\/\\\/www.parcodolomitifriulane.it\\\/#website\"},\"primaryImageOfPage\":{\"@id\":\"https:\\\/\\\/www.parcodolomitifriulane.it\\\/ente-parco\\\/marchio-qualita\\\/elenco-aziende-marchio-qualita\\\/servizi-di-promozione-sociale\\\/#primaryimage\"},\"image\":{\"@id\":\"https:\\\/\\\/www.parcodolomitifriulane.it\\\/ente-parco\\\/marchio-qualita\\\/elenco-aziende-marchio-qualita\\\/servizi-di-promozione-sociale\\\/#primaryimage\"},\"thumbnailUrl\":\"https:\\\/\\\/www.parcodolomitifriulane.it\\\/wp-content\\\/uploads\\\/2022\\\/05\\\/icona_marchio_qualita.jpg\",\"datePublished\":\"2023-03-17T11:35:05+00:00\",\"dateModified\":\"2023-09-22T15:35:41+00:00\",\"breadcrumb\":{\"@id\":\"https:\\\/\\\/www.parcodolomitifriulane.it\\\/ente-parco\\\/marchio-qualita\\\/elenco-aziende-marchio-qualita\\\/servizi-di-promozione-sociale\\\/#breadcrumb\"},\"inLanguage\":\"en-GB\",\"potentialAction\":[{\"@type\":\"ReadAction\",\"target\":[\"https:\\\/\\\/www.parcodolomitifriulane.it\\\/ente-parco\\\/marchio-qualita\\\/elenco-aziende-marchio-qualita\\\/servizi-di-promozione-sociale\\\/\"]}]},{\"@type\":\"ImageObject\",\"inLanguage\":\"en-GB\",\"@id\":\"https:\\\/\\\/www.parcodolomitifriulane.it\\\/ente-parco\\\/marchio-qualita\\\/elenco-aziende-marchio-qualita\\\/servizi-di-promozione-sociale\\\/#primaryimage\",\"url\":\"https:\\\/\\\/www.parcodolomitifriulane.it\\\/wp-content\\\/uploads\\\/2022\\\/05\\\/icona_marchio_qualita.jpg\",\"contentUrl\":\"https:\\\/\\\/www.parcodolomitifriulane.it\\\/wp-content\\\/uploads\\\/2022\\\/05\\\/icona_marchio_qualita.jpg\"},{\"@type\":\"BreadcrumbList\",\"@id\":\"https:\\\/\\\/www.parcodolomitifriulane.it\\\/ente-parco\\\/marchio-qualita\\\/elenco-aziende-marchio-qualita\\\/servizi-di-promozione-sociale\\\/#breadcrumb\",\"itemListElement\":[{\"@type\":\"ListItem\",\"position\":1,\"name\":\"Home\",\"item\":\"https:\\\/\\\/www.parcodolomitifriulane.it\\\/\"},{\"@type\":\"ListItem\",\"position\":2,\"name\":\"Ente Parco\",\"item\":\"https:\\\/\\\/www.parcodolomitifriulane.it\\\/ente-parco\\\/\"},{\"@type\":\"ListItem\",\"position\":3,\"name\":\"Marchio Qualit\u00e0\",\"item\":\"https:\\\/\\\/www.parcodolomitifriulane.it\\\/ente-parco\\\/marchio-qualita\\\/\"},{\"@type\":\"ListItem\",\"position\":4,\"name\":\"Elenco aziende Marchio Qualit\u00e0\",\"item\":\"https:\\\/\\\/www.parcodolomitifriulane.it\\\/ente-parco\\\/marchio-qualita\\\/elenco-aziende-marchio-qualita\\\/\"},{\"@type\":\"ListItem\",\"position\":5,\"name\":\"Servizi di promozione sociale\"}]},{\"@type\":\"WebSite\",\"@id\":\"https:\\\/\\\/www.parcodolomitifriulane.it\\\/#website\",\"url\":\"https:\\\/\\\/www.parcodolomitifriulane.it\\\/\",\"name\":\"Parco Dolomiti Friulane\",\"description\":\"Tutto Straordinariamente Emoz\",\"publisher\":{\"@id\":\"https:\\\/\\\/www.parcodolomitifriulane.it\\\/#organization\"},\"potentialAction\":[{\"@type\":\"SearchAction\",\"target\":{\"@type\":\"EntryPoint\",\"urlTemplate\":\"https:\\\/\\\/www.parcodolomitifriulane.it\\\/?s={search_term_string}\"},\"query-input\":{\"@type\":\"PropertyValueSpecification\",\"valueRequired\":true,\"valueName\":\"search_term_string\"}}],\"inLanguage\":\"en-GB\"},{\"@type\":\"Organization\",\"@id\":\"https:\\\/\\\/www.parcodolomitifriulane.it\\\/#organization\",\"name\":\"Parco Dolomiti Friulane\",\"url\":\"https:\\\/\\\/www.parcodolomitifriulane.it\\\/\",\"logo\":{\"@type\":\"ImageObject\",\"inLanguage\":\"en-GB\",\"@id\":\"https:\\\/\\\/www.parcodolomitifriulane.it\\\/#\\\/schema\\\/logo\\\/image\\\/\",\"url\":\"https:\\\/\\\/www.parcodolomitifriulane.it\\\/wp-content\\\/uploads\\\/2022\\\/06\\\/cropped-logo-1.png\",\"contentUrl\":\"https:\\\/\\\/www.parcodolomitifriulane.it\\\/wp-content\\\/uploads\\\/2022\\\/06\\\/cropped-logo-1.png\",\"width\":4685,\"height\":2773,\"caption\":\"Parco Dolomiti Friulane\"},\"image\":{\"@id\":\"https:\\\/\\\/www.parcodolomitifriulane.it\\\/#\\\/schema\\\/logo\\\/image\\\/\"},\"sameAs\":[\"https:\\\/\\\/www.facebook.com\\\/dolomitifriulane\",\"https:\\\/\\\/x.com\\\/parcoDF\",\"https:\\\/\\\/www.instagram.com\\\/dolomitifriulane\\\/\",\"https:\\\/\\\/www.youtube.com\\\/user\\\/DOLOMITIFRIULANEPARK\"]}]}<\/script>\n<!-- \/ Yoast SEO plugin. -->","yoast_head_json":{"title":"Servizi di promozione sociale | Parco Dolomiti Friulane","robots":{"index":"index","follow":"follow","max-snippet":"max-snippet:-1","max-image-preview":"max-image-preview:large","max-video-preview":"max-video-preview:-1"},"canonical":"https:\/\/www.parcodolomitifriulane.it\/en\/ente-parco\/marchio-qualita\/elenco-aziende-marchio-qualita\/servizi-di-promozione-sociale\/","og_locale":"en_GB","og_type":"article","og_title":"Servizi di promozione sociale | Parco Dolomiti Friulane","og_description":"SERVIZI DI PROMOZIONE SOCIALE Home LE NOSTRE AZIENDE TARGATE MARCHIO QUALIT\u00c0 PARCO NATURALE DOLOMITI FRIULANE Il marchio qualit\u00e0 Parco \u00e8 un progetto di identificazione, avviato con [\u2026]","og_url":"https:\/\/www.parcodolomitifriulane.it\/en\/ente-parco\/marchio-qualita\/elenco-aziende-marchio-qualita\/servizi-di-promozione-sociale\/","og_site_name":"Parco Dolomiti Friulane","article_publisher":"https:\/\/www.facebook.com\/dolomitifriulane","article_modified_time":"2023-09-22T15:35:41+00:00","og_image":[{"url":"https:\/\/www.parcodolomitifriulane.it\/wp-content\/uploads\/2022\/05\/icona_marchio_qualita.jpg","type":"","width":"","height":""}],"twitter_card":"summary_large_image","twitter_site":"@parcoDF","twitter_misc":{"Estimated reading time":"2 minutes"},"schema":{"@context":"https:\/\/schema.org","@graph":[{"@type":"WebPage","@id":"https:\/\/www.parcodolomitifriulane.it\/ente-parco\/marchio-qualita\/elenco-aziende-marchio-qualita\/servizi-di-promozione-sociale\/","url":"https:\/\/www.parcodolomitifriulane.it\/ente-parco\/marchio-qualita\/elenco-aziende-marchio-qualita\/servizi-di-promozione-sociale\/","name":"Servizi di promozione sociale | Parco Dolomiti Friulane","isPartOf":{"@id":"https:\/\/www.parcodolomitifriulane.it\/#website"},"primaryImageOfPage":{"@id":"https:\/\/www.parcodolomitifriulane.it\/ente-parco\/marchio-qualita\/elenco-aziende-marchio-qualita\/servizi-di-promozione-sociale\/#primaryimage"},"image":{"@id":"https:\/\/www.parcodolomitifriulane.it\/ente-parco\/marchio-qualita\/elenco-aziende-marchio-qualita\/servizi-di-promozione-sociale\/#primaryimage"},"thumbnailUrl":"https:\/\/www.parcodolomitifriulane.it\/wp-content\/uploads\/2022\/05\/icona_marchio_qualita.jpg","datePublished":"2023-03-17T11:35:05+00:00","dateModified":"2023-09-22T15:35:41+00:00","breadcrumb":{"@id":"https:\/\/www.parcodolomitifriulane.it\/ente-parco\/marchio-qualita\/elenco-aziende-marchio-qualita\/servizi-di-promozione-sociale\/#breadcrumb"},"inLanguage":"en-GB","potentialAction":[{"@type":"ReadAction","target":["https:\/\/www.parcodolomitifriulane.it\/ente-parco\/marchio-qualita\/elenco-aziende-marchio-qualita\/servizi-di-promozione-sociale\/"]}]},{"@type":"ImageObject","inLanguage":"en-GB","@id":"https:\/\/www.parcodolomitifriulane.it\/ente-parco\/marchio-qualita\/elenco-aziende-marchio-qualita\/servizi-di-promozione-sociale\/#primaryimage","url":"https:\/\/www.parcodolomitifriulane.it\/wp-content\/uploads\/2022\/05\/icona_marchio_qualita.jpg","contentUrl":"https:\/\/www.parcodolomitifriulane.it\/wp-content\/uploads\/2022\/05\/icona_marchio_qualita.jpg"},{"@type":"BreadcrumbList","@id":"https:\/\/www.parcodolomitifriulane.it\/ente-parco\/marchio-qualita\/elenco-aziende-marchio-qualita\/servizi-di-promozione-sociale\/#breadcrumb","itemListElement":[{"@type":"ListItem","position":1,"name":"Home","item":"https:\/\/www.parcodolomitifriulane.it\/"},{"@type":"ListItem","position":2,"name":"Ente Parco","item":"https:\/\/www.parcodolomitifriulane.it\/ente-parco\/"},{"@type":"ListItem","position":3,"name":"Marchio Qualit\u00e0","item":"https:\/\/www.parcodolomitifriulane.it\/ente-parco\/marchio-qualita\/"},{"@type":"ListItem","position":4,"name":"Elenco aziende Marchio Qualit\u00e0","item":"https:\/\/www.parcodolomitifriulane.it\/ente-parco\/marchio-qualita\/elenco-aziende-marchio-qualita\/"},{"@type":"ListItem","position":5,"name":"Servizi di promozione sociale"}]},{"@type":"WebSite","@id":"https:\/\/www.parcodolomitifriulane.it\/#website","url":"https:\/\/www.parcodolomitifriulane.it\/","name":"Parco Dolomiti Friulane","description":"Tutto Straordinariamente Emoz","publisher":{"@id":"https:\/\/www.parcodolomitifriulane.it\/#organization"},"potentialAction":[{"@type":"SearchAction","target":{"@type":"EntryPoint","urlTemplate":"https:\/\/www.parcodolomitifriulane.it\/?s={search_term_string}"},"query-input":{"@type":"PropertyValueSpecification","valueRequired":true,"valueName":"search_term_string"}}],"inLanguage":"en-GB"},{"@type":"Organization","@id":"https:\/\/www.parcodolomitifriulane.it\/#organization","name":"Parco Dolomiti Friulane","url":"https:\/\/www.parcodolomitifriulane.it\/","logo":{"@type":"ImageObject","inLanguage":"en-GB","@id":"https:\/\/www.parcodolomitifriulane.it\/#\/schema\/logo\/image\/","url":"https:\/\/www.parcodolomitifriulane.it\/wp-content\/uploads\/2022\/06\/cropped-logo-1.png","contentUrl":"https:\/\/www.parcodolomitifriulane.it\/wp-content\/uploads\/2022\/06\/cropped-logo-1.png","width":4685,"height":2773,"caption":"Parco Dolomiti Friulane"},"image":{"@id":"https:\/\/www.parcodolomitifriulane.it\/#\/schema\/logo\/image\/"},"sameAs":["https:\/\/www.facebook.com\/dolomitifriulane","https:\/\/x.com\/parcoDF","https:\/\/www.instagram.com\/dolomitifriulane\/","https:\/\/www.youtube.com\/user\/DOLOMITIFRIULANEPARK"]}]}},"_links":{"self":[{"href":"https:\/\/www.parcodolomitifriulane.it\/en\/wp-json\/wp\/v2\/pages\/14782","targetHints":{"allow":["GET"]}}],"collection":[{"href":"https:\/\/www.parcodolomitifriulane.it\/en\/wp-json\/wp\/v2\/pages"}],"about":[{"href":"https:\/\/www.parcodolomitifriulane.it\/en\/wp-json\/wp\/v2\/types\/page"}],"author":[{"embeddable":true,"href":"https:\/\/www.parcodolomitifriulane.it\/en\/wp-json\/wp\/v2\/users\/7"}],"replies":[{"embeddable":true,"href":"https:\/\/www.parcodolomitifriulane.it\/en\/wp-json\/wp\/v2\/comments?post=14782"}],"version-history":[{"count":0,"href":"https:\/\/www.parcodolomitifriulane.it\/en\/wp-json\/wp\/v2\/pages\/14782\/revisions"}],"up":[{"embeddable":true,"href":"https:\/\/www.parcodolomitifriulane.it\/en\/wp-json\/wp\/v2\/pages\/10826"}],"wp:attachment":[{"href":"https:\/\/www.parcodolomitifriulane.it\/en\/wp-json\/wp\/v2\/media?parent=14782"}],"curies":[{"name":"wp","href":"https:\/\/api.w.org\/{rel}","templated":true}]}}