{"id":19919,"date":"2025-09-23T09:05:38","date_gmt":"2025-09-23T07:05:38","guid":{"rendered":"https:\/\/www.parcodolomitifriulane.it\/?page_id=19919"},"modified":"2025-09-23T11:11:48","modified_gmt":"2025-09-23T09:11:48","slug":"b-7-1-2-iniziative-di-valorizzazione-delle-aree-naturali-protette-e-siti-natura-2000-aree-interne","status":"publish","type":"page","link":"https:\/\/www.parcodolomitifriulane.it\/en\/ente-parco\/progetti\/pr-fesr-2021-2027\/b-7-1-2-iniziative-di-valorizzazione-delle-aree-naturali-protette-e-siti-natura-2000-aree-interne\/","title":{"rendered":"b.7.1.2 \u2013 Iniziative di valorizzazione delle aree naturali protette e siti Natura 2000 \u2013 Aree interne"},"content":{"rendered":"<div data-elementor-type=\"wp-page\" data-elementor-id=\"19919\" class=\"elementor elementor-19919\" data-elementor-post-type=\"page\">\n\t\t\t\t\t\t<section class=\"elementor-section elementor-top-section elementor-element elementor-element-e73aa25 elementor-section-boxed elementor-section-height-default elementor-section-height-default\" data-id=\"e73aa25\" data-element_type=\"section\" data-e-type=\"section\">\n\t\t\t\t\t\t<div class=\"elementor-container elementor-column-gap-default\">\n\t\t\t\t\t<div class=\"elementor-column elementor-col-100 elementor-top-column elementor-element elementor-element-b8f3385\" data-id=\"b8f3385\" data-element_type=\"column\" data-e-type=\"column\">\n\t\t\t<div class=\"elementor-widget-wrap elementor-element-populated\">\n\t\t\t\t\t\t<div class=\"elementor-element elementor-element-e5917eb elementor-widget elementor-widget-heading\" data-id=\"e5917eb\" data-element_type=\"widget\" data-e-type=\"widget\" data-widget_type=\"heading.default\">\n\t\t\t\t<div class=\"elementor-widget-container\">\n\t\t\t\t\t<h1 class=\"elementor-heading-title elementor-size-default\">PR FESR 2021-2027\n<br>\n\nb.7.1.2 \u2013 Iniziative di valorizzazione delle aree naturali protette e siti Natura 2000 \u2013 Aree interne<\/h1>\t\t\t\t<\/div>\n\t\t\t\t<\/div>\n\t\t\t\t\t<\/div>\n\t\t<\/div>\n\t\t\t\t\t<\/div>\n\t\t<\/section>\n\t\t\t\t<section class=\"elementor-section elementor-top-section elementor-element elementor-element-a14dccc elementor-section-boxed elementor-section-height-default elementor-section-height-default elementor-invisible\" data-id=\"a14dccc\" data-element_type=\"section\" data-e-type=\"section\" data-settings=\"{&quot;animation&quot;:&quot;fadeIn&quot;}\">\n\t\t\t\t\t\t<div class=\"elementor-container elementor-column-gap-default\">\n\t\t\t\t\t<div class=\"elementor-column elementor-col-100 elementor-top-column elementor-element elementor-element-e6e3ddd\" data-id=\"e6e3ddd\" data-element_type=\"column\" data-e-type=\"column\">\n\t\t\t<div class=\"elementor-widget-wrap elementor-element-populated\">\n\t\t\t\t\t\t<div class=\"elementor-element elementor-element-9992a5b elementor-widget elementor-widget-image\" data-id=\"9992a5b\" data-element_type=\"widget\" data-e-type=\"widget\" data-widget_type=\"image.default\">\n\t\t\t\t<div class=\"elementor-widget-container\">\n\t\t\t\t\t\t\t\t\t\t\t\t\t\t\t<img fetchpriority=\"high\" decoding=\"async\" width=\"1817\" height=\"331\" src=\"https:\/\/www.parcodolomitifriulane.it\/wp-content\/uploads\/2025\/01\/loghi-coesione-2021-2027.jpg\" class=\"attachment-2048x2048 size-2048x2048 wp-image-18867\" alt=\"\" srcset=\"https:\/\/www.parcodolomitifriulane.it\/wp-content\/uploads\/2025\/01\/loghi-coesione-2021-2027.jpg 1817w, https:\/\/www.parcodolomitifriulane.it\/wp-content\/uploads\/2025\/01\/loghi-coesione-2021-2027-300x55.jpg 300w, https:\/\/www.parcodolomitifriulane.it\/wp-content\/uploads\/2025\/01\/loghi-coesione-2021-2027-1024x187.jpg 1024w, https:\/\/www.parcodolomitifriulane.it\/wp-content\/uploads\/2025\/01\/loghi-coesione-2021-2027-768x140.jpg 768w, https:\/\/www.parcodolomitifriulane.it\/wp-content\/uploads\/2025\/01\/loghi-coesione-2021-2027-1536x280.jpg 1536w, https:\/\/www.parcodolomitifriulane.it\/wp-content\/uploads\/2025\/01\/loghi-coesione-2021-2027-18x3.jpg 18w, https:\/\/www.parcodolomitifriulane.it\/wp-content\/uploads\/2025\/01\/loghi-coesione-2021-2027-150x27.jpg 150w, https:\/\/www.parcodolomitifriulane.it\/wp-content\/uploads\/2025\/01\/loghi-coesione-2021-2027-480x87.jpg 480w\" sizes=\"(max-width:767px) 480px, (max-width:1817px) 100vw, 1817px\" \/>\t\t\t\t\t\t\t\t\t\t\t\t\t\t\t<\/div>\n\t\t\t\t<\/div>\n\t\t\t\t<div class=\"elementor-element elementor-element-35302e9 elementor-widget elementor-widget-text-editor\" data-id=\"35302e9\" data-element_type=\"widget\" data-e-type=\"widget\" data-widget_type=\"text-editor.default\">\n\t\t\t\t<div class=\"elementor-widget-container\">\n\t\t\t\t\t\t\t\t\t<p>L&#8217;Ente Parco \u00e8 beneficiario di un finanziamento a valere sul:<\/p><p><strong>PR FESR 2021-2027<\/strong><\/p><p><strong>Regione Autonoma Friuli Venezia Giulia<\/strong><\/p><p>Tipologia di intervento finanziato:<\/p><p>b.7.1.2 \u2013 Iniziative di valorizzazione delle aree naturali protette e siti Natura 2000 \u2013 Aree interne<\/p><p>Progetto finanziato: \u201cRIPRISTINO DEI PASCOLI DELL\u2019AREA DELLA VAL SETTIMANA IN LOCALIT\u00c0 PUSSA\u201d<\/p><p>(CUP: I58E25000050009)<\/p><p>Importo: \u20ac 720.000,00<br \/>Spesa ammessa: \u20ac 720.000,00<br \/>Contributo concesso: \u20ac 720.000,00, di cui 40% contributo UE<\/p><p>Oggetto: L\u2019intervento mira a ripristinare e recuperare l\u2019habitat 6510 \u201cPraterie magre da fieno a bassa altitudine\u201d. In particolare si punta a migliorare e preservare l\u2019habitat 6510, ovvero le \u201cPraterie magre da fieno a bassa altitudine\u201d, attraverso un\u2019azione di tutela idrogeologica. Questo tipo di intervento \u00e8 fondamentale per preservare il pascolo, poich\u00e9 aiuta a stabilizzare il suolo, prevenire fenomeni di erosione e alluvioni, e mantenere l\u2019equilibrio naturale dell\u2019area. La tutela idrogeologica consiste in opere di consolidamento delle pendici, sistemazione dei corsi d\u2019acqua e creazione di barriere naturali, che permettono di proteggere le praterie da eventi meteorologici intensi e da fenomeni di dissesto del territorio. In questo modo, si favorisce il mantenimento di un habitat prezioso per la vegetazione presente, si sostiene l\u2019attivit\u00e0 agricola tradizionale e si contribuisce alla conservazione del paesaggio rurale. La combinazione di interventi di recupero ambientale e di tutela idrogeologica garantisce un equilibrio tra tutela dell\u2019ambiente e sostenibilit\u00e0 delle attivit\u00e0 agricole, assicurando che il pascolo possa continuare a essere praticato in modo sicuro e duraturo nel tempo.<\/p><p>Il miglioramento della viabilit\u00e0 di accesso consente di raggiungere facilmente le zone da tutelare, facilitando le operazioni di intervento e di controllo, e garantendo che le attivit\u00e0 di conservazione e di gestione siano pi\u00f9 efficaci e sostenibili. Questo aspetto \u00e8 particolarmente importante per la tutela dell&#8217;habitat, poich\u00e9 permette di intervenire tempestivamente in caso di minacce o criticit\u00e0, come i fenomeni di erosione. Inoltre, un accesso pi\u00f9 agevole favorisce il monitoraggio costante delle praterie magre da fieno, assicurando che le condizioni ambientali siano mantenute ottimali e che le specie presenti possano continuare a prosperare. In questo modo, il miglioramento delle vie di accesso si traduce in un supporto concreto alla tutela dell\u2019habitat, contribuendo a preservare la biodiversit\u00e0 e a garantire la sostenibilit\u00e0 delle attivit\u00e0 agricole tradizionali, come il pascolo, che sono parte integrante e fondamentale di questo ecosistema.<\/p><p>Il monitoraggio dell\u2019habitat 6510 \u201cPraterie magre da fieno a bassa altitudine\u201d rappresenter\u00e0 un passaggio fondamentale per valutare l\u2019efficacia delle azioni di ripristino e gestione che verranno adottate. Prima di intervenire, verranno effettuati rilievi dettagliati che costituiranno una baseline dello stato attuale dell\u2019habitat. Questi rilievi floristici prevederanno l\u2019analisi della composizione delle specie vegetali presenti, attraverso campionamenti puntuali o su superfici definite, come quadrati o transect. Si registrer\u00e0 la copertura vegetale, la presenza di specie rare o indicatori di habitat degradato, e si calcoleranno indici di biodiversit\u00e0 per avere un quadro complessivo della qualit\u00e0 dell\u2019ambiente.<\/p><p>Dopo aver realizzato gli interventi di ripristino si proceder\u00e0 con le rilevazioni post operam. Queste verranno ripetute a intervalli regolari nel tempo, cos\u00ec da poter confrontare i dati con quelli raccolti prima degli interventi. Questo confronto consentir\u00e0 di verificare se l\u2019habitat migliorer\u00e0.<\/p>\t\t\t\t\t\t\t\t<\/div>\n\t\t\t\t<\/div>\n\t\t\t\t<div class=\"elementor-element elementor-element-77b73bb elementor-widget elementor-widget-spacer\" data-id=\"77b73bb\" data-element_type=\"widget\" data-e-type=\"widget\" data-widget_type=\"spacer.default\">\n\t\t\t\t<div class=\"elementor-widget-container\">\n\t\t\t\t\t\t\t<div class=\"elementor-spacer\">\n\t\t\t<div class=\"elementor-spacer-inner\"><\/div>\n\t\t<\/div>\n\t\t\t\t\t\t<\/div>\n\t\t\t\t<\/div>\n\t\t\t\t<div class=\"elementor-element elementor-element-29a16ba elementor-widget elementor-widget-spacer\" data-id=\"29a16ba\" data-element_type=\"widget\" data-e-type=\"widget\" data-widget_type=\"spacer.default\">\n\t\t\t\t<div class=\"elementor-widget-container\">\n\t\t\t\t\t\t\t<div class=\"elementor-spacer\">\n\t\t\t<div class=\"elementor-spacer-inner\"><\/div>\n\t\t<\/div>\n\t\t\t\t\t\t<\/div>\n\t\t\t\t<\/div>\n\t\t\t\t\t<\/div>\n\t\t<\/div>\n\t\t\t\t\t<\/div>\n\t\t<\/section>\n\t\t\t\t<\/div>","protected":false},"excerpt":{"rendered":"<p>PR FESR 2021-2027 b.7.1.2 \u2013 Iniziative di valorizzazione delle aree naturali protette e siti Natura 2000 \u2013 Aree interne L&#8217;Ente Parco \u00e8 beneficiario di un finanziamento<span class=\"excerpt-hellip\"> [\u2026]<\/span><\/p>\n","protected":false},"author":6,"featured_media":0,"parent":18863,"menu_order":0,"comment_status":"closed","ping_status":"closed","template":"","meta":{"_acf_changed":false,"footnotes":""},"class_list":["post-19919","page","type-page","status-publish","hentry"],"acf":[],"yoast_head":"<!-- This site is optimized with the Yoast SEO plugin v27.4 - https:\/\/yoast.com\/product\/yoast-seo-wordpress\/ -->\n<title>b.7.1.2 \u2013 Iniziative di valorizzazione delle aree naturali protette e siti Natura 2000 \u2013 Aree interne | Parco Dolomiti Friulane<\/title>\n<meta name=\"robots\" content=\"index, follow, max-snippet:-1, max-image-preview:large, max-video-preview:-1\" \/>\n<link rel=\"canonical\" href=\"https:\/\/www.parcodolomitifriulane.it\/en\/ente-parco\/progetti\/pr-fesr-2021-2027\/b-7-1-2-iniziative-di-valorizzazione-delle-aree-naturali-protette-e-siti-natura-2000-aree-interne\/\" \/>\n<meta property=\"og:locale\" content=\"en_GB\" \/>\n<meta property=\"og:type\" content=\"article\" \/>\n<meta property=\"og:title\" content=\"b.7.1.2 \u2013 Iniziative di valorizzazione delle aree naturali protette e siti Natura 2000 \u2013 Aree interne | Parco Dolomiti Friulane\" \/>\n<meta property=\"og:description\" content=\"PR FESR 2021-2027 b.7.1.2 \u2013 Iniziative di valorizzazione delle aree naturali protette e siti Natura 2000 \u2013 Aree interne L&#8217;Ente Parco \u00e8 beneficiario di un finanziamento [\u2026]\" \/>\n<meta property=\"og:url\" content=\"https:\/\/www.parcodolomitifriulane.it\/en\/ente-parco\/progetti\/pr-fesr-2021-2027\/b-7-1-2-iniziative-di-valorizzazione-delle-aree-naturali-protette-e-siti-natura-2000-aree-interne\/\" \/>\n<meta property=\"og:site_name\" content=\"Parco Dolomiti Friulane\" \/>\n<meta property=\"article:publisher\" content=\"https:\/\/www.facebook.com\/dolomitifriulane\" \/>\n<meta property=\"article:modified_time\" content=\"2025-09-23T09:11:48+00:00\" \/>\n<meta property=\"og:image\" content=\"https:\/\/www.parcodolomitifriulane.it\/wp-content\/uploads\/2025\/01\/loghi-coesione-2021-2027.jpg\" \/>\n\t<meta property=\"og:image:width\" content=\"1817\" \/>\n\t<meta property=\"og:image:height\" content=\"331\" \/>\n\t<meta property=\"og:image:type\" content=\"image\/jpeg\" \/>\n<meta name=\"twitter:card\" content=\"summary_large_image\" \/>\n<meta name=\"twitter:site\" content=\"@parcoDF\" \/>\n<meta name=\"twitter:label1\" content=\"Estimated reading time\" \/>\n\t<meta name=\"twitter:data1\" content=\"3 minutes\" \/>\n<script type=\"application\/ld+json\" class=\"yoast-schema-graph\">{\"@context\":\"https:\\\/\\\/schema.org\",\"@graph\":[{\"@type\":\"WebPage\",\"@id\":\"https:\\\/\\\/www.parcodolomitifriulane.it\\\/ente-parco\\\/progetti\\\/pr-fesr-2021-2027\\\/b-7-1-2-iniziative-di-valorizzazione-delle-aree-naturali-protette-e-siti-natura-2000-aree-interne\\\/\",\"url\":\"https:\\\/\\\/www.parcodolomitifriulane.it\\\/ente-parco\\\/progetti\\\/pr-fesr-2021-2027\\\/b-7-1-2-iniziative-di-valorizzazione-delle-aree-naturali-protette-e-siti-natura-2000-aree-interne\\\/\",\"name\":\"b.7.1.2 \u2013 Iniziative di valorizzazione delle aree naturali protette e siti Natura 2000 \u2013 Aree interne | Parco Dolomiti Friulane\",\"isPartOf\":{\"@id\":\"https:\\\/\\\/www.parcodolomitifriulane.it\\\/#website\"},\"primaryImageOfPage\":{\"@id\":\"https:\\\/\\\/www.parcodolomitifriulane.it\\\/ente-parco\\\/progetti\\\/pr-fesr-2021-2027\\\/b-7-1-2-iniziative-di-valorizzazione-delle-aree-naturali-protette-e-siti-natura-2000-aree-interne\\\/#primaryimage\"},\"image\":{\"@id\":\"https:\\\/\\\/www.parcodolomitifriulane.it\\\/ente-parco\\\/progetti\\\/pr-fesr-2021-2027\\\/b-7-1-2-iniziative-di-valorizzazione-delle-aree-naturali-protette-e-siti-natura-2000-aree-interne\\\/#primaryimage\"},\"thumbnailUrl\":\"https:\\\/\\\/www.parcodolomitifriulane.it\\\/wp-content\\\/uploads\\\/2025\\\/01\\\/loghi-coesione-2021-2027.jpg\",\"datePublished\":\"2025-09-23T07:05:38+00:00\",\"dateModified\":\"2025-09-23T09:11:48+00:00\",\"breadcrumb\":{\"@id\":\"https:\\\/\\\/www.parcodolomitifriulane.it\\\/ente-parco\\\/progetti\\\/pr-fesr-2021-2027\\\/b-7-1-2-iniziative-di-valorizzazione-delle-aree-naturali-protette-e-siti-natura-2000-aree-interne\\\/#breadcrumb\"},\"inLanguage\":\"en-GB\",\"potentialAction\":[{\"@type\":\"ReadAction\",\"target\":[\"https:\\\/\\\/www.parcodolomitifriulane.it\\\/ente-parco\\\/progetti\\\/pr-fesr-2021-2027\\\/b-7-1-2-iniziative-di-valorizzazione-delle-aree-naturali-protette-e-siti-natura-2000-aree-interne\\\/\"]}]},{\"@type\":\"ImageObject\",\"inLanguage\":\"en-GB\",\"@id\":\"https:\\\/\\\/www.parcodolomitifriulane.it\\\/ente-parco\\\/progetti\\\/pr-fesr-2021-2027\\\/b-7-1-2-iniziative-di-valorizzazione-delle-aree-naturali-protette-e-siti-natura-2000-aree-interne\\\/#primaryimage\",\"url\":\"https:\\\/\\\/www.parcodolomitifriulane.it\\\/wp-content\\\/uploads\\\/2025\\\/01\\\/loghi-coesione-2021-2027.jpg\",\"contentUrl\":\"https:\\\/\\\/www.parcodolomitifriulane.it\\\/wp-content\\\/uploads\\\/2025\\\/01\\\/loghi-coesione-2021-2027.jpg\"},{\"@type\":\"BreadcrumbList\",\"@id\":\"https:\\\/\\\/www.parcodolomitifriulane.it\\\/ente-parco\\\/progetti\\\/pr-fesr-2021-2027\\\/b-7-1-2-iniziative-di-valorizzazione-delle-aree-naturali-protette-e-siti-natura-2000-aree-interne\\\/#breadcrumb\",\"itemListElement\":[{\"@type\":\"ListItem\",\"position\":1,\"name\":\"Home\",\"item\":\"https:\\\/\\\/www.parcodolomitifriulane.it\\\/\"},{\"@type\":\"ListItem\",\"position\":2,\"name\":\"Ente Parco\",\"item\":\"https:\\\/\\\/www.parcodolomitifriulane.it\\\/ente-parco\\\/\"},{\"@type\":\"ListItem\",\"position\":3,\"name\":\"Progetti\",\"item\":\"https:\\\/\\\/www.parcodolomitifriulane.it\\\/ente-parco\\\/progetti\\\/\"},{\"@type\":\"ListItem\",\"position\":4,\"name\":\"PR FESR 2021-2027\",\"item\":\"https:\\\/\\\/www.parcodolomitifriulane.it\\\/ente-parco\\\/progetti\\\/pr-fesr-2021-2027\\\/\"},{\"@type\":\"ListItem\",\"position\":5,\"name\":\"b.7.1.2 \u2013 Iniziative di valorizzazione delle aree naturali protette e siti Natura 2000 \u2013 Aree interne\"}]},{\"@type\":\"WebSite\",\"@id\":\"https:\\\/\\\/www.parcodolomitifriulane.it\\\/#website\",\"url\":\"https:\\\/\\\/www.parcodolomitifriulane.it\\\/\",\"name\":\"Parco Dolomiti Friulane\",\"description\":\"Tutto Straordinariamente Emoz\",\"publisher\":{\"@id\":\"https:\\\/\\\/www.parcodolomitifriulane.it\\\/#organization\"},\"potentialAction\":[{\"@type\":\"SearchAction\",\"target\":{\"@type\":\"EntryPoint\",\"urlTemplate\":\"https:\\\/\\\/www.parcodolomitifriulane.it\\\/?s={search_term_string}\"},\"query-input\":{\"@type\":\"PropertyValueSpecification\",\"valueRequired\":true,\"valueName\":\"search_term_string\"}}],\"inLanguage\":\"en-GB\"},{\"@type\":\"Organization\",\"@id\":\"https:\\\/\\\/www.parcodolomitifriulane.it\\\/#organization\",\"name\":\"Parco Dolomiti Friulane\",\"url\":\"https:\\\/\\\/www.parcodolomitifriulane.it\\\/\",\"logo\":{\"@type\":\"ImageObject\",\"inLanguage\":\"en-GB\",\"@id\":\"https:\\\/\\\/www.parcodolomitifriulane.it\\\/#\\\/schema\\\/logo\\\/image\\\/\",\"url\":\"https:\\\/\\\/www.parcodolomitifriulane.it\\\/wp-content\\\/uploads\\\/2022\\\/06\\\/cropped-logo-1.png\",\"contentUrl\":\"https:\\\/\\\/www.parcodolomitifriulane.it\\\/wp-content\\\/uploads\\\/2022\\\/06\\\/cropped-logo-1.png\",\"width\":4685,\"height\":2773,\"caption\":\"Parco Dolomiti Friulane\"},\"image\":{\"@id\":\"https:\\\/\\\/www.parcodolomitifriulane.it\\\/#\\\/schema\\\/logo\\\/image\\\/\"},\"sameAs\":[\"https:\\\/\\\/www.facebook.com\\\/dolomitifriulane\",\"https:\\\/\\\/x.com\\\/parcoDF\",\"https:\\\/\\\/www.instagram.com\\\/dolomitifriulane\\\/\",\"https:\\\/\\\/www.youtube.com\\\/user\\\/DOLOMITIFRIULANEPARK\"]}]}<\/script>\n<!-- \/ Yoast SEO plugin. -->","yoast_head_json":{"title":"b.7.1.2 \u2013 Iniziative di valorizzazione delle aree naturali protette e siti Natura 2000 \u2013 Aree interne | Parco Dolomiti Friulane","robots":{"index":"index","follow":"follow","max-snippet":"max-snippet:-1","max-image-preview":"max-image-preview:large","max-video-preview":"max-video-preview:-1"},"canonical":"https:\/\/www.parcodolomitifriulane.it\/en\/ente-parco\/progetti\/pr-fesr-2021-2027\/b-7-1-2-iniziative-di-valorizzazione-delle-aree-naturali-protette-e-siti-natura-2000-aree-interne\/","og_locale":"en_GB","og_type":"article","og_title":"b.7.1.2 \u2013 Iniziative di valorizzazione delle aree naturali protette e siti Natura 2000 \u2013 Aree interne | Parco Dolomiti Friulane","og_description":"PR FESR 2021-2027 b.7.1.2 \u2013 Iniziative di valorizzazione delle aree naturali protette e siti Natura 2000 \u2013 Aree interne L&#8217;Ente Parco \u00e8 beneficiario di un finanziamento [\u2026]","og_url":"https:\/\/www.parcodolomitifriulane.it\/en\/ente-parco\/progetti\/pr-fesr-2021-2027\/b-7-1-2-iniziative-di-valorizzazione-delle-aree-naturali-protette-e-siti-natura-2000-aree-interne\/","og_site_name":"Parco Dolomiti Friulane","article_publisher":"https:\/\/www.facebook.com\/dolomitifriulane","article_modified_time":"2025-09-23T09:11:48+00:00","og_image":[{"width":1817,"height":331,"url":"https:\/\/www.parcodolomitifriulane.it\/wp-content\/uploads\/2025\/01\/loghi-coesione-2021-2027.jpg","type":"image\/jpeg"}],"twitter_card":"summary_large_image","twitter_site":"@parcoDF","twitter_misc":{"Estimated reading time":"3 minutes"},"schema":{"@context":"https:\/\/schema.org","@graph":[{"@type":"WebPage","@id":"https:\/\/www.parcodolomitifriulane.it\/ente-parco\/progetti\/pr-fesr-2021-2027\/b-7-1-2-iniziative-di-valorizzazione-delle-aree-naturali-protette-e-siti-natura-2000-aree-interne\/","url":"https:\/\/www.parcodolomitifriulane.it\/ente-parco\/progetti\/pr-fesr-2021-2027\/b-7-1-2-iniziative-di-valorizzazione-delle-aree-naturali-protette-e-siti-natura-2000-aree-interne\/","name":"b.7.1.2 \u2013 Iniziative di valorizzazione delle aree naturali protette e siti Natura 2000 \u2013 Aree interne | Parco Dolomiti Friulane","isPartOf":{"@id":"https:\/\/www.parcodolomitifriulane.it\/#website"},"primaryImageOfPage":{"@id":"https:\/\/www.parcodolomitifriulane.it\/ente-parco\/progetti\/pr-fesr-2021-2027\/b-7-1-2-iniziative-di-valorizzazione-delle-aree-naturali-protette-e-siti-natura-2000-aree-interne\/#primaryimage"},"image":{"@id":"https:\/\/www.parcodolomitifriulane.it\/ente-parco\/progetti\/pr-fesr-2021-2027\/b-7-1-2-iniziative-di-valorizzazione-delle-aree-naturali-protette-e-siti-natura-2000-aree-interne\/#primaryimage"},"thumbnailUrl":"https:\/\/www.parcodolomitifriulane.it\/wp-content\/uploads\/2025\/01\/loghi-coesione-2021-2027.jpg","datePublished":"2025-09-23T07:05:38+00:00","dateModified":"2025-09-23T09:11:48+00:00","breadcrumb":{"@id":"https:\/\/www.parcodolomitifriulane.it\/ente-parco\/progetti\/pr-fesr-2021-2027\/b-7-1-2-iniziative-di-valorizzazione-delle-aree-naturali-protette-e-siti-natura-2000-aree-interne\/#breadcrumb"},"inLanguage":"en-GB","potentialAction":[{"@type":"ReadAction","target":["https:\/\/www.parcodolomitifriulane.it\/ente-parco\/progetti\/pr-fesr-2021-2027\/b-7-1-2-iniziative-di-valorizzazione-delle-aree-naturali-protette-e-siti-natura-2000-aree-interne\/"]}]},{"@type":"ImageObject","inLanguage":"en-GB","@id":"https:\/\/www.parcodolomitifriulane.it\/ente-parco\/progetti\/pr-fesr-2021-2027\/b-7-1-2-iniziative-di-valorizzazione-delle-aree-naturali-protette-e-siti-natura-2000-aree-interne\/#primaryimage","url":"https:\/\/www.parcodolomitifriulane.it\/wp-content\/uploads\/2025\/01\/loghi-coesione-2021-2027.jpg","contentUrl":"https:\/\/www.parcodolomitifriulane.it\/wp-content\/uploads\/2025\/01\/loghi-coesione-2021-2027.jpg"},{"@type":"BreadcrumbList","@id":"https:\/\/www.parcodolomitifriulane.it\/ente-parco\/progetti\/pr-fesr-2021-2027\/b-7-1-2-iniziative-di-valorizzazione-delle-aree-naturali-protette-e-siti-natura-2000-aree-interne\/#breadcrumb","itemListElement":[{"@type":"ListItem","position":1,"name":"Home","item":"https:\/\/www.parcodolomitifriulane.it\/"},{"@type":"ListItem","position":2,"name":"Ente Parco","item":"https:\/\/www.parcodolomitifriulane.it\/ente-parco\/"},{"@type":"ListItem","position":3,"name":"Progetti","item":"https:\/\/www.parcodolomitifriulane.it\/ente-parco\/progetti\/"},{"@type":"ListItem","position":4,"name":"PR FESR 2021-2027","item":"https:\/\/www.parcodolomitifriulane.it\/ente-parco\/progetti\/pr-fesr-2021-2027\/"},{"@type":"ListItem","position":5,"name":"b.7.1.2 \u2013 Iniziative di valorizzazione delle aree naturali protette e siti Natura 2000 \u2013 Aree interne"}]},{"@type":"WebSite","@id":"https:\/\/www.parcodolomitifriulane.it\/#website","url":"https:\/\/www.parcodolomitifriulane.it\/","name":"Parco Dolomiti Friulane","description":"Tutto Straordinariamente Emoz","publisher":{"@id":"https:\/\/www.parcodolomitifriulane.it\/#organization"},"potentialAction":[{"@type":"SearchAction","target":{"@type":"EntryPoint","urlTemplate":"https:\/\/www.parcodolomitifriulane.it\/?s={search_term_string}"},"query-input":{"@type":"PropertyValueSpecification","valueRequired":true,"valueName":"search_term_string"}}],"inLanguage":"en-GB"},{"@type":"Organization","@id":"https:\/\/www.parcodolomitifriulane.it\/#organization","name":"Parco Dolomiti Friulane","url":"https:\/\/www.parcodolomitifriulane.it\/","logo":{"@type":"ImageObject","inLanguage":"en-GB","@id":"https:\/\/www.parcodolomitifriulane.it\/#\/schema\/logo\/image\/","url":"https:\/\/www.parcodolomitifriulane.it\/wp-content\/uploads\/2022\/06\/cropped-logo-1.png","contentUrl":"https:\/\/www.parcodolomitifriulane.it\/wp-content\/uploads\/2022\/06\/cropped-logo-1.png","width":4685,"height":2773,"caption":"Parco Dolomiti Friulane"},"image":{"@id":"https:\/\/www.parcodolomitifriulane.it\/#\/schema\/logo\/image\/"},"sameAs":["https:\/\/www.facebook.com\/dolomitifriulane","https:\/\/x.com\/parcoDF","https:\/\/www.instagram.com\/dolomitifriulane\/","https:\/\/www.youtube.com\/user\/DOLOMITIFRIULANEPARK"]}]}},"_links":{"self":[{"href":"https:\/\/www.parcodolomitifriulane.it\/en\/wp-json\/wp\/v2\/pages\/19919","targetHints":{"allow":["GET"]}}],"collection":[{"href":"https:\/\/www.parcodolomitifriulane.it\/en\/wp-json\/wp\/v2\/pages"}],"about":[{"href":"https:\/\/www.parcodolomitifriulane.it\/en\/wp-json\/wp\/v2\/types\/page"}],"author":[{"embeddable":true,"href":"https:\/\/www.parcodolomitifriulane.it\/en\/wp-json\/wp\/v2\/users\/6"}],"replies":[{"embeddable":true,"href":"https:\/\/www.parcodolomitifriulane.it\/en\/wp-json\/wp\/v2\/comments?post=19919"}],"version-history":[{"count":14,"href":"https:\/\/www.parcodolomitifriulane.it\/en\/wp-json\/wp\/v2\/pages\/19919\/revisions"}],"predecessor-version":[{"id":19938,"href":"https:\/\/www.parcodolomitifriulane.it\/en\/wp-json\/wp\/v2\/pages\/19919\/revisions\/19938"}],"up":[{"embeddable":true,"href":"https:\/\/www.parcodolomitifriulane.it\/en\/wp-json\/wp\/v2\/pages\/18863"}],"wp:attachment":[{"href":"https:\/\/www.parcodolomitifriulane.it\/en\/wp-json\/wp\/v2\/media?parent=19919"}],"curies":[{"name":"wp","href":"https:\/\/api.w.org\/{rel}","templated":true}]}}