{"id":20039,"date":"2025-09-30T12:09:23","date_gmt":"2025-09-30T10:09:23","guid":{"rendered":"https:\/\/www.parcodolomitifriulane.it\/?page_id=20039"},"modified":"2025-10-08T11:37:22","modified_gmt":"2025-10-08T09:37:22","slug":"laboratori-sensoriali-e-didattici","status":"publish","type":"page","link":"https:\/\/www.parcodolomitifriulane.it\/en\/visite-guidate\/a-scuola-nel-parco\/laboratori-sensoriali-e-didattici\/","title":{"rendered":"LABORATORI SENSORIALI E DIDATTICI"},"content":{"rendered":"<div data-elementor-type=\"wp-page\" data-elementor-id=\"20039\" class=\"elementor elementor-20039\" data-elementor-post-type=\"page\">\n\t\t\t\t\t\t<section class=\"elementor-section elementor-top-section elementor-element elementor-element-e0b37ff elementor-section-boxed elementor-section-height-default elementor-section-height-default\" data-id=\"e0b37ff\" data-element_type=\"section\" data-e-type=\"section\">\n\t\t\t\t\t\t<div class=\"elementor-container elementor-column-gap-default\">\n\t\t\t\t\t<div class=\"elementor-column elementor-col-100 elementor-top-column elementor-element elementor-element-725a719\" data-id=\"725a719\" data-element_type=\"column\" data-e-type=\"column\">\n\t\t\t<div class=\"elementor-widget-wrap elementor-element-populated\">\n\t\t\t\t\t\t<div class=\"elementor-element elementor-element-2b832e8 elementor-widget elementor-widget-heading\" data-id=\"2b832e8\" data-element_type=\"widget\" data-e-type=\"widget\" data-widget_type=\"heading.default\">\n\t\t\t\t<div class=\"elementor-widget-container\">\n\t\t\t\t\t<h2 class=\"elementor-heading-title elementor-size-default\">LABORATORI SENSORIALI E DIDATTICI<\/h2>\t\t\t\t<\/div>\n\t\t\t\t<\/div>\n\t\t\t\t\t<\/div>\n\t\t<\/div>\n\t\t\t\t\t<\/div>\n\t\t<\/section>\n\t\t\t\t<section class=\"elementor-section elementor-top-section elementor-element elementor-element-bfa8619 elementor-section-boxed elementor-section-height-default elementor-section-height-default\" data-id=\"bfa8619\" data-element_type=\"section\" data-e-type=\"section\">\n\t\t\t\t\t\t<div class=\"elementor-container elementor-column-gap-default\">\n\t\t\t\t\t<div class=\"elementor-column elementor-col-100 elementor-top-column elementor-element elementor-element-282bb4f\" data-id=\"282bb4f\" data-element_type=\"column\" data-e-type=\"column\">\n\t\t\t<div class=\"elementor-widget-wrap elementor-element-populated\">\n\t\t\t\t\t\t<div class=\"elementor-element elementor-element-2a7c025 elementor-widget elementor-widget-text-editor\" data-id=\"2a7c025\" data-element_type=\"widget\" data-e-type=\"widget\" data-widget_type=\"text-editor.default\">\n\t\t\t\t<div class=\"elementor-widget-container\">\n\t\t\t\t\t\t\t\t\t<div dir=\"auto\"><p>Una scuola senza muri, cattedre e banchi, ma in mezzo alla Natura! Con il servizio \u201cA Scuola nel Parco\u201d, il Parco Naturale Dolomiti Friulane si pone quale riferimento integrativo nell\u2019ambito delle attivit\u00e0 di educazione ambientale, didattica naturalistica e sportiva prestate agli istituti scolastici.<\/p><p data-start=\"271\" data-end=\"646\">I LABORATORI SENSORIALI E DIDATTICI offrono esperienze pratiche e coinvolgenti per bambini e ragazzi, stimolando la curiosit\u00e0 e i sensi.\u00a0<\/p><p data-start=\"1043\" data-end=\"1351\">Ogni attivit\u00e0 \u00e8 guidata da esperti, pu\u00f2 essere adattata in durata e contenuti, e rappresenta un\u2019occasione unica per apprendere in modo attivo, divertente e sicuro, facendo diventare i bambini e i ragazzi protagonisti della propria scoperta della natura.<\/p><div class=\"o9v6fnle cxmmr5t8 oygrvhab hcukyx3x c1et5uql ii04i59q\"><div dir=\"auto\">Per prenotare e concordare l\u2019attivit\u00e0 \u00e8 necessario chiamarci telefonicamente +39.0427.87333 (interno 5552) oppure via email prenotazioni@parcodolomitifriulane.it.<\/div><div dir=\"auto\">\u00a0<\/div><\/div><p>Per conoscere nel dettagli i programmi dei\u00a0LABORATORI SENSORIALI E DIDATTICI clicca nei link qui sotto:<\/p><ol start=\"22\"><li><a href=\"https:\/\/www.parcodolomitifriulane.it\/wp-content\/uploads\/2025\/09\/22.-ARCHEOLOGIA-SPERIMENTALE.pdf\" target=\"_blank\" rel=\"noopener\">Archeologia sperimentale<\/a><\/li><li><a href=\"https:\/\/www.parcodolomitifriulane.it\/wp-content\/uploads\/2025\/09\/23.-LACQUA-DAL-CICLO-DI-VITA-ALLANALISI-BIOLOGICA.pdf\" target=\"_blank\" rel=\"noopener\">L\u2019acqua: dal ciclo di vita all\u2019analisi biologica<\/a><\/li><li><a href=\"https:\/\/www.parcodolomitifriulane.it\/wp-content\/uploads\/2025\/09\/24.-FITOCOSMESI.pdf\" target=\"_blank\" rel=\"noopener\">Fitocosmesi<\/a><\/li><li><a href=\"https:\/\/www.parcodolomitifriulane.it\/wp-content\/uploads\/2025\/09\/25.-IL-BOSCO-LALBERO-E-IL-LEGNO.pdf\" target=\"_blank\" rel=\"noopener\">Il bosco, l\u2019albero e il Legno<\/a><\/li><li><a href=\"https:\/\/www.parcodolomitifriulane.it\/wp-content\/uploads\/2025\/09\/26.-CREO-IL-MIO-FOSSILE.pdf\" target=\"_blank\" rel=\"noopener\">Creo il mio fossile<\/a><\/li><li><a href=\"https:\/\/www.parcodolomitifriulane.it\/wp-content\/uploads\/2025\/09\/27.-RISCOPRIAMO-LA-NATURA-ATTRAVERSO-I-5-SENSI.pdf\" target=\"_blank\" rel=\"noopener\">Riscopriamo la natura attraverso i 5 sensi<\/a><\/li><li><a href=\"https:\/\/www.parcodolomitifriulane.it\/wp-content\/uploads\/2025\/09\/28.-GLI-ANIMALI-DEL-PARCO-E-LE-LORO-TRACCE.pdf\" target=\"_blank\" rel=\"noopener\">Gli animali del parco e le loro tracce<\/a><\/li><\/ol><\/div>\t\t\t\t\t\t\t\t<\/div>\n\t\t\t\t<\/div>\n\t\t\t\t\t<\/div>\n\t\t<\/div>\n\t\t\t\t\t<\/div>\n\t\t<\/section>\n\t\t\t\t<section class=\"elementor-section elementor-top-section elementor-element elementor-element-3c40815 elementor-section-boxed elementor-section-height-default elementor-section-height-default\" data-id=\"3c40815\" data-element_type=\"section\" data-e-type=\"section\">\n\t\t\t\t\t\t<div class=\"elementor-container elementor-column-gap-default\">\n\t\t\t\t\t<div class=\"elementor-column elementor-col-100 elementor-top-column elementor-element elementor-element-fbcb79c\" data-id=\"fbcb79c\" data-element_type=\"column\" data-e-type=\"column\">\n\t\t\t<div class=\"elementor-widget-wrap\">\n\t\t\t\t\t\t\t<\/div>\n\t\t<\/div>\n\t\t\t\t\t<\/div>\n\t\t<\/section>\n\t\t\t\t<section class=\"elementor-section elementor-top-section elementor-element elementor-element-558717d elementor-section-boxed elementor-section-height-default elementor-section-height-default\" data-id=\"558717d\" data-element_type=\"section\" data-e-type=\"section\">\n\t\t\t\t\t\t<div class=\"elementor-container elementor-column-gap-default\">\n\t\t\t\t\t<div class=\"elementor-column elementor-col-100 elementor-top-column elementor-element elementor-element-5ca5d74\" data-id=\"5ca5d74\" data-element_type=\"column\" data-e-type=\"column\">\n\t\t\t<div class=\"elementor-widget-wrap elementor-element-populated\">\n\t\t\t\t\t\t<div class=\"elementor-element elementor-element-9ef70a7 elementor-align-center elementor-widget elementor-widget-button\" data-id=\"9ef70a7\" data-element_type=\"widget\" data-e-type=\"widget\" data-widget_type=\"button.default\">\n\t\t\t\t<div class=\"elementor-widget-container\">\n\t\t\t\t\t\t\t\t\t<div class=\"elementor-button-wrapper\">\n\t\t\t\t\t<a class=\"elementor-button elementor-button-link elementor-size-sm\" href=\"https:\/\/www.parcodolomitifriulane.it\/wp-content\/uploads\/2025\/10\/TARIFFE-LABORATORI-SENSORIALI-E-DIDATTICI-1.pdf\" target=\"_blank\">\n\t\t\t\t\t\t<span class=\"elementor-button-content-wrapper\">\n\t\t\t\t\t\t\t\t\t<span class=\"elementor-button-text\">Rates<\/span>\n\t\t\t\t\t<\/span>\n\t\t\t\t\t<\/a>\n\t\t\t\t<\/div>\n\t\t\t\t\t\t\t\t<\/div>\n\t\t\t\t<\/div>\n\t\t\t\t<div class=\"elementor-element elementor-element-359d515 elementor-widget elementor-widget-spacer\" data-id=\"359d515\" data-element_type=\"widget\" data-e-type=\"widget\" data-widget_type=\"spacer.default\">\n\t\t\t\t<div class=\"elementor-widget-container\">\n\t\t\t\t\t\t\t<div class=\"elementor-spacer\">\n\t\t\t<div class=\"elementor-spacer-inner\"><\/div>\n\t\t<\/div>\n\t\t\t\t\t\t<\/div>\n\t\t\t\t<\/div>\n\t\t\t\t<div class=\"elementor-element elementor-element-b1eafa0 elementor-widget elementor-widget-text-editor\" data-id=\"b1eafa0\" data-element_type=\"widget\" data-e-type=\"widget\" data-widget_type=\"text-editor.default\">\n\t\t\t\t<div class=\"elementor-widget-container\">\n\t\t\t\t\t\t\t\t\t<p><span style=\"text-decoration: underline;\"><em><strong>Nota: ogni proposta \u00e8 personalizzabile e pu\u00f2 essere integrata con ulteriori interventi formativi in base alle esigenze didattiche.<\/strong><\/em><\/span><\/p>\t\t\t\t\t\t\t\t<\/div>\n\t\t\t\t<\/div>\n\t\t\t\t\t<\/div>\n\t\t<\/div>\n\t\t\t\t\t<\/div>\n\t\t<\/section>\n\t\t\t\t<\/div>","protected":false},"excerpt":{"rendered":"<p>LABORATORI SENSORIALI E DIDATTICI Una scuola senza muri, cattedre e banchi, ma in mezzo alla Natura! Con il servizio \u201cA Scuola nel Parco\u201d, il Parco Naturale<span class=\"excerpt-hellip\"> [\u2026]<\/span><\/p>\n","protected":false},"author":6,"featured_media":0,"parent":9963,"menu_order":0,"comment_status":"closed","ping_status":"closed","template":"","meta":{"_acf_changed":false,"footnotes":""},"class_list":["post-20039","page","type-page","status-publish","hentry"],"acf":[],"yoast_head":"<!-- This site is optimized with the Yoast SEO plugin v27.3 - https:\/\/yoast.com\/product\/yoast-seo-wordpress\/ -->\n<title>LABORATORI SENSORIALI E DIDATTICI | Parco Dolomiti Friulane<\/title>\n<meta name=\"robots\" content=\"index, follow, max-snippet:-1, max-image-preview:large, max-video-preview:-1\" \/>\n<link rel=\"canonical\" href=\"https:\/\/www.parcodolomitifriulane.it\/en\/visite-guidate\/a-scuola-nel-parco\/laboratori-sensoriali-e-didattici\/\" \/>\n<meta property=\"og:locale\" content=\"en_GB\" \/>\n<meta property=\"og:type\" content=\"article\" \/>\n<meta property=\"og:title\" content=\"LABORATORI SENSORIALI E DIDATTICI | Parco Dolomiti Friulane\" \/>\n<meta property=\"og:description\" content=\"LABORATORI SENSORIALI E DIDATTICI Una scuola senza muri, cattedre e banchi, ma in mezzo alla Natura! Con il servizio \u201cA Scuola nel Parco\u201d, il Parco Naturale [\u2026]\" \/>\n<meta property=\"og:url\" content=\"https:\/\/www.parcodolomitifriulane.it\/en\/visite-guidate\/a-scuola-nel-parco\/laboratori-sensoriali-e-didattici\/\" \/>\n<meta property=\"og:site_name\" content=\"Parco Dolomiti Friulane\" \/>\n<meta property=\"article:publisher\" content=\"https:\/\/www.facebook.com\/dolomitifriulane\" \/>\n<meta property=\"article:modified_time\" content=\"2025-10-08T09:37:22+00:00\" \/>\n<meta property=\"og:image\" content=\"https:\/\/www.parcodolomitifriulane.it\/wp-content\/uploads\/2022\/12\/Campanile-Val-Montanaia.jpg\" \/>\n\t<meta property=\"og:image:width\" content=\"1800\" \/>\n\t<meta property=\"og:image:height\" content=\"1200\" \/>\n\t<meta property=\"og:image:type\" content=\"image\/jpeg\" \/>\n<meta name=\"twitter:card\" content=\"summary_large_image\" \/>\n<meta name=\"twitter:site\" content=\"@parcoDF\" \/>\n<meta name=\"twitter:label1\" content=\"Estimated reading time\" \/>\n\t<meta name=\"twitter:data1\" content=\"2 minutes\" \/>\n<script type=\"application\/ld+json\" class=\"yoast-schema-graph\">{\"@context\":\"https:\\\/\\\/schema.org\",\"@graph\":[{\"@type\":\"WebPage\",\"@id\":\"https:\\\/\\\/www.parcodolomitifriulane.it\\\/visite-guidate\\\/a-scuola-nel-parco\\\/laboratori-sensoriali-e-didattici\\\/\",\"url\":\"https:\\\/\\\/www.parcodolomitifriulane.it\\\/visite-guidate\\\/a-scuola-nel-parco\\\/laboratori-sensoriali-e-didattici\\\/\",\"name\":\"LABORATORI SENSORIALI E DIDATTICI | Parco Dolomiti Friulane\",\"isPartOf\":{\"@id\":\"https:\\\/\\\/www.parcodolomitifriulane.it\\\/#website\"},\"datePublished\":\"2025-09-30T10:09:23+00:00\",\"dateModified\":\"2025-10-08T09:37:22+00:00\",\"breadcrumb\":{\"@id\":\"https:\\\/\\\/www.parcodolomitifriulane.it\\\/visite-guidate\\\/a-scuola-nel-parco\\\/laboratori-sensoriali-e-didattici\\\/#breadcrumb\"},\"inLanguage\":\"en-GB\",\"potentialAction\":[{\"@type\":\"ReadAction\",\"target\":[\"https:\\\/\\\/www.parcodolomitifriulane.it\\\/visite-guidate\\\/a-scuola-nel-parco\\\/laboratori-sensoriali-e-didattici\\\/\"]}]},{\"@type\":\"BreadcrumbList\",\"@id\":\"https:\\\/\\\/www.parcodolomitifriulane.it\\\/visite-guidate\\\/a-scuola-nel-parco\\\/laboratori-sensoriali-e-didattici\\\/#breadcrumb\",\"itemListElement\":[{\"@type\":\"ListItem\",\"position\":1,\"name\":\"Home\",\"item\":\"https:\\\/\\\/www.parcodolomitifriulane.it\\\/\"},{\"@type\":\"ListItem\",\"position\":2,\"name\":\"Visite Guidate\",\"item\":\"https:\\\/\\\/www.parcodolomitifriulane.it\\\/visite-guidate\\\/\"},{\"@type\":\"ListItem\",\"position\":3,\"name\":\"A scuola nel Parco\",\"item\":\"https:\\\/\\\/www.parcodolomitifriulane.it\\\/?page_id=9963\"},{\"@type\":\"ListItem\",\"position\":4,\"name\":\"LABORATORI SENSORIALI E DIDATTICI\"}]},{\"@type\":\"WebSite\",\"@id\":\"https:\\\/\\\/www.parcodolomitifriulane.it\\\/#website\",\"url\":\"https:\\\/\\\/www.parcodolomitifriulane.it\\\/\",\"name\":\"Parco Dolomiti Friulane\",\"description\":\"Tutto Straordinariamente Emoz\",\"publisher\":{\"@id\":\"https:\\\/\\\/www.parcodolomitifriulane.it\\\/#organization\"},\"potentialAction\":[{\"@type\":\"SearchAction\",\"target\":{\"@type\":\"EntryPoint\",\"urlTemplate\":\"https:\\\/\\\/www.parcodolomitifriulane.it\\\/?s={search_term_string}\"},\"query-input\":{\"@type\":\"PropertyValueSpecification\",\"valueRequired\":true,\"valueName\":\"search_term_string\"}}],\"inLanguage\":\"en-GB\"},{\"@type\":\"Organization\",\"@id\":\"https:\\\/\\\/www.parcodolomitifriulane.it\\\/#organization\",\"name\":\"Parco Dolomiti Friulane\",\"url\":\"https:\\\/\\\/www.parcodolomitifriulane.it\\\/\",\"logo\":{\"@type\":\"ImageObject\",\"inLanguage\":\"en-GB\",\"@id\":\"https:\\\/\\\/www.parcodolomitifriulane.it\\\/#\\\/schema\\\/logo\\\/image\\\/\",\"url\":\"https:\\\/\\\/www.parcodolomitifriulane.it\\\/wp-content\\\/uploads\\\/2022\\\/06\\\/cropped-logo-1.png\",\"contentUrl\":\"https:\\\/\\\/www.parcodolomitifriulane.it\\\/wp-content\\\/uploads\\\/2022\\\/06\\\/cropped-logo-1.png\",\"width\":4685,\"height\":2773,\"caption\":\"Parco Dolomiti Friulane\"},\"image\":{\"@id\":\"https:\\\/\\\/www.parcodolomitifriulane.it\\\/#\\\/schema\\\/logo\\\/image\\\/\"},\"sameAs\":[\"https:\\\/\\\/www.facebook.com\\\/dolomitifriulane\",\"https:\\\/\\\/x.com\\\/parcoDF\",\"https:\\\/\\\/www.instagram.com\\\/dolomitifriulane\\\/\",\"https:\\\/\\\/www.youtube.com\\\/user\\\/DOLOMITIFRIULANEPARK\"]}]}<\/script>\n<!-- \/ Yoast SEO plugin. -->","yoast_head_json":{"title":"LABORATORI SENSORIALI E DIDATTICI | Parco Dolomiti Friulane","robots":{"index":"index","follow":"follow","max-snippet":"max-snippet:-1","max-image-preview":"max-image-preview:large","max-video-preview":"max-video-preview:-1"},"canonical":"https:\/\/www.parcodolomitifriulane.it\/en\/visite-guidate\/a-scuola-nel-parco\/laboratori-sensoriali-e-didattici\/","og_locale":"en_GB","og_type":"article","og_title":"LABORATORI SENSORIALI E DIDATTICI | Parco Dolomiti Friulane","og_description":"LABORATORI SENSORIALI E DIDATTICI Una scuola senza muri, cattedre e banchi, ma in mezzo alla Natura! Con il servizio \u201cA Scuola nel Parco\u201d, il Parco Naturale [\u2026]","og_url":"https:\/\/www.parcodolomitifriulane.it\/en\/visite-guidate\/a-scuola-nel-parco\/laboratori-sensoriali-e-didattici\/","og_site_name":"Parco Dolomiti Friulane","article_publisher":"https:\/\/www.facebook.com\/dolomitifriulane","article_modified_time":"2025-10-08T09:37:22+00:00","og_image":[{"width":1800,"height":1200,"url":"https:\/\/www.parcodolomitifriulane.it\/wp-content\/uploads\/2022\/12\/Campanile-Val-Montanaia.jpg","type":"image\/jpeg"}],"twitter_card":"summary_large_image","twitter_site":"@parcoDF","twitter_misc":{"Estimated reading time":"2 minutes"},"schema":{"@context":"https:\/\/schema.org","@graph":[{"@type":"WebPage","@id":"https:\/\/www.parcodolomitifriulane.it\/visite-guidate\/a-scuola-nel-parco\/laboratori-sensoriali-e-didattici\/","url":"https:\/\/www.parcodolomitifriulane.it\/visite-guidate\/a-scuola-nel-parco\/laboratori-sensoriali-e-didattici\/","name":"LABORATORI SENSORIALI E DIDATTICI | Parco Dolomiti Friulane","isPartOf":{"@id":"https:\/\/www.parcodolomitifriulane.it\/#website"},"datePublished":"2025-09-30T10:09:23+00:00","dateModified":"2025-10-08T09:37:22+00:00","breadcrumb":{"@id":"https:\/\/www.parcodolomitifriulane.it\/visite-guidate\/a-scuola-nel-parco\/laboratori-sensoriali-e-didattici\/#breadcrumb"},"inLanguage":"en-GB","potentialAction":[{"@type":"ReadAction","target":["https:\/\/www.parcodolomitifriulane.it\/visite-guidate\/a-scuola-nel-parco\/laboratori-sensoriali-e-didattici\/"]}]},{"@type":"BreadcrumbList","@id":"https:\/\/www.parcodolomitifriulane.it\/visite-guidate\/a-scuola-nel-parco\/laboratori-sensoriali-e-didattici\/#breadcrumb","itemListElement":[{"@type":"ListItem","position":1,"name":"Home","item":"https:\/\/www.parcodolomitifriulane.it\/"},{"@type":"ListItem","position":2,"name":"Visite Guidate","item":"https:\/\/www.parcodolomitifriulane.it\/visite-guidate\/"},{"@type":"ListItem","position":3,"name":"A scuola nel Parco","item":"https:\/\/www.parcodolomitifriulane.it\/?page_id=9963"},{"@type":"ListItem","position":4,"name":"LABORATORI SENSORIALI E DIDATTICI"}]},{"@type":"WebSite","@id":"https:\/\/www.parcodolomitifriulane.it\/#website","url":"https:\/\/www.parcodolomitifriulane.it\/","name":"Parco Dolomiti Friulane","description":"Tutto Straordinariamente Emoz","publisher":{"@id":"https:\/\/www.parcodolomitifriulane.it\/#organization"},"potentialAction":[{"@type":"SearchAction","target":{"@type":"EntryPoint","urlTemplate":"https:\/\/www.parcodolomitifriulane.it\/?s={search_term_string}"},"query-input":{"@type":"PropertyValueSpecification","valueRequired":true,"valueName":"search_term_string"}}],"inLanguage":"en-GB"},{"@type":"Organization","@id":"https:\/\/www.parcodolomitifriulane.it\/#organization","name":"Parco Dolomiti Friulane","url":"https:\/\/www.parcodolomitifriulane.it\/","logo":{"@type":"ImageObject","inLanguage":"en-GB","@id":"https:\/\/www.parcodolomitifriulane.it\/#\/schema\/logo\/image\/","url":"https:\/\/www.parcodolomitifriulane.it\/wp-content\/uploads\/2022\/06\/cropped-logo-1.png","contentUrl":"https:\/\/www.parcodolomitifriulane.it\/wp-content\/uploads\/2022\/06\/cropped-logo-1.png","width":4685,"height":2773,"caption":"Parco Dolomiti Friulane"},"image":{"@id":"https:\/\/www.parcodolomitifriulane.it\/#\/schema\/logo\/image\/"},"sameAs":["https:\/\/www.facebook.com\/dolomitifriulane","https:\/\/x.com\/parcoDF","https:\/\/www.instagram.com\/dolomitifriulane\/","https:\/\/www.youtube.com\/user\/DOLOMITIFRIULANEPARK"]}]}},"_links":{"self":[{"href":"https:\/\/www.parcodolomitifriulane.it\/en\/wp-json\/wp\/v2\/pages\/20039","targetHints":{"allow":["GET"]}}],"collection":[{"href":"https:\/\/www.parcodolomitifriulane.it\/en\/wp-json\/wp\/v2\/pages"}],"about":[{"href":"https:\/\/www.parcodolomitifriulane.it\/en\/wp-json\/wp\/v2\/types\/page"}],"author":[{"embeddable":true,"href":"https:\/\/www.parcodolomitifriulane.it\/en\/wp-json\/wp\/v2\/users\/6"}],"replies":[{"embeddable":true,"href":"https:\/\/www.parcodolomitifriulane.it\/en\/wp-json\/wp\/v2\/comments?post=20039"}],"version-history":[{"count":13,"href":"https:\/\/www.parcodolomitifriulane.it\/en\/wp-json\/wp\/v2\/pages\/20039\/revisions"}],"predecessor-version":[{"id":20099,"href":"https:\/\/www.parcodolomitifriulane.it\/en\/wp-json\/wp\/v2\/pages\/20039\/revisions\/20099"}],"up":[{"embeddable":true,"href":"https:\/\/www.parcodolomitifriulane.it\/en\/wp-json\/wp\/v2\/pages\/9963"}],"wp:attachment":[{"href":"https:\/\/www.parcodolomitifriulane.it\/en\/wp-json\/wp\/v2\/media?parent=20039"}],"curies":[{"name":"wp","href":"https:\/\/api.w.org\/{rel}","templated":true}]}}