{"id":365,"date":"2022-05-05T11:58:14","date_gmt":"2022-05-05T09:58:14","guid":{"rendered":"http:\/\/parcodolomitifriulane.it\/?page_id=365"},"modified":"2025-06-24T15:34:02","modified_gmt":"2025-06-24T13:34:02","slug":"marchio-qualita","status":"publish","type":"page","link":"https:\/\/www.parcodolomitifriulane.it\/en\/ente-parco\/marchio-qualita\/","title":{"rendered":"Quality brand"},"content":{"rendered":"<div data-elementor-type=\"wp-page\" data-elementor-id=\"365\" class=\"elementor elementor-365\" data-elementor-post-type=\"page\">\n\t\t\t\t\t\t<section class=\"elementor-section elementor-top-section elementor-element elementor-element-5578463 elementor-section-full_width elementor-section-height-min-height elementor-section-items-stretch elementor-section-stretched elementor-section-height-default elementor-invisible\" data-id=\"5578463\" data-element_type=\"section\" data-e-type=\"section\" data-settings=\"{&quot;stretch_section&quot;:&quot;section-stretched&quot;,&quot;animation&quot;:&quot;fadeIn&quot;}\">\n\t\t\t\t\t\t<div class=\"elementor-container elementor-column-gap-no\">\n\t\t\t\t\t<div class=\"elementor-column elementor-col-100 elementor-top-column elementor-element elementor-element-d6f5598\" data-id=\"d6f5598\" data-element_type=\"column\" data-e-type=\"column\" data-settings=\"{&quot;background_background&quot;:&quot;classic&quot;}\">\n\t\t\t<div class=\"elementor-widget-wrap elementor-element-populated\">\n\t\t\t\t\t\t<section class=\"elementor-section elementor-inner-section elementor-element elementor-element-9d57d63 elementor-section-content-middle elementor-section-boxed elementor-section-height-default elementor-section-height-default\" data-id=\"9d57d63\" data-element_type=\"section\" data-e-type=\"section\">\n\t\t\t\t\t\t<div class=\"elementor-container elementor-column-gap-no\">\n\t\t\t\t\t<div class=\"elementor-column elementor-col-100 elementor-inner-column elementor-element elementor-element-67cc5a5\" data-id=\"67cc5a5\" data-element_type=\"column\" data-e-type=\"column\">\n\t\t\t<div class=\"elementor-widget-wrap elementor-element-populated\">\n\t\t\t\t\t\t<div class=\"elementor-element elementor-element-d8af4e4 elementor-widget elementor-widget-heading\" data-id=\"d8af4e4\" data-element_type=\"widget\" data-e-type=\"widget\" data-widget_type=\"heading.default\">\n\t\t\t\t<div class=\"elementor-widget-container\">\n\t\t\t\t\t<h1 class=\"elementor-heading-title elementor-size-default\">BRAND<br>QUALITY<\/h1>\t\t\t\t<\/div>\n\t\t\t\t<\/div>\n\t\t\t\t<div class=\"elementor-element elementor-element-2eae2fc elementor-widget elementor-widget-pp-breadcrumbs\" data-id=\"2eae2fc\" data-element_type=\"widget\" data-e-type=\"widget\" data-settings=\"{&quot;breadcrumbs_type&quot;:&quot;yoast&quot;}\" data-widget_type=\"pp-breadcrumbs.default\">\n\t\t\t\t<div class=\"elementor-widget-container\">\n\t\t\t\t\t\t\t\t\t<div class=\"pp-breadcrumbs pp-breadcrumbs-yoast\">\n\t\t\t\t\t<p id=\"breadcrumbs\"><span><span><a href=\"https:\/\/www.parcodolomitifriulane.it\/en\/\">Home<\/a><\/span><\/span><\/p>\t\t\t\t<\/div>\n\t\t\t\t\t\t\t\t<\/div>\n\t\t\t\t<\/div>\n\t\t\t\t\t<\/div>\n\t\t<\/div>\n\t\t\t\t\t<\/div>\n\t\t<\/section>\n\t\t\t\t\t<\/div>\n\t\t<\/div>\n\t\t\t\t\t<\/div>\n\t\t<\/section>\n\t\t\t\t<section class=\"elementor-section elementor-top-section elementor-element elementor-element-3ed00c3 elementor-section-boxed elementor-section-height-default elementor-section-height-default\" data-id=\"3ed00c3\" data-element_type=\"section\" data-e-type=\"section\">\n\t\t\t\t\t\t<div class=\"elementor-container elementor-column-gap-default\">\n\t\t\t\t\t<div class=\"elementor-column elementor-col-100 elementor-top-column elementor-element elementor-element-f477b7f\" data-id=\"f477b7f\" data-element_type=\"column\" data-e-type=\"column\">\n\t\t\t<div class=\"elementor-widget-wrap elementor-element-populated\">\n\t\t\t\t\t\t<div class=\"elementor-element elementor-element-a12d939 elementor-widget elementor-widget-spacer\" data-id=\"a12d939\" data-element_type=\"widget\" data-e-type=\"widget\" data-widget_type=\"spacer.default\">\n\t\t\t\t<div class=\"elementor-widget-container\">\n\t\t\t\t\t\t\t<div class=\"elementor-spacer\">\n\t\t\t<div class=\"elementor-spacer-inner\"><\/div>\n\t\t<\/div>\n\t\t\t\t\t\t<\/div>\n\t\t\t\t<\/div>\n\t\t\t\t\t<\/div>\n\t\t<\/div>\n\t\t\t\t\t<\/div>\n\t\t<\/section>\n\t\t\t\t<section class=\"elementor-section elementor-top-section elementor-element elementor-element-bd8cb56 elementor-section-boxed elementor-section-height-default elementor-section-height-default\" data-id=\"bd8cb56\" data-element_type=\"section\" data-e-type=\"section\">\n\t\t\t\t\t\t<div class=\"elementor-container elementor-column-gap-default\">\n\t\t\t\t\t<div class=\"elementor-column elementor-col-50 elementor-top-column elementor-element elementor-element-83c3208\" data-id=\"83c3208\" data-element_type=\"column\" data-e-type=\"column\">\n\t\t\t<div class=\"elementor-widget-wrap elementor-element-populated\">\n\t\t\t\t\t\t<div class=\"elementor-element elementor-element-73a0e49 elementor-widget elementor-widget-image\" data-id=\"73a0e49\" data-element_type=\"widget\" data-e-type=\"widget\" data-widget_type=\"image.default\">\n\t\t\t\t<div class=\"elementor-widget-container\">\n\t\t\t\t\t\t\t\t\t\t\t\t\t\t\t<img decoding=\"async\" src=\"https:\/\/www.parcodolomitifriulane.it\/wp-content\/uploads\/2022\/05\/icona_marchio_qualita.jpg\" title=\"icona_marchio_qualita\" alt=\"icona_marchio_qualita\" loading=\"lazy\" \/>\t\t\t\t\t\t\t\t\t\t\t\t\t\t\t<\/div>\n\t\t\t\t<\/div>\n\t\t\t\t\t<\/div>\n\t\t<\/div>\n\t\t\t\t<div class=\"elementor-column elementor-col-50 elementor-top-column elementor-element elementor-element-3eae1dd\" data-id=\"3eae1dd\" data-element_type=\"column\" data-e-type=\"column\">\n\t\t\t<div class=\"elementor-widget-wrap elementor-element-populated\">\n\t\t\t\t\t\t<div class=\"elementor-element elementor-element-556988e elementor-widget elementor-widget-heading\" data-id=\"556988e\" data-element_type=\"widget\" data-e-type=\"widget\" data-widget_type=\"heading.default\">\n\t\t\t\t<div class=\"elementor-widget-container\">\n\t\t\t\t\t<h1 class=\"elementor-heading-title elementor-size-default\">FIND OUT THE QUALITY BRAND COMPANIES<\/h1>\t\t\t\t<\/div>\n\t\t\t\t<\/div>\n\t\t\t\t<div class=\"elementor-element elementor-element-0c0c28a elementor-widget elementor-widget-button\" data-id=\"0c0c28a\" data-element_type=\"widget\" data-e-type=\"widget\" data-widget_type=\"button.default\">\n\t\t\t\t<div class=\"elementor-widget-container\">\n\t\t\t\t\t\t\t\t\t<div class=\"elementor-button-wrapper\">\n\t\t\t\t\t<a class=\"elementor-button elementor-button-link elementor-size-sm\" href=\"https:\/\/www.parcodolomitifriulane.it\/en\/ente-parco\/marchio-qualita\/elenco-aziende-marchio-qualita\/\">\n\t\t\t\t\t\t<span class=\"elementor-button-content-wrapper\">\n\t\t\t\t\t\t\t\t\t<span class=\"elementor-button-text\">ALL COMPANIES<\/span>\n\t\t\t\t\t<\/span>\n\t\t\t\t\t<\/a>\n\t\t\t\t<\/div>\n\t\t\t\t\t\t\t\t<\/div>\n\t\t\t\t<\/div>\n\t\t\t\t\t<\/div>\n\t\t<\/div>\n\t\t\t\t\t<\/div>\n\t\t<\/section>\n\t\t\t\t<section class=\"elementor-section elementor-top-section elementor-element elementor-element-c4a48e3 elementor-section-boxed elementor-section-height-default elementor-section-height-default\" data-id=\"c4a48e3\" data-element_type=\"section\" data-e-type=\"section\">\n\t\t\t\t\t\t<div class=\"elementor-container elementor-column-gap-default\">\n\t\t\t\t\t<div class=\"elementor-column elementor-col-100 elementor-top-column elementor-element elementor-element-64af866\" data-id=\"64af866\" data-element_type=\"column\" data-e-type=\"column\">\n\t\t\t<div class=\"elementor-widget-wrap elementor-element-populated\">\n\t\t\t\t\t\t<div class=\"elementor-element elementor-element-034cd2d elementor-widget elementor-widget-spacer\" data-id=\"034cd2d\" data-element_type=\"widget\" data-e-type=\"widget\" data-widget_type=\"spacer.default\">\n\t\t\t\t<div class=\"elementor-widget-container\">\n\t\t\t\t\t\t\t<div class=\"elementor-spacer\">\n\t\t\t<div class=\"elementor-spacer-inner\"><\/div>\n\t\t<\/div>\n\t\t\t\t\t\t<\/div>\n\t\t\t\t<\/div>\n\t\t\t\t<div class=\"elementor-element elementor-element-48a409d elementor-widget elementor-widget-heading\" data-id=\"48a409d\" data-element_type=\"widget\" data-e-type=\"widget\" data-widget_type=\"heading.default\">\n\t\t\t\t<div class=\"elementor-widget-container\">\n\t\t\t\t\t<h1 class=\"elementor-heading-title elementor-size-default\">WHAT IS THE \u201d PARK QUALITY BRAND\u201d\n<\/h1>\t\t\t\t<\/div>\n\t\t\t\t<\/div>\n\t\t\t\t<div class=\"elementor-element elementor-element-7154ceb elementor-widget elementor-widget-text-editor\" data-id=\"7154ceb\" data-element_type=\"widget\" data-e-type=\"widget\" data-widget_type=\"text-editor.default\">\n\t\t\t\t<div class=\"elementor-widget-container\">\n\t\t\t\t\t\t\t\t\t<p>The Park Quality Brand is an identification project, started with ISO 14001 certification obtained in 2009 and the EMAS registration in 2012, to spread the philosophy of environmental quality, involving the economic and social fabric. The project rewards companies which meet environmental protection requirements, create a connection with the territory and adhere to the Park\u2019s culture, allowing the use of the Park logo.<\/p><p>The Park has set up and made available its own brand in order to:<\/p><ul><li>improve standards of environmental sustainability and exploitation of land resources<\/li><li>give greater visibility to production through a uniform communication<\/li><li>give guarantees to consumers and users of the services facilitating the access of controlled quality of origin with low environmental impact<\/li><\/ul><p>This action in addition to promoting the activities in the area aims to encourage the growth of tourism and a sustainable development philosophy in line with the goals of enhancing and protecting the territory. All this is part of a larger pattern in which the territory in general tends towards an improvement in quality in order to offer an increasingly efficient service that adds value to the potentiality of the area.<\/p>\t\t\t\t\t\t\t\t<\/div>\n\t\t\t\t<\/div>\n\t\t\t\t<div class=\"elementor-element elementor-element-a90a672 elementor-widget elementor-widget-heading\" data-id=\"a90a672\" data-element_type=\"widget\" data-e-type=\"widget\" data-widget_type=\"heading.default\">\n\t\t\t\t<div class=\"elementor-widget-container\">\n\t\t\t\t\t<h1 class=\"elementor-heading-title elementor-size-default\">HOW IT WORKS\n<\/h1>\t\t\t\t<\/div>\n\t\t\t\t<\/div>\n\t\t\t\t<div class=\"elementor-element elementor-element-7089055 elementor-widget elementor-widget-text-editor\" data-id=\"7089055\" data-element_type=\"widget\" data-e-type=\"widget\" data-widget_type=\"text-editor.default\">\n\t\t\t\t<div class=\"elementor-widget-container\">\n\t\t\t\t\t\t\t\t\t<p>Entities applying should demonstrate that they meet a number of mandatory and optional criteria related to environmental, management and communication aspects. The criteria are verified by Park auditors. The verifier has the duty to assess the effective implementation and compliance with the requirements, fill out a checklist and audit report, these are then subjected to the \u201cGuarantee Committee\u201d, composed of Park representatives and operators in the area.<\/p>\t\t\t\t\t\t\t\t<\/div>\n\t\t\t\t<\/div>\n\t\t\t\t<div class=\"elementor-element elementor-element-556f391 elementor-widget elementor-widget-heading\" data-id=\"556f391\" data-element_type=\"widget\" data-e-type=\"widget\" data-widget_type=\"heading.default\">\n\t\t\t\t<div class=\"elementor-widget-container\">\n\t\t\t\t\t<h1 class=\"elementor-heading-title elementor-size-default\">WHICH ADVANTAGES THE \u201cPARK QUALITY BRAND\u201d OFFERS\n<\/h1>\t\t\t\t<\/div>\n\t\t\t\t<\/div>\n\t\t\t\t<div class=\"elementor-element elementor-element-99f9157 elementor-widget elementor-widget-text-editor\" data-id=\"99f9157\" data-element_type=\"widget\" data-e-type=\"widget\" data-widget_type=\"text-editor.default\">\n\t\t\t\t<div class=\"elementor-widget-container\">\n\t\t\t\t\t\t\t\t\t<p>The products or services that can boast of the Park brand offer the consumer \/ user different types of benefits including a guarantee of quality. The farming-food products such as cheese, jams and honey, local handicrafts in wood and stone, up to the tourism and hotel accommodation services are guaranteed by a high level of origin and quality control of the service\/product itself, through the application of specific procedures and rules to be followed by the operators. Moreover those using the Park brand will have to participate directly in the environmental protection of the area and this becomes undoubtedly an added value both for operators and for the territory.<\/p><p>To join you must follow the directions indicated in the user regulation downloadable online.<\/p><p align=\"justify\">Regulations governing use:<\/p><ul><li><a href=\"https:\/\/www.parcodolomitifriulane.it\/wp-content\/uploads\/2025\/06\/Regolamento-di-garanzia-Rev-02-del-2025.pdf\" target=\"_blank\" rel=\"noopener\">Regolamento di garanzia per l\u2019utilizzo del \u201cMarchio Qualit\u00e0 Parco&#8221;<\/a><\/li><\/ul><p align=\"justify\">Specific policy documents:<\/p><ul><li><a href=\"https:\/\/www.parcodolomitifriulane.it\/wp-content\/uploads\/2022\/05\/Disciplinare-aziende-agricole.pdf\" target=\"_blank\" rel=\"noopener\">Disciplinare aziende agricole<\/a><\/li><li><a href=\"https:\/\/www.parcodolomitifriulane.it\/wp-content\/uploads\/2022\/05\/Disciplinare-esercizi-commerciali.pdf\" target=\"_blank\" rel=\"noopener\">Disciplinare esercizi commerciali<\/a><\/li><li><a href=\"https:\/\/www.parcodolomitifriulane.it\/wp-content\/uploads\/2022\/05\/Disciplinare-ricettivita.pdf\" target=\"_blank\" rel=\"noopener\">Policy document for accommodation industry<\/a><\/li><li><a href=\"https:\/\/www.parcodolomitifriulane.it\/wp-content\/uploads\/2022\/05\/Disciplinare-ristorazione.pdf\" target=\"_blank\" rel=\"noopener\">Policy document for restaurant industry<\/a><\/li><li><a href=\"https:\/\/www.parcodolomitifriulane.it\/wp-content\/uploads\/2022\/05\/Disciplinare-servizi-turistici.pdf\" target=\"_blank\" rel=\"noopener\">Policy document for tourist services<\/a><\/li><li><a href=\"https:\/\/www.parcodolomitifriulane.it\/wp-content\/uploads\/2025\/06\/DISCIPLINARE-GUIDE.pdf\">Disciplinare guide<\/a><\/li><\/ul><p>Application forms:<\/p><ul><li><a href=\"https:\/\/www.parcodolomitifriulane.it\/wp-content\/uploads\/2025\/04\/Modulo-richiesta-marchio.pdf\" target=\"_blank\" rel=\"noopener\">Request form<\/a><\/li><li><a href=\"https:\/\/www.parcodolomitifriulane.it\/wp-content\/uploads\/2025\/06\/Fac-simile-convenzione-Rev.-02-del-2025.pdf\" target=\"_blank\" rel=\"noopener\">Facsimile Convention<\/a><\/li><\/ul>\t\t\t\t\t\t\t\t<\/div>\n\t\t\t\t<\/div>\n\t\t\t\t<div class=\"elementor-element elementor-element-70337d2 elementor-widget elementor-widget-spacer\" data-id=\"70337d2\" data-element_type=\"widget\" data-e-type=\"widget\" data-widget_type=\"spacer.default\">\n\t\t\t\t<div class=\"elementor-widget-container\">\n\t\t\t\t\t\t\t<div class=\"elementor-spacer\">\n\t\t\t<div class=\"elementor-spacer-inner\"><\/div>\n\t\t<\/div>\n\t\t\t\t\t\t<\/div>\n\t\t\t\t<\/div>\n\t\t\t\t\t<\/div>\n\t\t<\/div>\n\t\t\t\t\t<\/div>\n\t\t<\/section>\n\t\t\t\t<\/div>","protected":false},"excerpt":{"rendered":"<p>MARCHIOQUALIT\u00c0 Home SCOPRI LE AZIENDE DEL MARCHIO QUALIT\u00e0 TUTTE LE AZIENDE COS\u2019\u00c8 IL \u201cMARCHIO QUALIT\u00c0 PARCO\u201d Il marchio qualit\u00e0 Parco \u00e8 un progetto di identificazione, avviato<span class=\"excerpt-hellip\"> [\u2026]<\/span><\/p>\n","protected":false},"author":7,"featured_media":0,"parent":438,"menu_order":3,"comment_status":"closed","ping_status":"closed","template":"","meta":{"_acf_changed":false,"footnotes":""},"class_list":["post-365","page","type-page","status-publish","hentry"],"acf":[],"yoast_head":"<!-- This site is optimized with the Yoast SEO plugin v27.3 - https:\/\/yoast.com\/product\/yoast-seo-wordpress\/ -->\n<title>Marchio Qualit\u00e0 | Parco Dolomiti Friulane<\/title>\n<meta name=\"robots\" content=\"index, follow, max-snippet:-1, max-image-preview:large, max-video-preview:-1\" \/>\n<link rel=\"canonical\" href=\"https:\/\/www.parcodolomitifriulane.it\/en\/ente-parco\/marchio-qualita\/\" \/>\n<meta property=\"og:locale\" content=\"en_GB\" \/>\n<meta property=\"og:type\" content=\"article\" \/>\n<meta property=\"og:title\" content=\"Marchio Qualit\u00e0 | Parco Dolomiti Friulane\" \/>\n<meta property=\"og:description\" content=\"MARCHIOQUALIT\u00c0 Home SCOPRI LE AZIENDE DEL MARCHIO QUALIT\u00e0 TUTTE LE AZIENDE COS\u2019\u00c8 IL \u201cMARCHIO QUALIT\u00c0 PARCO\u201d Il marchio qualit\u00e0 Parco \u00e8 un progetto di identificazione, avviato [\u2026]\" \/>\n<meta property=\"og:url\" content=\"https:\/\/www.parcodolomitifriulane.it\/en\/ente-parco\/marchio-qualita\/\" \/>\n<meta property=\"og:site_name\" content=\"Parco Dolomiti Friulane\" \/>\n<meta property=\"article:publisher\" content=\"https:\/\/www.facebook.com\/dolomitifriulane\" \/>\n<meta property=\"article:modified_time\" content=\"2025-06-24T13:34:02+00:00\" \/>\n<meta property=\"og:image\" content=\"https:\/\/www.parcodolomitifriulane.it\/wp-content\/uploads\/2022\/05\/icona_marchio_qualita.jpg\" \/>\n<meta name=\"twitter:card\" content=\"summary_large_image\" \/>\n<meta name=\"twitter:site\" content=\"@parcoDF\" \/>\n<meta name=\"twitter:label1\" content=\"Estimated reading time\" \/>\n\t<meta name=\"twitter:data1\" content=\"3 minutes\" \/>\n<script type=\"application\/ld+json\" class=\"yoast-schema-graph\">{\"@context\":\"https:\\\/\\\/schema.org\",\"@graph\":[{\"@type\":\"WebPage\",\"@id\":\"https:\\\/\\\/www.parcodolomitifriulane.it\\\/ente-parco\\\/marchio-qualita\\\/\",\"url\":\"https:\\\/\\\/www.parcodolomitifriulane.it\\\/ente-parco\\\/marchio-qualita\\\/\",\"name\":\"Marchio Qualit\u00e0 | Parco Dolomiti Friulane\",\"isPartOf\":{\"@id\":\"https:\\\/\\\/www.parcodolomitifriulane.it\\\/#website\"},\"primaryImageOfPage\":{\"@id\":\"https:\\\/\\\/www.parcodolomitifriulane.it\\\/ente-parco\\\/marchio-qualita\\\/#primaryimage\"},\"image\":{\"@id\":\"https:\\\/\\\/www.parcodolomitifriulane.it\\\/ente-parco\\\/marchio-qualita\\\/#primaryimage\"},\"thumbnailUrl\":\"https:\\\/\\\/www.parcodolomitifriulane.it\\\/wp-content\\\/uploads\\\/2022\\\/05\\\/icona_marchio_qualita.jpg\",\"datePublished\":\"2022-05-05T09:58:14+00:00\",\"dateModified\":\"2025-06-24T13:34:02+00:00\",\"breadcrumb\":{\"@id\":\"https:\\\/\\\/www.parcodolomitifriulane.it\\\/ente-parco\\\/marchio-qualita\\\/#breadcrumb\"},\"inLanguage\":\"en-GB\",\"potentialAction\":[{\"@type\":\"ReadAction\",\"target\":[\"https:\\\/\\\/www.parcodolomitifriulane.it\\\/ente-parco\\\/marchio-qualita\\\/\"]}]},{\"@type\":\"ImageObject\",\"inLanguage\":\"en-GB\",\"@id\":\"https:\\\/\\\/www.parcodolomitifriulane.it\\\/ente-parco\\\/marchio-qualita\\\/#primaryimage\",\"url\":\"https:\\\/\\\/www.parcodolomitifriulane.it\\\/wp-content\\\/uploads\\\/2022\\\/05\\\/icona_marchio_qualita.jpg\",\"contentUrl\":\"https:\\\/\\\/www.parcodolomitifriulane.it\\\/wp-content\\\/uploads\\\/2022\\\/05\\\/icona_marchio_qualita.jpg\"},{\"@type\":\"BreadcrumbList\",\"@id\":\"https:\\\/\\\/www.parcodolomitifriulane.it\\\/ente-parco\\\/marchio-qualita\\\/#breadcrumb\",\"itemListElement\":[{\"@type\":\"ListItem\",\"position\":1,\"name\":\"Home\",\"item\":\"https:\\\/\\\/www.parcodolomitifriulane.it\\\/\"},{\"@type\":\"ListItem\",\"position\":2,\"name\":\"Ente Parco\",\"item\":\"https:\\\/\\\/www.parcodolomitifriulane.it\\\/ente-parco\\\/\"},{\"@type\":\"ListItem\",\"position\":3,\"name\":\"Marchio Qualit\u00e0\"}]},{\"@type\":\"WebSite\",\"@id\":\"https:\\\/\\\/www.parcodolomitifriulane.it\\\/#website\",\"url\":\"https:\\\/\\\/www.parcodolomitifriulane.it\\\/\",\"name\":\"Parco Dolomiti Friulane\",\"description\":\"Tutto Straordinariamente Emoz\",\"publisher\":{\"@id\":\"https:\\\/\\\/www.parcodolomitifriulane.it\\\/#organization\"},\"potentialAction\":[{\"@type\":\"SearchAction\",\"target\":{\"@type\":\"EntryPoint\",\"urlTemplate\":\"https:\\\/\\\/www.parcodolomitifriulane.it\\\/?s={search_term_string}\"},\"query-input\":{\"@type\":\"PropertyValueSpecification\",\"valueRequired\":true,\"valueName\":\"search_term_string\"}}],\"inLanguage\":\"en-GB\"},{\"@type\":\"Organization\",\"@id\":\"https:\\\/\\\/www.parcodolomitifriulane.it\\\/#organization\",\"name\":\"Parco Dolomiti Friulane\",\"url\":\"https:\\\/\\\/www.parcodolomitifriulane.it\\\/\",\"logo\":{\"@type\":\"ImageObject\",\"inLanguage\":\"en-GB\",\"@id\":\"https:\\\/\\\/www.parcodolomitifriulane.it\\\/#\\\/schema\\\/logo\\\/image\\\/\",\"url\":\"https:\\\/\\\/www.parcodolomitifriulane.it\\\/wp-content\\\/uploads\\\/2022\\\/06\\\/cropped-logo-1.png\",\"contentUrl\":\"https:\\\/\\\/www.parcodolomitifriulane.it\\\/wp-content\\\/uploads\\\/2022\\\/06\\\/cropped-logo-1.png\",\"width\":4685,\"height\":2773,\"caption\":\"Parco Dolomiti Friulane\"},\"image\":{\"@id\":\"https:\\\/\\\/www.parcodolomitifriulane.it\\\/#\\\/schema\\\/logo\\\/image\\\/\"},\"sameAs\":[\"https:\\\/\\\/www.facebook.com\\\/dolomitifriulane\",\"https:\\\/\\\/x.com\\\/parcoDF\",\"https:\\\/\\\/www.instagram.com\\\/dolomitifriulane\\\/\",\"https:\\\/\\\/www.youtube.com\\\/user\\\/DOLOMITIFRIULANEPARK\"]}]}<\/script>\n<!-- \/ Yoast SEO plugin. -->","yoast_head_json":{"title":"Marchio Qualit\u00e0 | Parco Dolomiti Friulane","robots":{"index":"index","follow":"follow","max-snippet":"max-snippet:-1","max-image-preview":"max-image-preview:large","max-video-preview":"max-video-preview:-1"},"canonical":"https:\/\/www.parcodolomitifriulane.it\/en\/ente-parco\/marchio-qualita\/","og_locale":"en_GB","og_type":"article","og_title":"Marchio Qualit\u00e0 | Parco Dolomiti Friulane","og_description":"MARCHIOQUALIT\u00c0 Home SCOPRI LE AZIENDE DEL MARCHIO QUALIT\u00e0 TUTTE LE AZIENDE COS\u2019\u00c8 IL \u201cMARCHIO QUALIT\u00c0 PARCO\u201d Il marchio qualit\u00e0 Parco \u00e8 un progetto di identificazione, avviato [\u2026]","og_url":"https:\/\/www.parcodolomitifriulane.it\/en\/ente-parco\/marchio-qualita\/","og_site_name":"Parco Dolomiti Friulane","article_publisher":"https:\/\/www.facebook.com\/dolomitifriulane","article_modified_time":"2025-06-24T13:34:02+00:00","og_image":[{"url":"https:\/\/www.parcodolomitifriulane.it\/wp-content\/uploads\/2022\/05\/icona_marchio_qualita.jpg","type":"","width":"","height":""}],"twitter_card":"summary_large_image","twitter_site":"@parcoDF","twitter_misc":{"Estimated reading time":"3 minutes"},"schema":{"@context":"https:\/\/schema.org","@graph":[{"@type":"WebPage","@id":"https:\/\/www.parcodolomitifriulane.it\/ente-parco\/marchio-qualita\/","url":"https:\/\/www.parcodolomitifriulane.it\/ente-parco\/marchio-qualita\/","name":"Marchio Qualit\u00e0 | Parco Dolomiti Friulane","isPartOf":{"@id":"https:\/\/www.parcodolomitifriulane.it\/#website"},"primaryImageOfPage":{"@id":"https:\/\/www.parcodolomitifriulane.it\/ente-parco\/marchio-qualita\/#primaryimage"},"image":{"@id":"https:\/\/www.parcodolomitifriulane.it\/ente-parco\/marchio-qualita\/#primaryimage"},"thumbnailUrl":"https:\/\/www.parcodolomitifriulane.it\/wp-content\/uploads\/2022\/05\/icona_marchio_qualita.jpg","datePublished":"2022-05-05T09:58:14+00:00","dateModified":"2025-06-24T13:34:02+00:00","breadcrumb":{"@id":"https:\/\/www.parcodolomitifriulane.it\/ente-parco\/marchio-qualita\/#breadcrumb"},"inLanguage":"en-GB","potentialAction":[{"@type":"ReadAction","target":["https:\/\/www.parcodolomitifriulane.it\/ente-parco\/marchio-qualita\/"]}]},{"@type":"ImageObject","inLanguage":"en-GB","@id":"https:\/\/www.parcodolomitifriulane.it\/ente-parco\/marchio-qualita\/#primaryimage","url":"https:\/\/www.parcodolomitifriulane.it\/wp-content\/uploads\/2022\/05\/icona_marchio_qualita.jpg","contentUrl":"https:\/\/www.parcodolomitifriulane.it\/wp-content\/uploads\/2022\/05\/icona_marchio_qualita.jpg"},{"@type":"BreadcrumbList","@id":"https:\/\/www.parcodolomitifriulane.it\/ente-parco\/marchio-qualita\/#breadcrumb","itemListElement":[{"@type":"ListItem","position":1,"name":"Home","item":"https:\/\/www.parcodolomitifriulane.it\/"},{"@type":"ListItem","position":2,"name":"Ente Parco","item":"https:\/\/www.parcodolomitifriulane.it\/ente-parco\/"},{"@type":"ListItem","position":3,"name":"Marchio Qualit\u00e0"}]},{"@type":"WebSite","@id":"https:\/\/www.parcodolomitifriulane.it\/#website","url":"https:\/\/www.parcodolomitifriulane.it\/","name":"Parco Dolomiti Friulane","description":"Tutto Straordinariamente Emoz","publisher":{"@id":"https:\/\/www.parcodolomitifriulane.it\/#organization"},"potentialAction":[{"@type":"SearchAction","target":{"@type":"EntryPoint","urlTemplate":"https:\/\/www.parcodolomitifriulane.it\/?s={search_term_string}"},"query-input":{"@type":"PropertyValueSpecification","valueRequired":true,"valueName":"search_term_string"}}],"inLanguage":"en-GB"},{"@type":"Organization","@id":"https:\/\/www.parcodolomitifriulane.it\/#organization","name":"Parco Dolomiti Friulane","url":"https:\/\/www.parcodolomitifriulane.it\/","logo":{"@type":"ImageObject","inLanguage":"en-GB","@id":"https:\/\/www.parcodolomitifriulane.it\/#\/schema\/logo\/image\/","url":"https:\/\/www.parcodolomitifriulane.it\/wp-content\/uploads\/2022\/06\/cropped-logo-1.png","contentUrl":"https:\/\/www.parcodolomitifriulane.it\/wp-content\/uploads\/2022\/06\/cropped-logo-1.png","width":4685,"height":2773,"caption":"Parco Dolomiti Friulane"},"image":{"@id":"https:\/\/www.parcodolomitifriulane.it\/#\/schema\/logo\/image\/"},"sameAs":["https:\/\/www.facebook.com\/dolomitifriulane","https:\/\/x.com\/parcoDF","https:\/\/www.instagram.com\/dolomitifriulane\/","https:\/\/www.youtube.com\/user\/DOLOMITIFRIULANEPARK"]}]}},"_links":{"self":[{"href":"https:\/\/www.parcodolomitifriulane.it\/en\/wp-json\/wp\/v2\/pages\/365","targetHints":{"allow":["GET"]}}],"collection":[{"href":"https:\/\/www.parcodolomitifriulane.it\/en\/wp-json\/wp\/v2\/pages"}],"about":[{"href":"https:\/\/www.parcodolomitifriulane.it\/en\/wp-json\/wp\/v2\/types\/page"}],"author":[{"embeddable":true,"href":"https:\/\/www.parcodolomitifriulane.it\/en\/wp-json\/wp\/v2\/users\/7"}],"replies":[{"embeddable":true,"href":"https:\/\/www.parcodolomitifriulane.it\/en\/wp-json\/wp\/v2\/comments?post=365"}],"version-history":[{"count":0,"href":"https:\/\/www.parcodolomitifriulane.it\/en\/wp-json\/wp\/v2\/pages\/365\/revisions"}],"up":[{"embeddable":true,"href":"https:\/\/www.parcodolomitifriulane.it\/en\/wp-json\/wp\/v2\/pages\/438"}],"wp:attachment":[{"href":"https:\/\/www.parcodolomitifriulane.it\/en\/wp-json\/wp\/v2\/media?parent=365"}],"curies":[{"name":"wp","href":"https:\/\/api.w.org\/{rel}","templated":true}]}}