{"id":554,"date":"2022-06-15T12:08:14","date_gmt":"2022-06-15T10:08:14","guid":{"rendered":"http:\/\/parcodolomitifriulane.it\/?page_id=554"},"modified":"2022-06-15T12:11:49","modified_gmt":"2022-06-15T10:11:49","slug":"il-cervo","status":"publish","type":"page","link":"https:\/\/www.parcodolomitifriulane.it\/en\/natura\/il-cervo\/","title":{"rendered":"The deer"},"content":{"rendered":"<div data-elementor-type=\"wp-page\" data-elementor-id=\"554\" class=\"elementor elementor-554\" data-elementor-post-type=\"page\">\n\t\t\t\t\t\t<section class=\"elementor-section elementor-top-section elementor-element elementor-element-5276b10 elementor-section-boxed elementor-section-height-default elementor-section-height-default\" data-id=\"5276b10\" data-element_type=\"section\" data-e-type=\"section\">\n\t\t\t\t\t\t<div class=\"elementor-container elementor-column-gap-default\">\n\t\t\t\t\t<div class=\"elementor-column elementor-col-50 elementor-top-column elementor-element elementor-element-9371720\" data-id=\"9371720\" data-element_type=\"column\" data-e-type=\"column\">\n\t\t\t<div class=\"elementor-widget-wrap elementor-element-populated\">\n\t\t\t\t\t\t<div class=\"elementor-element elementor-element-61daf30 elementor-widget elementor-widget-image\" data-id=\"61daf30\" data-element_type=\"widget\" data-e-type=\"widget\" data-widget_type=\"image.default\">\n\t\t\t\t<div class=\"elementor-widget-container\">\n\t\t\t\t\t\t\t\t\t\t\t\t\t\t\t<img fetchpriority=\"high\" decoding=\"async\" width=\"400\" height=\"225\" src=\"https:\/\/www.parcodolomitifriulane.it\/wp-content\/uploads\/2022\/06\/il_cervo.jpeg\" class=\"attachment-large size-large wp-image-556\" alt=\"\" srcset=\"https:\/\/www.parcodolomitifriulane.it\/wp-content\/uploads\/2022\/06\/il_cervo.jpeg 400w, https:\/\/www.parcodolomitifriulane.it\/wp-content\/uploads\/2022\/06\/il_cervo-300x169.jpeg 300w, https:\/\/www.parcodolomitifriulane.it\/wp-content\/uploads\/2022\/06\/il_cervo-260x146.jpeg 260w, https:\/\/www.parcodolomitifriulane.it\/wp-content\/uploads\/2022\/06\/il_cervo-50x28.jpeg 50w, https:\/\/www.parcodolomitifriulane.it\/wp-content\/uploads\/2022\/06\/il_cervo-133x75.jpeg 133w\" sizes=\"(max-width:767px) 400px, 400px\" \/>\t\t\t\t\t\t\t\t\t\t\t\t\t\t\t<\/div>\n\t\t\t\t<\/div>\n\t\t\t\t\t<\/div>\n\t\t<\/div>\n\t\t\t\t<div class=\"elementor-column elementor-col-50 elementor-top-column elementor-element elementor-element-744dcf6\" data-id=\"744dcf6\" data-element_type=\"column\" data-e-type=\"column\">\n\t\t\t<div class=\"elementor-widget-wrap elementor-element-populated\">\n\t\t\t\t\t\t<div class=\"elementor-element elementor-element-1c34784 elementor-widget elementor-widget-text-editor\" data-id=\"1c34784\" data-element_type=\"widget\" data-e-type=\"widget\" data-widget_type=\"text-editor.default\">\n\t\t\t\t<div class=\"elementor-widget-container\">\n\t\t\t\t\t\t\t\t\t<p><strong style=\"letter-spacing: 0px;\"><span style=\"color: #fdbc1f;\">Weight<\/span><\/strong><\/p><ul><li><strong>Weight: 80 \u2013 200 kg <\/strong>80 kg<\/li><\/ul>\t\t\t\t\t\t\t\t<\/div>\n\t\t\t\t<\/div>\n\t\t\t\t\t<\/div>\n\t\t<\/div>\n\t\t\t\t\t<\/div>\n\t\t<\/section>\n\t\t\t\t<section class=\"elementor-section elementor-top-section elementor-element elementor-element-fcebe2e elementor-section-boxed elementor-section-height-default elementor-section-height-default\" data-id=\"fcebe2e\" data-element_type=\"section\" data-e-type=\"section\">\n\t\t\t\t\t\t<div class=\"elementor-container elementor-column-gap-default\">\n\t\t\t\t\t<div class=\"elementor-column elementor-col-100 elementor-top-column elementor-element elementor-element-52075da\" data-id=\"52075da\" data-element_type=\"column\" data-e-type=\"column\">\n\t\t\t<div class=\"elementor-widget-wrap elementor-element-populated\">\n\t\t\t\t\t\t<div class=\"elementor-element elementor-element-a730c81 elementor-widget elementor-widget-spacer\" data-id=\"a730c81\" data-element_type=\"widget\" data-e-type=\"widget\" data-widget_type=\"spacer.default\">\n\t\t\t\t<div class=\"elementor-widget-container\">\n\t\t\t\t\t\t\t<div class=\"elementor-spacer\">\n\t\t\t<div class=\"elementor-spacer-inner\"><\/div>\n\t\t<\/div>\n\t\t\t\t\t\t<\/div>\n\t\t\t\t<\/div>\n\t\t\t\t\t<\/div>\n\t\t<\/div>\n\t\t\t\t\t<\/div>\n\t\t<\/section>\n\t\t\t\t<section class=\"elementor-section elementor-top-section elementor-element elementor-element-bf270f8 elementor-section-boxed elementor-section-height-default elementor-section-height-default\" data-id=\"bf270f8\" data-element_type=\"section\" data-e-type=\"section\">\n\t\t\t\t\t\t<div class=\"elementor-container elementor-column-gap-default\">\n\t\t\t\t\t<div class=\"elementor-column elementor-col-100 elementor-top-column elementor-element elementor-element-1ef3c59\" data-id=\"1ef3c59\" data-element_type=\"column\" data-e-type=\"column\">\n\t\t\t<div class=\"elementor-widget-wrap elementor-element-populated\">\n\t\t\t\t\t\t<div class=\"elementor-element elementor-element-d06fa88 elementor-widget elementor-widget-text-editor\" data-id=\"d06fa88\" data-element_type=\"widget\" data-e-type=\"widget\" data-widget_type=\"text-editor.default\">\n\t\t\t\t<div class=\"elementor-widget-container\">\n\t\t\t\t\t\t\t\t\t<p>The deer is the largest wild herbivore existing in the Alps. The male has horns of considerable size (antler) that fall in winter and then reform in a few months more and more ramified and strong. The coat color is reddish brown in summer and gray-brown in winter. Babies, in the first months of life, have a spotted coat.<\/p><p>The deer is a twilight-night animal and lives in herds composed of females and young led by a mature female.<\/p><p>Ha la\u00a0necessit\u00e0\u00a0 di disporre di spazi molto ampi, per questo vive in boschi misti e foreste ricche di radure, ma talvolta si spinge anche sui pascoli pi\u00f9 elevati. \u00c8 originario dei boschi umidi situati lungo i corsi d\u2019acqua, ma si \u00e9 ben adattato a tutti i nostri tipi di foresta: lo troviamo infatti dalla pianura fin al di sopra del limite del bosco.<\/p><p>Most of the deer shows a type of migratory behavior that can occur in a vertical mode or from the bottom to the mouth of a valley. The deer normally leaves the wintering areas at the end of April to go on alpine pastures where it spends the whole summer. The return is expected from the beginning of October, depending on the weather conditions and individual attitudes.<\/p><p>Il cervo, rigorosamente erbivoro, ha una discreta capacit\u00e0 di adattamento e cambia la propria dieta a seconda delle stagioni e della disponibilit\u00e0 di cibo. In autunno e in inverno si ciba di frutti selvatici ed erba secca e, quando questi cominciano a scarseggiare, di corteccia di alberi. In primavera ed estate\u00a0 si nutre invece di varie specie foraggiere, di gemme e frutti selvatici. Il maschio entra a far parte del branco solo nel periodo degli amori (settembre \u2013 ottobre): in questo periodo i maschi pi\u00f9 forti (dominanti) emettono un richiamo amoroso (bramito) per invitare le femmine all\u2019accoppiamento o per sfidare altri eventuali\u00a0 maschi rivali. La durata della vita pu\u00f2 raggiungere i 18\/20 anni. La maturit\u00e0 sessuale fisiologica viene raggiunta tra il primo e il secondo anno di vita, mentre quella psicologica si ha per i maschi tra i sette e gli otto anni, mentre per le femmine a partire dal terzo anno di vita. La gestazione dura da 226 a 236 giorni e di norma viene partorito un solo piccolo, raramente 2. Le nascite si concentrano nei mesi di maggio \u2013 giugno.<\/p>\t\t\t\t\t\t\t\t<\/div>\n\t\t\t\t<\/div>\n\t\t\t\t\t<\/div>\n\t\t<\/div>\n\t\t\t\t\t<\/div>\n\t\t<\/section>\n\t\t\t\t<\/div>","protected":false},"excerpt":{"rendered":"<p>Peso: Maschio: 80 kg Il cervo \u00e8 il pi\u00f9 grosso erbivoro selvatico esistente sulle Alpi. Il maschio \u00e8 dotato di corna anche di notevoli dimensioni (palco)<span class=\"excerpt-hellip\"> [\u2026]<\/span><\/p>\n","protected":false},"author":7,"featured_media":0,"parent":487,"menu_order":0,"comment_status":"closed","ping_status":"closed","template":"","meta":{"_acf_changed":false,"footnotes":""},"class_list":["post-554","page","type-page","status-publish","hentry"],"acf":[],"yoast_head":"<!-- This site is optimized with the Yoast SEO plugin v27.5 - https:\/\/yoast.com\/product\/yoast-seo-wordpress\/ -->\n<title>Il cervo | Parco Dolomiti Friulane<\/title>\n<meta name=\"robots\" content=\"index, follow, max-snippet:-1, max-image-preview:large, max-video-preview:-1\" \/>\n<link rel=\"canonical\" href=\"https:\/\/www.parcodolomitifriulane.it\/en\/natura\/il-cervo\/\" \/>\n<meta property=\"og:locale\" content=\"en_GB\" \/>\n<meta property=\"og:type\" content=\"article\" \/>\n<meta property=\"og:title\" content=\"Il cervo | Parco Dolomiti Friulane\" \/>\n<meta property=\"og:description\" content=\"Peso: Maschio: 80 kg Il cervo \u00e8 il pi\u00f9 grosso erbivoro selvatico esistente sulle Alpi. Il maschio \u00e8 dotato di corna anche di notevoli dimensioni (palco) [\u2026]\" \/>\n<meta property=\"og:url\" content=\"https:\/\/www.parcodolomitifriulane.it\/en\/natura\/il-cervo\/\" \/>\n<meta property=\"og:site_name\" content=\"Parco Dolomiti Friulane\" \/>\n<meta property=\"article:publisher\" content=\"https:\/\/www.facebook.com\/dolomitifriulane\" \/>\n<meta property=\"article:modified_time\" content=\"2022-06-15T10:11:49+00:00\" \/>\n<meta property=\"og:image\" content=\"http:\/\/parcodolomitifriulane.it\/wp-content\/uploads\/2022\/06\/il_cervo.jpeg\" \/>\n<meta name=\"twitter:card\" content=\"summary_large_image\" \/>\n<meta name=\"twitter:site\" content=\"@parcoDF\" \/>\n<meta name=\"twitter:label1\" content=\"Estimated reading time\" \/>\n\t<meta name=\"twitter:data1\" content=\"3 minutes\" \/>\n<script type=\"application\/ld+json\" class=\"yoast-schema-graph\">{\"@context\":\"https:\\\/\\\/schema.org\",\"@graph\":[{\"@type\":\"WebPage\",\"@id\":\"https:\\\/\\\/www.parcodolomitifriulane.it\\\/natura\\\/il-cervo\\\/\",\"url\":\"https:\\\/\\\/www.parcodolomitifriulane.it\\\/natura\\\/il-cervo\\\/\",\"name\":\"Il cervo | Parco Dolomiti Friulane\",\"isPartOf\":{\"@id\":\"https:\\\/\\\/www.parcodolomitifriulane.it\\\/#website\"},\"primaryImageOfPage\":{\"@id\":\"https:\\\/\\\/www.parcodolomitifriulane.it\\\/natura\\\/il-cervo\\\/#primaryimage\"},\"image\":{\"@id\":\"https:\\\/\\\/www.parcodolomitifriulane.it\\\/natura\\\/il-cervo\\\/#primaryimage\"},\"thumbnailUrl\":\"http:\\\/\\\/parcodolomitifriulane.it\\\/wp-content\\\/uploads\\\/2022\\\/06\\\/il_cervo.jpeg\",\"datePublished\":\"2022-06-15T10:08:14+00:00\",\"dateModified\":\"2022-06-15T10:11:49+00:00\",\"breadcrumb\":{\"@id\":\"https:\\\/\\\/www.parcodolomitifriulane.it\\\/natura\\\/il-cervo\\\/#breadcrumb\"},\"inLanguage\":\"en-GB\",\"potentialAction\":[{\"@type\":\"ReadAction\",\"target\":[\"https:\\\/\\\/www.parcodolomitifriulane.it\\\/natura\\\/il-cervo\\\/\"]}]},{\"@type\":\"ImageObject\",\"inLanguage\":\"en-GB\",\"@id\":\"https:\\\/\\\/www.parcodolomitifriulane.it\\\/natura\\\/il-cervo\\\/#primaryimage\",\"url\":\"http:\\\/\\\/parcodolomitifriulane.it\\\/wp-content\\\/uploads\\\/2022\\\/06\\\/il_cervo.jpeg\",\"contentUrl\":\"http:\\\/\\\/parcodolomitifriulane.it\\\/wp-content\\\/uploads\\\/2022\\\/06\\\/il_cervo.jpeg\"},{\"@type\":\"BreadcrumbList\",\"@id\":\"https:\\\/\\\/www.parcodolomitifriulane.it\\\/natura\\\/il-cervo\\\/#breadcrumb\",\"itemListElement\":[{\"@type\":\"ListItem\",\"position\":1,\"name\":\"Home\",\"item\":\"https:\\\/\\\/www.parcodolomitifriulane.it\\\/\"},{\"@type\":\"ListItem\",\"position\":2,\"name\":\"Natura\",\"item\":\"https:\\\/\\\/www.parcodolomitifriulane.it\\\/natura\\\/\"},{\"@type\":\"ListItem\",\"position\":3,\"name\":\"Il cervo\"}]},{\"@type\":\"WebSite\",\"@id\":\"https:\\\/\\\/www.parcodolomitifriulane.it\\\/#website\",\"url\":\"https:\\\/\\\/www.parcodolomitifriulane.it\\\/\",\"name\":\"Parco Dolomiti Friulane\",\"description\":\"Tutto Straordinariamente Emoz\",\"publisher\":{\"@id\":\"https:\\\/\\\/www.parcodolomitifriulane.it\\\/#organization\"},\"potentialAction\":[{\"@type\":\"SearchAction\",\"target\":{\"@type\":\"EntryPoint\",\"urlTemplate\":\"https:\\\/\\\/www.parcodolomitifriulane.it\\\/?s={search_term_string}\"},\"query-input\":{\"@type\":\"PropertyValueSpecification\",\"valueRequired\":true,\"valueName\":\"search_term_string\"}}],\"inLanguage\":\"en-GB\"},{\"@type\":\"Organization\",\"@id\":\"https:\\\/\\\/www.parcodolomitifriulane.it\\\/#organization\",\"name\":\"Parco Dolomiti Friulane\",\"url\":\"https:\\\/\\\/www.parcodolomitifriulane.it\\\/\",\"logo\":{\"@type\":\"ImageObject\",\"inLanguage\":\"en-GB\",\"@id\":\"https:\\\/\\\/www.parcodolomitifriulane.it\\\/#\\\/schema\\\/logo\\\/image\\\/\",\"url\":\"https:\\\/\\\/www.parcodolomitifriulane.it\\\/wp-content\\\/uploads\\\/2022\\\/06\\\/cropped-logo-1.png\",\"contentUrl\":\"https:\\\/\\\/www.parcodolomitifriulane.it\\\/wp-content\\\/uploads\\\/2022\\\/06\\\/cropped-logo-1.png\",\"width\":4685,\"height\":2773,\"caption\":\"Parco Dolomiti Friulane\"},\"image\":{\"@id\":\"https:\\\/\\\/www.parcodolomitifriulane.it\\\/#\\\/schema\\\/logo\\\/image\\\/\"},\"sameAs\":[\"https:\\\/\\\/www.facebook.com\\\/dolomitifriulane\",\"https:\\\/\\\/x.com\\\/parcoDF\",\"https:\\\/\\\/www.instagram.com\\\/dolomitifriulane\\\/\",\"https:\\\/\\\/www.youtube.com\\\/user\\\/DOLOMITIFRIULANEPARK\"]}]}<\/script>\n<!-- \/ Yoast SEO plugin. -->","yoast_head_json":{"title":"Il cervo | Parco Dolomiti Friulane","robots":{"index":"index","follow":"follow","max-snippet":"max-snippet:-1","max-image-preview":"max-image-preview:large","max-video-preview":"max-video-preview:-1"},"canonical":"https:\/\/www.parcodolomitifriulane.it\/en\/natura\/il-cervo\/","og_locale":"en_GB","og_type":"article","og_title":"Il cervo | Parco Dolomiti Friulane","og_description":"Peso: Maschio: 80 kg Il cervo \u00e8 il pi\u00f9 grosso erbivoro selvatico esistente sulle Alpi. Il maschio \u00e8 dotato di corna anche di notevoli dimensioni (palco) [\u2026]","og_url":"https:\/\/www.parcodolomitifriulane.it\/en\/natura\/il-cervo\/","og_site_name":"Parco Dolomiti Friulane","article_publisher":"https:\/\/www.facebook.com\/dolomitifriulane","article_modified_time":"2022-06-15T10:11:49+00:00","og_image":[{"url":"http:\/\/parcodolomitifriulane.it\/wp-content\/uploads\/2022\/06\/il_cervo.jpeg","type":"","width":"","height":""}],"twitter_card":"summary_large_image","twitter_site":"@parcoDF","twitter_misc":{"Estimated reading time":"3 minutes"},"schema":{"@context":"https:\/\/schema.org","@graph":[{"@type":"WebPage","@id":"https:\/\/www.parcodolomitifriulane.it\/natura\/il-cervo\/","url":"https:\/\/www.parcodolomitifriulane.it\/natura\/il-cervo\/","name":"Il cervo | Parco Dolomiti Friulane","isPartOf":{"@id":"https:\/\/www.parcodolomitifriulane.it\/#website"},"primaryImageOfPage":{"@id":"https:\/\/www.parcodolomitifriulane.it\/natura\/il-cervo\/#primaryimage"},"image":{"@id":"https:\/\/www.parcodolomitifriulane.it\/natura\/il-cervo\/#primaryimage"},"thumbnailUrl":"http:\/\/parcodolomitifriulane.it\/wp-content\/uploads\/2022\/06\/il_cervo.jpeg","datePublished":"2022-06-15T10:08:14+00:00","dateModified":"2022-06-15T10:11:49+00:00","breadcrumb":{"@id":"https:\/\/www.parcodolomitifriulane.it\/natura\/il-cervo\/#breadcrumb"},"inLanguage":"en-GB","potentialAction":[{"@type":"ReadAction","target":["https:\/\/www.parcodolomitifriulane.it\/natura\/il-cervo\/"]}]},{"@type":"ImageObject","inLanguage":"en-GB","@id":"https:\/\/www.parcodolomitifriulane.it\/natura\/il-cervo\/#primaryimage","url":"http:\/\/parcodolomitifriulane.it\/wp-content\/uploads\/2022\/06\/il_cervo.jpeg","contentUrl":"http:\/\/parcodolomitifriulane.it\/wp-content\/uploads\/2022\/06\/il_cervo.jpeg"},{"@type":"BreadcrumbList","@id":"https:\/\/www.parcodolomitifriulane.it\/natura\/il-cervo\/#breadcrumb","itemListElement":[{"@type":"ListItem","position":1,"name":"Home","item":"https:\/\/www.parcodolomitifriulane.it\/"},{"@type":"ListItem","position":2,"name":"Natura","item":"https:\/\/www.parcodolomitifriulane.it\/natura\/"},{"@type":"ListItem","position":3,"name":"Il cervo"}]},{"@type":"WebSite","@id":"https:\/\/www.parcodolomitifriulane.it\/#website","url":"https:\/\/www.parcodolomitifriulane.it\/","name":"Parco Dolomiti Friulane","description":"Tutto Straordinariamente Emoz","publisher":{"@id":"https:\/\/www.parcodolomitifriulane.it\/#organization"},"potentialAction":[{"@type":"SearchAction","target":{"@type":"EntryPoint","urlTemplate":"https:\/\/www.parcodolomitifriulane.it\/?s={search_term_string}"},"query-input":{"@type":"PropertyValueSpecification","valueRequired":true,"valueName":"search_term_string"}}],"inLanguage":"en-GB"},{"@type":"Organization","@id":"https:\/\/www.parcodolomitifriulane.it\/#organization","name":"Parco Dolomiti Friulane","url":"https:\/\/www.parcodolomitifriulane.it\/","logo":{"@type":"ImageObject","inLanguage":"en-GB","@id":"https:\/\/www.parcodolomitifriulane.it\/#\/schema\/logo\/image\/","url":"https:\/\/www.parcodolomitifriulane.it\/wp-content\/uploads\/2022\/06\/cropped-logo-1.png","contentUrl":"https:\/\/www.parcodolomitifriulane.it\/wp-content\/uploads\/2022\/06\/cropped-logo-1.png","width":4685,"height":2773,"caption":"Parco Dolomiti Friulane"},"image":{"@id":"https:\/\/www.parcodolomitifriulane.it\/#\/schema\/logo\/image\/"},"sameAs":["https:\/\/www.facebook.com\/dolomitifriulane","https:\/\/x.com\/parcoDF","https:\/\/www.instagram.com\/dolomitifriulane\/","https:\/\/www.youtube.com\/user\/DOLOMITIFRIULANEPARK"]}]}},"_links":{"self":[{"href":"https:\/\/www.parcodolomitifriulane.it\/en\/wp-json\/wp\/v2\/pages\/554","targetHints":{"allow":["GET"]}}],"collection":[{"href":"https:\/\/www.parcodolomitifriulane.it\/en\/wp-json\/wp\/v2\/pages"}],"about":[{"href":"https:\/\/www.parcodolomitifriulane.it\/en\/wp-json\/wp\/v2\/types\/page"}],"author":[{"embeddable":true,"href":"https:\/\/www.parcodolomitifriulane.it\/en\/wp-json\/wp\/v2\/users\/7"}],"replies":[{"embeddable":true,"href":"https:\/\/www.parcodolomitifriulane.it\/en\/wp-json\/wp\/v2\/comments?post=554"}],"version-history":[{"count":0,"href":"https:\/\/www.parcodolomitifriulane.it\/en\/wp-json\/wp\/v2\/pages\/554\/revisions"}],"up":[{"embeddable":true,"href":"https:\/\/www.parcodolomitifriulane.it\/en\/wp-json\/wp\/v2\/pages\/487"}],"wp:attachment":[{"href":"https:\/\/www.parcodolomitifriulane.it\/en\/wp-json\/wp\/v2\/media?parent=554"}],"curies":[{"name":"wp","href":"https:\/\/api.w.org\/{rel}","templated":true}]}}