{"id":728,"date":"2022-06-21T15:45:44","date_gmt":"2022-06-21T13:45:44","guid":{"rendered":"http:\/\/parcodolomitifriulane.it\/?page_id=728"},"modified":"2023-05-04T12:40:49","modified_gmt":"2023-05-04T10:40:49","slug":"osservare-nel-bosco","status":"publish","type":"page","link":"https:\/\/www.parcodolomitifriulane.it\/en\/natura\/la-flora\/osservare-nel-bosco\/","title":{"rendered":"Observation in the woods"},"content":{"rendered":"<div data-elementor-type=\"wp-page\" data-elementor-id=\"728\" class=\"elementor elementor-728\" data-elementor-post-type=\"page\">\n\t\t\t\t\t\t<section class=\"elementor-section elementor-top-section elementor-element elementor-element-4ecc409 elementor-section-full_width elementor-section-height-min-height elementor-section-items-stretch elementor-section-stretched elementor-section-height-default elementor-invisible\" data-id=\"4ecc409\" data-element_type=\"section\" data-e-type=\"section\" data-settings=\"{&quot;stretch_section&quot;:&quot;section-stretched&quot;,&quot;animation&quot;:&quot;fadeIn&quot;}\">\n\t\t\t\t\t\t<div class=\"elementor-container elementor-column-gap-no\">\n\t\t\t\t\t<div class=\"elementor-column elementor-col-100 elementor-top-column elementor-element elementor-element-217d61e\" data-id=\"217d61e\" data-element_type=\"column\" data-e-type=\"column\" data-settings=\"{&quot;background_background&quot;:&quot;classic&quot;}\">\n\t\t\t<div class=\"elementor-widget-wrap elementor-element-populated\">\n\t\t\t\t\t\t<section class=\"elementor-section elementor-inner-section elementor-element elementor-element-cd6e294 elementor-section-content-middle elementor-section-boxed elementor-section-height-default elementor-section-height-default\" data-id=\"cd6e294\" data-element_type=\"section\" data-e-type=\"section\">\n\t\t\t\t\t\t<div class=\"elementor-container elementor-column-gap-no\">\n\t\t\t\t\t<div class=\"elementor-column elementor-col-100 elementor-inner-column elementor-element elementor-element-70671d3\" data-id=\"70671d3\" data-element_type=\"column\" data-e-type=\"column\">\n\t\t\t<div class=\"elementor-widget-wrap elementor-element-populated\">\n\t\t\t\t\t\t<div class=\"elementor-element elementor-element-86192c7 elementor-widget elementor-widget-heading\" data-id=\"86192c7\" data-element_type=\"widget\" data-e-type=\"widget\" data-widget_type=\"heading.default\">\n\t\t\t\t<div class=\"elementor-widget-container\">\n\t\t\t\t\t<h1 class=\"elementor-heading-title elementor-size-default\">OSSERVARE NEL BOSCO<\/h1>\t\t\t\t<\/div>\n\t\t\t\t<\/div>\n\t\t\t\t<div class=\"elementor-element elementor-element-bb1e664 elementor-widget elementor-widget-pp-breadcrumbs\" data-id=\"bb1e664\" data-element_type=\"widget\" data-e-type=\"widget\" data-settings=\"{&quot;breadcrumbs_type&quot;:&quot;yoast&quot;}\" data-widget_type=\"pp-breadcrumbs.default\">\n\t\t\t\t<div class=\"elementor-widget-container\">\n\t\t\t\t\t\t\t\t\t<div class=\"pp-breadcrumbs pp-breadcrumbs-yoast\">\n\t\t\t\t\t<p id=\"breadcrumbs\"><span><span><a href=\"https:\/\/www.parcodolomitifriulane.it\/en\/\">Home<\/a><\/span><\/span><\/p>\t\t\t\t<\/div>\n\t\t\t\t\t\t\t\t<\/div>\n\t\t\t\t<\/div>\n\t\t\t\t\t<\/div>\n\t\t<\/div>\n\t\t\t\t\t<\/div>\n\t\t<\/section>\n\t\t\t\t\t<\/div>\n\t\t<\/div>\n\t\t\t\t\t<\/div>\n\t\t<\/section>\n\t\t\t\t<section class=\"elementor-section elementor-top-section elementor-element elementor-element-9862c6b elementor-section-boxed elementor-section-height-default elementor-section-height-default\" data-id=\"9862c6b\" data-element_type=\"section\" data-e-type=\"section\">\n\t\t\t\t\t\t<div class=\"elementor-container elementor-column-gap-default\">\n\t\t\t\t\t<div class=\"elementor-column elementor-col-100 elementor-top-column elementor-element elementor-element-580bc11\" data-id=\"580bc11\" data-element_type=\"column\" data-e-type=\"column\">\n\t\t\t<div class=\"elementor-widget-wrap elementor-element-populated\">\n\t\t\t\t\t\t<div class=\"elementor-element elementor-element-95e5511 elementor-widget elementor-widget-spacer\" data-id=\"95e5511\" data-element_type=\"widget\" data-e-type=\"widget\" data-widget_type=\"spacer.default\">\n\t\t\t\t<div class=\"elementor-widget-container\">\n\t\t\t\t\t\t\t<div class=\"elementor-spacer\">\n\t\t\t<div class=\"elementor-spacer-inner\"><\/div>\n\t\t<\/div>\n\t\t\t\t\t\t<\/div>\n\t\t\t\t<\/div>\n\t\t\t\t<div class=\"elementor-element elementor-element-b3a346e elementor-widget elementor-widget-text-editor\" data-id=\"b3a346e\" data-element_type=\"widget\" data-e-type=\"widget\" data-widget_type=\"text-editor.default\">\n\t\t\t\t<div class=\"elementor-widget-container\">\n\t\t\t\t\t\t\t\t\t<p>The wood hides many secrets and is one of the most complex ecosystems that we can find in nature. Walking in the forest we can observe many elements that characterize this habitat, whose protagonists are the trees, starting from their branches.<\/p><p><strong>The leaves<\/strong>\u00a0are essential for life on Earth: the organic materials they produce are vital both for insects and mammals. Thanks to chlorophyll the leaves can in fact combine sun\u2019s energy, water and soil nutrients and carbon dioxide. They synthesize well the basic elements for the creation of living beings. This process is called\u00a0<strong>photosynthesis<\/strong>a real production of renewable energy.<\/p><p>The waste substances of the leaves are oxygen and the water vapor that replenish the natural biochemical cycles.<\/p><p>Thousands of animal and plant species are interested in the leaves and leave delicate or destructive signs of their passage. The fall of the leaves in autumn is a strategy to protect from the cold as they fall before freezing: the leaf produces a separation layer between its stalk and the twig; when the wind makes the leaf drop it does not appear a wound but already a scar.<\/p><p>Every year an adult tree produces an average oxygen excess of 15-30 kg; breathing in an adult person consumes annually from 200 to 300 kg of oxygen, a quantity produced by approximately 12 trees.<\/p><p>The leaves are green because chlorophyll absorbs the red parts of the light spectrum: the green complementary color is reflected and it is the visible one. In autumn, however, when days are shorter and the temperature decreases, the plant gets back some precious substances contained in the leaves. The green chlorophyll is then replaced by other pigments, yellow, red, brown. The substances (sugars and proteins) are \u201cstored\u201d and used in spring to start growing when the leaves are not still active.<\/p><p>To know if a leaf is simple or compound is enough to know whether there is a bud at the base of its stem (stalk). If there is none it is not a simple leaf but the small leaf of a compound leaf (ash, rose hips, elderberry).<\/p><p><strong>The branches<\/strong>\u00a0are the forest framework, they are large and long and give the tree its particular shape, stretching every year with new sprouts; intertwining together they delimit the area of \u200b\u200bthe crown (phyllosphere), a protected space within which it develops that particular climate that characterizes the wood, a pleasant and sheltered environment. When you notice a tree without branches on one side it means that most likely it was once joined to another tree. Growing up so closely the branches that were between the two trees were deprived of light, and dried. Very often on the branches there are also bite marks: if the traces are thin it is likely they belong to small rodents while if they are wider they may belong to roe deer.<\/p><p><strong>The bark<\/strong>\u00a0is the tree skin, its protective armor. It protects the internal tissues of the plant from all kind of threats: cuts, aridity, attacks of fungi, insects or other parasites that breed within the tree. It contains and protects the elaborated lymph transport system that comes from the leaves.<\/p><p>This nutritional juice flows through a layer of cells placed against the wood and feeds all parts of the tree.<\/p><p>Each species has a different bark that changes its appearance over the years: in the beginning is smoother then it cracks, flakes apart or falls in pieces as the tree gets older. To determine the age of a bark you just have to count the circles on a piece of bark.<\/p><p>It is called \u201ctwisted fiber\u201d when the wood fibers grow with a spiral shape. There are some insects that burrow mazes under the bark: this animal is the spruce bark beetle and it causes serious problems in the coniferous forests; instead when you notice holes around the trunk it is the woodpecker\u2019s fault: it loves rough sap in early spring.<\/p><p>Observing logs and stumps along the trails you can discover so many curiosities: the annual rings are formed by light-colored spring wood that grows between April and June, and the dark-colored summer wood  that grows from July to October. If you compare the thickness of the spring wood with the summer one you will see that in spring the tree grows quickly,  in summer it strengthens the new sprouts and new ring and in winter it rests.<\/p><p>The rough sap  goes up from roots especially through the latest rings. The elaborated sap instead goes down from the leaves to the roots to feed all living parts of the tree. During the night the photosynthesis process is interrupted due to lack of light. Trees continue to respire, consuming oxygen and expelling carbon dioxide. The nutrient elements produced during the day are distributed and stored in the various parts of the tree, which digests at night what assimilated during the day. When a tree bends the pressure inside the trunk is not uniform: there is a very strong compression on the lower half, while the upper part of the trunk undergoes a not less considerable traction. To resist and grow vertically in the most effective way, the coniferous trees produce wood and widen on the side subjected to compression, while the broad-leaved trees do it on the traction side.<\/p>\t\t\t\t\t\t\t\t<\/div>\n\t\t\t\t<\/div>\n\t\t\t\t<div class=\"elementor-element elementor-element-a575bbb elementor-widget elementor-widget-spacer\" data-id=\"a575bbb\" data-element_type=\"widget\" data-e-type=\"widget\" data-widget_type=\"spacer.default\">\n\t\t\t\t<div class=\"elementor-widget-container\">\n\t\t\t\t\t\t\t<div class=\"elementor-spacer\">\n\t\t\t<div class=\"elementor-spacer-inner\"><\/div>\n\t\t<\/div>\n\t\t\t\t\t\t<\/div>\n\t\t\t\t<\/div>\n\t\t\t\t\t<\/div>\n\t\t<\/div>\n\t\t\t\t\t<\/div>\n\t\t<\/section>\n\t\t\t\t<\/div>","protected":false},"excerpt":{"rendered":"<p>OSSERVARE NEL BOSCO Home Il bosco nasconde in s\u00e9 numerosi segreti ed \u00e8 uno degli ecosistemi pi\u00f9 complessi che possiamo trovare in natura. Passeggiando nel bosco<span class=\"excerpt-hellip\"> [\u2026]<\/span><\/p>\n","protected":false},"author":7,"featured_media":200,"parent":647,"menu_order":1,"comment_status":"closed","ping_status":"closed","template":"","meta":{"_acf_changed":false,"footnotes":""},"class_list":["post-728","page","type-page","status-publish","has-post-thumbnail","hentry"],"acf":[],"yoast_head":"<!-- This site is optimized with the Yoast SEO plugin v27.4 - https:\/\/yoast.com\/product\/yoast-seo-wordpress\/ -->\n<title>Osservare nel bosco | Parco Dolomiti Friulane<\/title>\n<meta name=\"robots\" content=\"index, follow, max-snippet:-1, max-image-preview:large, max-video-preview:-1\" \/>\n<link rel=\"canonical\" href=\"https:\/\/www.parcodolomitifriulane.it\/en\/natura\/la-flora\/osservare-nel-bosco\/\" \/>\n<meta property=\"og:locale\" content=\"en_GB\" \/>\n<meta property=\"og:type\" content=\"article\" \/>\n<meta property=\"og:title\" content=\"Osservare nel bosco | Parco Dolomiti Friulane\" \/>\n<meta property=\"og:description\" content=\"OSSERVARE NEL BOSCO Home Il bosco nasconde in s\u00e9 numerosi segreti ed \u00e8 uno degli ecosistemi pi\u00f9 complessi che possiamo trovare in natura. Passeggiando nel bosco [\u2026]\" \/>\n<meta property=\"og:url\" content=\"https:\/\/www.parcodolomitifriulane.it\/en\/natura\/la-flora\/osservare-nel-bosco\/\" \/>\n<meta property=\"og:site_name\" content=\"Parco Dolomiti Friulane\" \/>\n<meta property=\"article:publisher\" content=\"https:\/\/www.facebook.com\/dolomitifriulane\" \/>\n<meta property=\"article:modified_time\" content=\"2023-05-04T10:40:49+00:00\" \/>\n<meta property=\"og:image\" content=\"https:\/\/www.parcodolomitifriulane.it\/wp-content\/uploads\/2022\/03\/Immagine-14.jpg\" \/>\n\t<meta property=\"og:image:width\" content=\"2004\" \/>\n\t<meta property=\"og:image:height\" content=\"1023\" \/>\n\t<meta property=\"og:image:type\" content=\"image\/jpeg\" \/>\n<meta name=\"twitter:card\" content=\"summary_large_image\" \/>\n<meta name=\"twitter:site\" content=\"@parcoDF\" \/>\n<meta name=\"twitter:label1\" content=\"Estimated reading time\" \/>\n\t<meta name=\"twitter:data1\" content=\"5 minutes\" \/>\n<script type=\"application\/ld+json\" class=\"yoast-schema-graph\">{\"@context\":\"https:\\\/\\\/schema.org\",\"@graph\":[{\"@type\":\"WebPage\",\"@id\":\"https:\\\/\\\/www.parcodolomitifriulane.it\\\/natura\\\/la-flora\\\/osservare-nel-bosco\\\/\",\"url\":\"https:\\\/\\\/www.parcodolomitifriulane.it\\\/natura\\\/la-flora\\\/osservare-nel-bosco\\\/\",\"name\":\"Osservare nel bosco | Parco Dolomiti Friulane\",\"isPartOf\":{\"@id\":\"https:\\\/\\\/www.parcodolomitifriulane.it\\\/#website\"},\"primaryImageOfPage\":{\"@id\":\"https:\\\/\\\/www.parcodolomitifriulane.it\\\/natura\\\/la-flora\\\/osservare-nel-bosco\\\/#primaryimage\"},\"image\":{\"@id\":\"https:\\\/\\\/www.parcodolomitifriulane.it\\\/natura\\\/la-flora\\\/osservare-nel-bosco\\\/#primaryimage\"},\"thumbnailUrl\":\"https:\\\/\\\/www.parcodolomitifriulane.it\\\/wp-content\\\/uploads\\\/2022\\\/03\\\/Immagine-14.jpg\",\"datePublished\":\"2022-06-21T13:45:44+00:00\",\"dateModified\":\"2023-05-04T10:40:49+00:00\",\"breadcrumb\":{\"@id\":\"https:\\\/\\\/www.parcodolomitifriulane.it\\\/natura\\\/la-flora\\\/osservare-nel-bosco\\\/#breadcrumb\"},\"inLanguage\":\"en-GB\",\"potentialAction\":[{\"@type\":\"ReadAction\",\"target\":[\"https:\\\/\\\/www.parcodolomitifriulane.it\\\/natura\\\/la-flora\\\/osservare-nel-bosco\\\/\"]}]},{\"@type\":\"ImageObject\",\"inLanguage\":\"en-GB\",\"@id\":\"https:\\\/\\\/www.parcodolomitifriulane.it\\\/natura\\\/la-flora\\\/osservare-nel-bosco\\\/#primaryimage\",\"url\":\"https:\\\/\\\/www.parcodolomitifriulane.it\\\/wp-content\\\/uploads\\\/2022\\\/03\\\/Immagine-14.jpg\",\"contentUrl\":\"https:\\\/\\\/www.parcodolomitifriulane.it\\\/wp-content\\\/uploads\\\/2022\\\/03\\\/Immagine-14.jpg\",\"width\":2004,\"height\":1023},{\"@type\":\"BreadcrumbList\",\"@id\":\"https:\\\/\\\/www.parcodolomitifriulane.it\\\/natura\\\/la-flora\\\/osservare-nel-bosco\\\/#breadcrumb\",\"itemListElement\":[{\"@type\":\"ListItem\",\"position\":1,\"name\":\"Home\",\"item\":\"https:\\\/\\\/www.parcodolomitifriulane.it\\\/\"},{\"@type\":\"ListItem\",\"position\":2,\"name\":\"Natura\",\"item\":\"https:\\\/\\\/www.parcodolomitifriulane.it\\\/natura\\\/\"},{\"@type\":\"ListItem\",\"position\":3,\"name\":\"La flora\",\"item\":\"https:\\\/\\\/www.parcodolomitifriulane.it\\\/natura\\\/la-flora\\\/\"},{\"@type\":\"ListItem\",\"position\":4,\"name\":\"Osservare nel bosco\"}]},{\"@type\":\"WebSite\",\"@id\":\"https:\\\/\\\/www.parcodolomitifriulane.it\\\/#website\",\"url\":\"https:\\\/\\\/www.parcodolomitifriulane.it\\\/\",\"name\":\"Parco Dolomiti Friulane\",\"description\":\"Tutto Straordinariamente Emoz\",\"publisher\":{\"@id\":\"https:\\\/\\\/www.parcodolomitifriulane.it\\\/#organization\"},\"potentialAction\":[{\"@type\":\"SearchAction\",\"target\":{\"@type\":\"EntryPoint\",\"urlTemplate\":\"https:\\\/\\\/www.parcodolomitifriulane.it\\\/?s={search_term_string}\"},\"query-input\":{\"@type\":\"PropertyValueSpecification\",\"valueRequired\":true,\"valueName\":\"search_term_string\"}}],\"inLanguage\":\"en-GB\"},{\"@type\":\"Organization\",\"@id\":\"https:\\\/\\\/www.parcodolomitifriulane.it\\\/#organization\",\"name\":\"Parco Dolomiti Friulane\",\"url\":\"https:\\\/\\\/www.parcodolomitifriulane.it\\\/\",\"logo\":{\"@type\":\"ImageObject\",\"inLanguage\":\"en-GB\",\"@id\":\"https:\\\/\\\/www.parcodolomitifriulane.it\\\/#\\\/schema\\\/logo\\\/image\\\/\",\"url\":\"https:\\\/\\\/www.parcodolomitifriulane.it\\\/wp-content\\\/uploads\\\/2022\\\/06\\\/cropped-logo-1.png\",\"contentUrl\":\"https:\\\/\\\/www.parcodolomitifriulane.it\\\/wp-content\\\/uploads\\\/2022\\\/06\\\/cropped-logo-1.png\",\"width\":4685,\"height\":2773,\"caption\":\"Parco Dolomiti Friulane\"},\"image\":{\"@id\":\"https:\\\/\\\/www.parcodolomitifriulane.it\\\/#\\\/schema\\\/logo\\\/image\\\/\"},\"sameAs\":[\"https:\\\/\\\/www.facebook.com\\\/dolomitifriulane\",\"https:\\\/\\\/x.com\\\/parcoDF\",\"https:\\\/\\\/www.instagram.com\\\/dolomitifriulane\\\/\",\"https:\\\/\\\/www.youtube.com\\\/user\\\/DOLOMITIFRIULANEPARK\"]}]}<\/script>\n<!-- \/ Yoast SEO plugin. -->","yoast_head_json":{"title":"Osservare nel bosco | Parco Dolomiti Friulane","robots":{"index":"index","follow":"follow","max-snippet":"max-snippet:-1","max-image-preview":"max-image-preview:large","max-video-preview":"max-video-preview:-1"},"canonical":"https:\/\/www.parcodolomitifriulane.it\/en\/natura\/la-flora\/osservare-nel-bosco\/","og_locale":"en_GB","og_type":"article","og_title":"Osservare nel bosco | Parco Dolomiti Friulane","og_description":"OSSERVARE NEL BOSCO Home Il bosco nasconde in s\u00e9 numerosi segreti ed \u00e8 uno degli ecosistemi pi\u00f9 complessi che possiamo trovare in natura. Passeggiando nel bosco [\u2026]","og_url":"https:\/\/www.parcodolomitifriulane.it\/en\/natura\/la-flora\/osservare-nel-bosco\/","og_site_name":"Parco Dolomiti Friulane","article_publisher":"https:\/\/www.facebook.com\/dolomitifriulane","article_modified_time":"2023-05-04T10:40:49+00:00","og_image":[{"width":2004,"height":1023,"url":"https:\/\/www.parcodolomitifriulane.it\/wp-content\/uploads\/2022\/03\/Immagine-14.jpg","type":"image\/jpeg"}],"twitter_card":"summary_large_image","twitter_site":"@parcoDF","twitter_misc":{"Estimated reading time":"5 minutes"},"schema":{"@context":"https:\/\/schema.org","@graph":[{"@type":"WebPage","@id":"https:\/\/www.parcodolomitifriulane.it\/natura\/la-flora\/osservare-nel-bosco\/","url":"https:\/\/www.parcodolomitifriulane.it\/natura\/la-flora\/osservare-nel-bosco\/","name":"Osservare nel bosco | Parco Dolomiti Friulane","isPartOf":{"@id":"https:\/\/www.parcodolomitifriulane.it\/#website"},"primaryImageOfPage":{"@id":"https:\/\/www.parcodolomitifriulane.it\/natura\/la-flora\/osservare-nel-bosco\/#primaryimage"},"image":{"@id":"https:\/\/www.parcodolomitifriulane.it\/natura\/la-flora\/osservare-nel-bosco\/#primaryimage"},"thumbnailUrl":"https:\/\/www.parcodolomitifriulane.it\/wp-content\/uploads\/2022\/03\/Immagine-14.jpg","datePublished":"2022-06-21T13:45:44+00:00","dateModified":"2023-05-04T10:40:49+00:00","breadcrumb":{"@id":"https:\/\/www.parcodolomitifriulane.it\/natura\/la-flora\/osservare-nel-bosco\/#breadcrumb"},"inLanguage":"en-GB","potentialAction":[{"@type":"ReadAction","target":["https:\/\/www.parcodolomitifriulane.it\/natura\/la-flora\/osservare-nel-bosco\/"]}]},{"@type":"ImageObject","inLanguage":"en-GB","@id":"https:\/\/www.parcodolomitifriulane.it\/natura\/la-flora\/osservare-nel-bosco\/#primaryimage","url":"https:\/\/www.parcodolomitifriulane.it\/wp-content\/uploads\/2022\/03\/Immagine-14.jpg","contentUrl":"https:\/\/www.parcodolomitifriulane.it\/wp-content\/uploads\/2022\/03\/Immagine-14.jpg","width":2004,"height":1023},{"@type":"BreadcrumbList","@id":"https:\/\/www.parcodolomitifriulane.it\/natura\/la-flora\/osservare-nel-bosco\/#breadcrumb","itemListElement":[{"@type":"ListItem","position":1,"name":"Home","item":"https:\/\/www.parcodolomitifriulane.it\/"},{"@type":"ListItem","position":2,"name":"Natura","item":"https:\/\/www.parcodolomitifriulane.it\/natura\/"},{"@type":"ListItem","position":3,"name":"La flora","item":"https:\/\/www.parcodolomitifriulane.it\/natura\/la-flora\/"},{"@type":"ListItem","position":4,"name":"Osservare nel bosco"}]},{"@type":"WebSite","@id":"https:\/\/www.parcodolomitifriulane.it\/#website","url":"https:\/\/www.parcodolomitifriulane.it\/","name":"Parco Dolomiti Friulane","description":"Tutto Straordinariamente Emoz","publisher":{"@id":"https:\/\/www.parcodolomitifriulane.it\/#organization"},"potentialAction":[{"@type":"SearchAction","target":{"@type":"EntryPoint","urlTemplate":"https:\/\/www.parcodolomitifriulane.it\/?s={search_term_string}"},"query-input":{"@type":"PropertyValueSpecification","valueRequired":true,"valueName":"search_term_string"}}],"inLanguage":"en-GB"},{"@type":"Organization","@id":"https:\/\/www.parcodolomitifriulane.it\/#organization","name":"Parco Dolomiti Friulane","url":"https:\/\/www.parcodolomitifriulane.it\/","logo":{"@type":"ImageObject","inLanguage":"en-GB","@id":"https:\/\/www.parcodolomitifriulane.it\/#\/schema\/logo\/image\/","url":"https:\/\/www.parcodolomitifriulane.it\/wp-content\/uploads\/2022\/06\/cropped-logo-1.png","contentUrl":"https:\/\/www.parcodolomitifriulane.it\/wp-content\/uploads\/2022\/06\/cropped-logo-1.png","width":4685,"height":2773,"caption":"Parco Dolomiti Friulane"},"image":{"@id":"https:\/\/www.parcodolomitifriulane.it\/#\/schema\/logo\/image\/"},"sameAs":["https:\/\/www.facebook.com\/dolomitifriulane","https:\/\/x.com\/parcoDF","https:\/\/www.instagram.com\/dolomitifriulane\/","https:\/\/www.youtube.com\/user\/DOLOMITIFRIULANEPARK"]}]}},"_links":{"self":[{"href":"https:\/\/www.parcodolomitifriulane.it\/en\/wp-json\/wp\/v2\/pages\/728","targetHints":{"allow":["GET"]}}],"collection":[{"href":"https:\/\/www.parcodolomitifriulane.it\/en\/wp-json\/wp\/v2\/pages"}],"about":[{"href":"https:\/\/www.parcodolomitifriulane.it\/en\/wp-json\/wp\/v2\/types\/page"}],"author":[{"embeddable":true,"href":"https:\/\/www.parcodolomitifriulane.it\/en\/wp-json\/wp\/v2\/users\/7"}],"replies":[{"embeddable":true,"href":"https:\/\/www.parcodolomitifriulane.it\/en\/wp-json\/wp\/v2\/comments?post=728"}],"version-history":[{"count":0,"href":"https:\/\/www.parcodolomitifriulane.it\/en\/wp-json\/wp\/v2\/pages\/728\/revisions"}],"up":[{"embeddable":true,"href":"https:\/\/www.parcodolomitifriulane.it\/en\/wp-json\/wp\/v2\/pages\/647"}],"wp:featuredmedia":[{"embeddable":true,"href":"https:\/\/www.parcodolomitifriulane.it\/en\/wp-json\/wp\/v2\/media\/200"}],"wp:attachment":[{"href":"https:\/\/www.parcodolomitifriulane.it\/en\/wp-json\/wp\/v2\/media?parent=728"}],"curies":[{"name":"wp","href":"https:\/\/api.w.org\/{rel}","templated":true}]}}